{"id":24390,"date":"2026-02-04T01:37:13","date_gmt":"2026-02-03T22:37:13","guid":{"rendered":"https:\/\/a-pant.ee\/product\/akkumulyatornaya-udarnaya-drel-milwaukee-m18-fpd\/"},"modified":"2026-02-22T12:39:31","modified_gmt":"2026-02-22T09:39:31","slug":"akkumulyatornaya-udarnaya-drel-milwaukee-m18-fpd-aku-40ach","status":"publish","type":"product","link":"https:\/\/a-pant.ee\/ru\/product\/akkumulyatornaya-udarnaya-drel-milwaukee-m18-fpd-aku-40ach\/","title":{"rendered":"\u0410\u043a\u043a\u0443\u043c\u0443\u043b\u044f\u0442\u043e\u0440\u043d\u0430\u044f \u0423\u0434\u0430\u0440\u043d\u0430\u044f \u0414\u0440\u0435\u043b\u044c Milwaukee M18 FPD + \u0410\u043a\u0443 4,0\u0410\u0447"},"content":{"rendered":"\n<p> \u00a0Akul\u00f6\u00f6ktrell Milwaukee M18 FPD + Aku 4,0Ah\u00a0, heas seisu- ja t\u00f6\u00f6korras! <\/p><p> KIRJELDUS <\/p><p> Aku pinge 18 V <br \/> Maksimaalne p\u00f6\u00f6rdemoment <br \/> 135 Nm <br \/> Max puuri l\u00e4bim\u00f5\u00f5t (puit) <br \/> 65 mm <br \/> Max puuri l\u00e4bim\u00f5\u00f5t (metall) <br \/> 16 mm <br \/> Kaal <br \/> 2,1 kg <br \/> M18 FUEL akus\u00fcsteem <br \/> Disain sisaldab t\u00e4iendavat k\u00e4epidet, pro\u017eektorit <br \/> Max puurimise l\u00e4bim\u00f5\u00f5t (betoon) <br \/> 13 mm <br \/> Padruni l\u00e4bim\u00f5\u00f5t 13 mm <br \/> Vastupidised funktsioonid <br \/> V\u00f5tmeta padruni t\u00fc\u00fcp <br \/> Max t\u00fchik\u00e4igu kiirus 2000 p\/min <\/p>\n","protected":false},"excerpt":{"rendered":"<p>\u00a0Akul\u00f6\u00f6ktrell Milwaukee M18 FPD + Aku 4,0Ah\u00a0, heas seisu- ja t\u00f6\u00f6korras! KIRJELDUS Aku pinge 18 V Maksimaalne p\u00f6\u00f6rdemoment 135 Nm Max puuri l\u00e4bim\u00f5\u00f5t (puit) 65 mm Max puuri l\u00e4bim\u00f5\u00f5t (metall) 16 mm Kaal 2,1 kg M18 FUEL akus\u00fcsteem Disain sisaldab t\u00e4iendavat k\u00e4epidet, pro\u017eektorit Max puurimise l\u00e4bim\u00f5\u00f5t (betoon) 13 mm Padruni l\u00e4bim\u00f5\u00f5t 13 mm Vastupidised funktsioonid [&hellip;]<\/p>\n","protected":false},"featured_media":24391,"comment_status":"closed","ping_status":"open","template":"","meta":{"inline_featured_image":false},"product_brand":[],"product_cat":[221],"product_tag":[],"class_list":{"0":"post-24390","1":"product","2":"type-product","3":"status-publish","4":"has-post-thumbnail","6":"product_cat-akkumulyatornye-dreli","7":"pa_asukoht-lasnamae","8":"pa_seisukord-ispolzovano","10":"first","11":"instock","12":"taxable","13":"shipping-taxable","14":"purchasable","15":"product-type-simple"},"_links":{"self":[{"href":"https:\/\/a-pant.ee\/ru\/wp-json\/wp\/v2\/product\/24390","targetHints":{"allow":["GET"]}}],"collection":[{"href":"https:\/\/a-pant.ee\/ru\/wp-json\/wp\/v2\/product"}],"about":[{"href":"https:\/\/a-pant.ee\/ru\/wp-json\/wp\/v2\/types\/product"}],"replies":[{"embeddable":true,"href":"https:\/\/a-pant.ee\/ru\/wp-json\/wp\/v2\/comments?post=24390"}],"wp:featuredmedia":[{"embeddable":true,"href":"https:\/\/a-pant.ee\/ru\/wp-json\/wp\/v2\/media\/24391"}],"wp:attachment":[{"href":"https:\/\/a-pant.ee\/ru\/wp-json\/wp\/v2\/media?parent=24390"}],"wp:term":[{"taxonomy":"product_brand","embeddable":true,"href":"https:\/\/a-pant.ee\/ru\/wp-json\/wp\/v2\/product_brand?post=24390"},{"taxonomy":"product_cat","embeddable":true,"href":"https:\/\/a-pant.ee\/ru\/wp-json\/wp\/v2\/product_cat?post=24390"},{"taxonomy":"product_tag","embeddable":true,"href":"https:\/\/a-pant.ee\/ru\/wp-json\/wp\/v2\/product_tag?post=24390"}],"curies":[{"name":"wp","href":"https:\/\/api.w.org\/{rel}","templated":true}]}}