{"id":24382,"date":"2026-02-04T01:37:13","date_gmt":"2026-02-03T22:37:13","guid":{"rendered":"https:\/\/a-pant.ee\/product\/akkumulyatornyy-perforator-milwaukee-m18-chx\/"},"modified":"2026-02-22T12:39:31","modified_gmt":"2026-02-22T09:39:31","slug":"akkumulyatornyj-perforator-milwaukee-m18-chx-batareya-50-a","status":"publish","type":"product","link":"https:\/\/a-pant.ee\/ru\/product\/akkumulyatornyj-perforator-milwaukee-m18-chx-batareya-50-a\/","title":{"rendered":"\u0410\u043a\u043a\u0443\u043c\u0443\u043b\u044f\u0442\u043e\u0440\u043d\u044b\u0439 \u043f\u0435\u0440\u0444\u043e\u0440\u0430\u0442\u043e\u0440 Milwaukee M18 CHX + \u0431\u0430\u0442\u0430\u0440\u0435\u044f 5,0 A"},"content":{"rendered":"\n<p> \u00a0Akupuurvasar Milwaukee M18 CHX + aku 5,0 AH\u00a0, heas seisu- ja t\u00f6\u00f6korras! <\/p><p> KIRJELDUS <\/p><p> Maks betoonipuuri m\u00f5\u00f5t (mm): 26 <br \/> Maks metallipuuri m\u00f5\u00f5t (mm): 13 <br \/> Maks puidupuuri m\u00f5\u00f5t (mm): 30 <br \/> Meiseldamine (m\/s\u00b2): 9.5 <br \/> Meiseldamisel esineva vibratsiooni m\u00e4\u00e4ramatus (m\/s\u00b2) : 1.5 <br \/> Optimaalne puuri l\u00e4bim\u00f5\u00f5t betoonis (mm) \u00f8 6 &#8212; 20 <br \/> Pinge (V) 18 <br \/> Puurimisel esinev vibratsioon (m\/s\u00b2): 8.9 <br \/> Suurim l\u00f6\u00f6gisagedus (l\/min): 0 &#8212; 4900 <br \/> T\u00fchik\u00e4igup\u00f6\u00f6rded (p\/min): 0 &#8212; 1400 <\/p>\n","protected":false},"excerpt":{"rendered":"<p>\u00a0Akupuurvasar Milwaukee M18 CHX + aku 5,0 AH\u00a0, heas seisu- ja t\u00f6\u00f6korras! KIRJELDUS Maks betoonipuuri m\u00f5\u00f5t (mm): 26 Maks metallipuuri m\u00f5\u00f5t (mm): 13 Maks puidupuuri m\u00f5\u00f5t (mm): 30 Meiseldamine (m\/s\u00b2): 9.5 Meiseldamisel esineva vibratsiooni m\u00e4\u00e4ramatus (m\/s\u00b2) : 1.5 Optimaalne puuri l\u00e4bim\u00f5\u00f5t betoonis (mm) \u00f8 6 &#8212; 20 Pinge (V) 18 Puurimisel esinev vibratsioon (m\/s\u00b2): 8.9 [&hellip;]<\/p>\n","protected":false},"featured_media":24383,"comment_status":"closed","ping_status":"open","template":"","meta":{"inline_featured_image":false},"product_brand":[],"product_cat":[239],"product_tag":[],"class_list":{"0":"post-24382","1":"product","2":"type-product","3":"status-publish","4":"has-post-thumbnail","6":"product_cat-perforatory-i-dreli","7":"pa_asukoht-lasnamae","8":"pa_seisukord-ispolzovano","10":"first","11":"instock","12":"taxable","13":"shipping-taxable","14":"purchasable","15":"product-type-simple"},"_links":{"self":[{"href":"https:\/\/a-pant.ee\/ru\/wp-json\/wp\/v2\/product\/24382","targetHints":{"allow":["GET"]}}],"collection":[{"href":"https:\/\/a-pant.ee\/ru\/wp-json\/wp\/v2\/product"}],"about":[{"href":"https:\/\/a-pant.ee\/ru\/wp-json\/wp\/v2\/types\/product"}],"replies":[{"embeddable":true,"href":"https:\/\/a-pant.ee\/ru\/wp-json\/wp\/v2\/comments?post=24382"}],"wp:featuredmedia":[{"embeddable":true,"href":"https:\/\/a-pant.ee\/ru\/wp-json\/wp\/v2\/media\/24383"}],"wp:attachment":[{"href":"https:\/\/a-pant.ee\/ru\/wp-json\/wp\/v2\/media?parent=24382"}],"wp:term":[{"taxonomy":"product_brand","embeddable":true,"href":"https:\/\/a-pant.ee\/ru\/wp-json\/wp\/v2\/product_brand?post=24382"},{"taxonomy":"product_cat","embeddable":true,"href":"https:\/\/a-pant.ee\/ru\/wp-json\/wp\/v2\/product_cat?post=24382"},{"taxonomy":"product_tag","embeddable":true,"href":"https:\/\/a-pant.ee\/ru\/wp-json\/wp\/v2\/product_tag?post=24382"}],"curies":[{"name":"wp","href":"https:\/\/api.w.org\/{rel}","templated":true}]}}