{"id":24363,"date":"2026-02-04T01:37:13","date_gmt":"2026-02-03T22:37:13","guid":{"rendered":"https:\/\/a-pant.ee\/product\/robot-pylesos-xiaomi-e10\/"},"modified":"2026-02-22T12:39:30","modified_gmt":"2026-02-22T09:39:30","slug":"robot-pylesos-xiaomi-robot-vacuum-e10-korobka-zaryadka","status":"publish","type":"product","link":"https:\/\/a-pant.ee\/ru\/product\/robot-pylesos-xiaomi-robot-vacuum-e10-korobka-zaryadka\/","title":{"rendered":"\u0420\u043e\u0431\u043e\u0442-\u043f\u044b\u043b\u0435\u0441\u043e\u0441 Xiaomi Robot Vacuum E10 + \u041a\u043e\u0440\u043e\u0431\u043a\u0430 + \u0417\u0430\u0440\u044f\u0434\u043a\u0430"},"content":{"rendered":"\n<p> Robot tolmuimeja Xiaomi Robot Vacuum E10 + Karp + Laadija,\u00a0heas seisu- ja t\u00f6\u00f6korras! <\/p><p> KIRJELDUS <\/p><p> Puhastuse t\u00fc\u00fcp <br \/> m\u00e4rg, kuiv, kuiv\/m\u00e4rg <br \/> Konteineri t\u00fc\u00fcp <br \/> tolmu\/vee jaoks <br \/> Tolmumahuti maht <br \/> 0,4 l <br \/> Veemahuti maht <br \/> 0,2 l <br \/> Kaasas <br \/> k\u00fcljehari, turbohari, universaalne m\u00e4rgpuhastuse otsik, robottolmuimeja, p\u00f5hihari, vee- ja tolmumahuti, k\u00fclghari, dokkimisjaam, juhised <br \/> Aku t\u00f6\u00f6 <br \/> kuni 110 min <br \/> Nutitelefoni juhtimine <br \/> Jah <\/p>\n","protected":false},"excerpt":{"rendered":"<p>Robot tolmuimeja Xiaomi Robot Vacuum E10 + Karp + Laadija,\u00a0heas seisu- ja t\u00f6\u00f6korras! KIRJELDUS Puhastuse t\u00fc\u00fcp m\u00e4rg, kuiv, kuiv\/m\u00e4rg Konteineri t\u00fc\u00fcp tolmu\/vee jaoks Tolmumahuti maht 0,4 l Veemahuti maht 0,2 l Kaasas k\u00fcljehari, turbohari, universaalne m\u00e4rgpuhastuse otsik, robottolmuimeja, p\u00f5hihari, vee- ja tolmumahuti, k\u00fclghari, dokkimisjaam, juhised Aku t\u00f6\u00f6 kuni 110 min Nutitelefoni juhtimine Jah<\/p>\n","protected":false},"featured_media":24364,"comment_status":"closed","ping_status":"open","template":"","meta":{"inline_featured_image":false},"product_brand":[],"product_cat":[166],"product_tag":[],"class_list":{"0":"post-24363","1":"product","2":"type-product","3":"status-publish","4":"has-post-thumbnail","6":"product_cat-bytovaya-tehnika","7":"pa_asukoht-mustamae","8":"pa_seisukord-ispolzovano","10":"first","11":"instock","12":"taxable","13":"shipping-taxable","14":"purchasable","15":"product-type-simple"},"_links":{"self":[{"href":"https:\/\/a-pant.ee\/ru\/wp-json\/wp\/v2\/product\/24363","targetHints":{"allow":["GET"]}}],"collection":[{"href":"https:\/\/a-pant.ee\/ru\/wp-json\/wp\/v2\/product"}],"about":[{"href":"https:\/\/a-pant.ee\/ru\/wp-json\/wp\/v2\/types\/product"}],"replies":[{"embeddable":true,"href":"https:\/\/a-pant.ee\/ru\/wp-json\/wp\/v2\/comments?post=24363"}],"wp:featuredmedia":[{"embeddable":true,"href":"https:\/\/a-pant.ee\/ru\/wp-json\/wp\/v2\/media\/24364"}],"wp:attachment":[{"href":"https:\/\/a-pant.ee\/ru\/wp-json\/wp\/v2\/media?parent=24363"}],"wp:term":[{"taxonomy":"product_brand","embeddable":true,"href":"https:\/\/a-pant.ee\/ru\/wp-json\/wp\/v2\/product_brand?post=24363"},{"taxonomy":"product_cat","embeddable":true,"href":"https:\/\/a-pant.ee\/ru\/wp-json\/wp\/v2\/product_cat?post=24363"},{"taxonomy":"product_tag","embeddable":true,"href":"https:\/\/a-pant.ee\/ru\/wp-json\/wp\/v2\/product_tag?post=24363"}],"curies":[{"name":"wp","href":"https:\/\/api.w.org\/{rel}","templated":true}]}}