{"id":24350,"date":"2026-02-04T01:37:13","date_gmt":"2026-02-03T22:37:13","guid":{"rendered":"https:\/\/a-pant.ee\/product\/trimmer-stihl-fs-50-c\/"},"modified":"2026-02-22T12:39:30","modified_gmt":"2026-02-22T09:39:30","slug":"trimmer-stihl-model-fs-50-c","status":"publish","type":"product","link":"https:\/\/a-pant.ee\/ru\/product\/trimmer-stihl-model-fs-50-c\/","title":{"rendered":"\u0422\u0440\u0438\u043c\u043c\u0435\u0440 Stihl \u043c\u043e\u0434\u0435\u043b\u044c FS 50\/C"},"content":{"rendered":"\n<p> Trimmer Stihl mudel FS 50\/C, heas seisu- ja t\u00f6\u00f6korras! <\/p><p> KIRJELDUS <\/p><p> Kaal, kg 4,5 <br \/> Joone l\u00e4bim\u00f5\u00f5t, mm2 <br \/> Veov\u00f5ll painduv <br \/> Aas\/kaare k\u00e4epide <br \/> K\u00f5ver varras <br \/> L\u00f5ikeketta l\u00e4bim\u00f5\u00f5t, mm 420 <br \/> K\u00fctusepaagi maht, l 0,34 <br \/> V\u00f5imsus hj 1.1 <br \/> V\u00f5imsus, kW 0,8 <br \/> Kogupikkus, 14500 cm <br \/> Silindri t\u00f6\u00f6maht, cm\u00b3 27,2 <br \/> L\u00f5iket\u00f6\u00f6riist AutoCut C5-2 <br \/> Mootori t\u00fc\u00fcp 2-taktiline <br \/> Vibratsioonitase vasakul\/paremal, m\/s\u00b2 0,6\/0,5 <br \/> Helir\u00f5hutase, dB(A) 93 <br \/> Heliv\u00f5imsuse tase, dB(A) 103 <br \/> Kiirus Pmax juures 8500 p\/min <br \/> L\u00f5ikelaius, 50 cm <\/p>\n","protected":false},"excerpt":{"rendered":"<p>Trimmer Stihl mudel FS 50\/C, heas seisu- ja t\u00f6\u00f6korras! KIRJELDUS Kaal, kg 4,5 Joone l\u00e4bim\u00f5\u00f5t, mm2 Veov\u00f5ll painduv Aas\/kaare k\u00e4epide K\u00f5ver varras L\u00f5ikeketta l\u00e4bim\u00f5\u00f5t, mm 420 K\u00fctusepaagi maht, l 0,34 V\u00f5imsus hj 1.1 V\u00f5imsus, kW 0,8 Kogupikkus, 14500 cm Silindri t\u00f6\u00f6maht, cm\u00b3 27,2 L\u00f5iket\u00f6\u00f6riist AutoCut C5-2 Mootori t\u00fc\u00fcp 2-taktiline Vibratsioonitase vasakul\/paremal, m\/s\u00b2 0,6\/0,5 Helir\u00f5hutase, dB(A) [&hellip;]<\/p>\n","protected":false},"featured_media":24351,"comment_status":"closed","ping_status":"closed","template":"","meta":{"inline_featured_image":false},"product_brand":[],"product_cat":[220],"product_tag":[],"class_list":{"0":"post-24350","1":"product","2":"type-product","3":"status-publish","4":"has-post-thumbnail","6":"product_cat-sadovye-instrumenty","7":"product_shipping_class-oversize","8":"pa_asukoht-mustamae","9":"pa_seisukord-ispolzovano","11":"first","12":"instock","13":"taxable","14":"shipping-taxable","15":"purchasable","16":"product-type-simple"},"_links":{"self":[{"href":"https:\/\/a-pant.ee\/ru\/wp-json\/wp\/v2\/product\/24350","targetHints":{"allow":["GET"]}}],"collection":[{"href":"https:\/\/a-pant.ee\/ru\/wp-json\/wp\/v2\/product"}],"about":[{"href":"https:\/\/a-pant.ee\/ru\/wp-json\/wp\/v2\/types\/product"}],"replies":[{"embeddable":true,"href":"https:\/\/a-pant.ee\/ru\/wp-json\/wp\/v2\/comments?post=24350"}],"wp:featuredmedia":[{"embeddable":true,"href":"https:\/\/a-pant.ee\/ru\/wp-json\/wp\/v2\/media\/24351"}],"wp:attachment":[{"href":"https:\/\/a-pant.ee\/ru\/wp-json\/wp\/v2\/media?parent=24350"}],"wp:term":[{"taxonomy":"product_brand","embeddable":true,"href":"https:\/\/a-pant.ee\/ru\/wp-json\/wp\/v2\/product_brand?post=24350"},{"taxonomy":"product_cat","embeddable":true,"href":"https:\/\/a-pant.ee\/ru\/wp-json\/wp\/v2\/product_cat?post=24350"},{"taxonomy":"product_tag","embeddable":true,"href":"https:\/\/a-pant.ee\/ru\/wp-json\/wp\/v2\/product_tag?post=24350"}],"curies":[{"name":"wp","href":"https:\/\/api.w.org\/{rel}","templated":true}]}}