{"id":24344,"date":"2026-02-04T01:37:13","date_gmt":"2026-02-03T22:37:13","guid":{"rendered":"https:\/\/a-pant.ee\/product\/elektricheskij-samokat-gpad-zaryadka\/"},"modified":"2026-02-22T12:39:30","modified_gmt":"2026-02-22T09:39:30","slug":"elektricheskij-samokat-gpad-zaryadka","status":"publish","type":"product","link":"https:\/\/a-pant.ee\/ru\/product\/elektricheskij-samokat-gpad-zaryadka\/","title":{"rendered":"\u042d\u043b\u0435\u043a\u0442\u0440\u0438\u0447\u0435\u0441\u043a\u0438\u0439 \u0421\u0430\u043c\u043e\u043a\u0430\u0442 GPAD + \u0437\u0430\u0440\u044f\u0434\u043a\u0430"},"content":{"rendered":"\n<p> \u00a0Elektriline T\u00f5ukeratas GPAD + laadija,\u00a0heas seisu- ja t\u00f6\u00f6korras! <\/p><p> L\u00e4bis\u00f5it 177 km <\/p><p> KIRJELDUS <\/p><p> TOP-SPEED <\/p><p> 25 <\/p><p> TOP-SPEED-LIMITED <\/p><p> 25 <\/p><p> MAX-LOAD-CAP <\/p><p> 100 <\/p><p> TYRE-SIZE-INCH <\/p><p> 6.5 <\/p><p> TYRE-SIZE-CM <\/p><p> 16 <\/p><p> TYRE-TYPE <\/p><p> Solid <\/p><p> DRIVING-WHEEL <\/p><p> Front <\/p><p> MOTOR-POWER <\/p><p> 250 <\/p><p> BATTERY-VOLT <\/p><p> 24 <\/p><p> BATTERY-AMPS <\/p><p> 6 <\/p><p> BATTERY-CAP <\/p><p> 144 <\/p><p> BATTERY-TYPE <\/p><p> Li-ion <\/p>\n","protected":false},"excerpt":{"rendered":"<p>\u00a0Elektriline T\u00f5ukeratas GPAD + laadija,\u00a0heas seisu- ja t\u00f6\u00f6korras! L\u00e4bis\u00f5it 177 km KIRJELDUS TOP-SPEED 25 TOP-SPEED-LIMITED 25 MAX-LOAD-CAP 100 TYRE-SIZE-INCH 6.5 TYRE-SIZE-CM 16 TYRE-TYPE Solid DRIVING-WHEEL Front MOTOR-POWER 250 BATTERY-VOLT 24 BATTERY-AMPS 6 BATTERY-CAP 144 BATTERY-TYPE Li-ion<\/p>\n","protected":false},"featured_media":24345,"comment_status":"closed","ping_status":"closed","template":"","meta":{"inline_featured_image":false},"product_brand":[],"product_cat":[215],"product_tag":[],"class_list":{"0":"post-24344","1":"product","2":"type-product","3":"status-publish","4":"has-post-thumbnail","6":"product_cat-elektricheskie-samokaty","7":"product_shipping_class-oversize","8":"pa_asukoht-mustamae","9":"pa_seisukord-ispolzovano","11":"first","12":"outofstock","13":"taxable","14":"shipping-taxable","15":"purchasable","16":"product-type-simple"},"_links":{"self":[{"href":"https:\/\/a-pant.ee\/ru\/wp-json\/wp\/v2\/product\/24344","targetHints":{"allow":["GET"]}}],"collection":[{"href":"https:\/\/a-pant.ee\/ru\/wp-json\/wp\/v2\/product"}],"about":[{"href":"https:\/\/a-pant.ee\/ru\/wp-json\/wp\/v2\/types\/product"}],"replies":[{"embeddable":true,"href":"https:\/\/a-pant.ee\/ru\/wp-json\/wp\/v2\/comments?post=24344"}],"wp:featuredmedia":[{"embeddable":true,"href":"https:\/\/a-pant.ee\/ru\/wp-json\/wp\/v2\/media\/24345"}],"wp:attachment":[{"href":"https:\/\/a-pant.ee\/ru\/wp-json\/wp\/v2\/media?parent=24344"}],"wp:term":[{"taxonomy":"product_brand","embeddable":true,"href":"https:\/\/a-pant.ee\/ru\/wp-json\/wp\/v2\/product_brand?post=24344"},{"taxonomy":"product_cat","embeddable":true,"href":"https:\/\/a-pant.ee\/ru\/wp-json\/wp\/v2\/product_cat?post=24344"},{"taxonomy":"product_tag","embeddable":true,"href":"https:\/\/a-pant.ee\/ru\/wp-json\/wp\/v2\/product_tag?post=24344"}],"curies":[{"name":"wp","href":"https:\/\/api.w.org\/{rel}","templated":true}]}}