{"id":24338,"date":"2026-02-04T01:37:13","date_gmt":"2026-02-03T22:37:13","guid":{"rendered":"https:\/\/a-pant.ee\/product\/komplekt-klyuchey-i-nasadok-stels-auto-96-sht\/"},"modified":"2026-02-22T12:39:29","modified_gmt":"2026-02-22T09:39:29","slug":"komplekt-klyuchej-i-nasadok-stels-auto-96-sht","status":"publish","type":"product","link":"https:\/\/a-pant.ee\/ru\/product\/komplekt-klyuchej-i-nasadok-stels-auto-96-sht\/","title":{"rendered":"\u041a\u043e\u043c\u043f\u043b\u0435\u043a\u0442 \u043a\u043b\u044e\u0447\u0435\u0439 \u0438 \u043d\u0430\u0441\u0430\u0434\u043e\u043a Stels Auto 96 \u0448\u0442"},"content":{"rendered":"\n<p> T\u00f6\u00f6riistakomplekt Stels Auto 96 set, heas seisu- ja t\u00f6\u00f6korras! <\/p><p> KIRJELDUS <\/p><p> Pakendi t\u00fc\u00fcp: plastkarp <\/p><p> Osade arv: 94 <\/p><p> Pikkus, mm: 395 <\/p><p> Laius, mm: 265 <\/p><p> K\u00f5rgus, mm: 95 <\/p><p> \u00dchendusruut 1\/2 &#187; <\/p><p> Pistikupesad (mm) <\/p><p> 21 mm, 32 mm, 30 mm, 27 mm, 24 mm, 23 mm, 22 mm, 20 mm, 19 mm, 18 mm, 17 mm, 16 mm, 15 mm, 14 mm, 13 mm, 12 mm, 11 mm, 10 mm <\/p><p> Pistikupesad s\u00fcgavad (mm) <\/p><p> 19 mm, 17 mm, 15 mm, 14 mm <\/p><p> K\u00fc\u00fcnlapead (mm) <\/p><p> 21 mm, 16 mm <\/p><p> Laiendused <\/p><p> 125 mm <\/p><p> Muud esemed 1\/2 &#187; <\/p><p> riiv, universaalliigend, T-k\u00e4epide <\/p><p> \u00dchendusruut 1\/4 &#187; <\/p><p> Pistikupesad (mm) <\/p><p> 12 mm, 14 mm, 5 mm, 4,5 mm, 13 mm, 11 mm, 10 mm, 9 mm, 8 mm, 7 mm, 6 mm, 5,5 mm, 4 mm <\/p><p> Pistikupesad s\u00fcgavad (mm) <\/p><p> 12mm, 13mm, 11mm, 9mm, 6mm, 10mm, 8mm, 7mm <\/p><p> Pead koos sisestusega <\/p><p> SL 5,5 mm, SL 7 mm, SL 4 mm, PZ2, PZ1, PH2, PH1, T10, T8, T15, H6, H5, H4, H3, T20, T30, T25 <\/p><p> Laiendused <\/p><p> 100 mm, 145 mm, 50 mm <\/p><p> Muud tooted 1\/4 &#187; <\/p><p> kardaanliigend, T-k\u00e4epide, riiv <\/p><p> Bitti <\/p><p> Kuueteistk\u00fcmnes bit <\/p><p> 14 mm, 12 mm, 10 mm, 8 mm <\/p><p> TORX Be <\/p><p> T50, T55, T45, T40 <\/p><p> Pesaajad (SL) <\/p><p> SL12, SL10, SL8 <\/p><p> Phillipsi Phillipsi kinnitused (PH) <\/p><p> PH4, PH3 <\/p><p> Pozi bitid (PZ) <\/p><p> PZ4, PZ3 <\/p><p> V\u00f5tmed <\/p><p> Nurga- \/ kuuskantv\u00f5tmed <\/p><p> 2,5 mm, 2 mm, 1,5 mm <\/p>\n","protected":false},"excerpt":{"rendered":"<p>T\u00f6\u00f6riistakomplekt Stels Auto 96 set, heas seisu- ja t\u00f6\u00f6korras! KIRJELDUS Pakendi t\u00fc\u00fcp: plastkarp Osade arv: 94 Pikkus, mm: 395 Laius, mm: 265 K\u00f5rgus, mm: 95 \u00dchendusruut 1\/2 &#187; Pistikupesad (mm) 21 mm, 32 mm, 30 mm, 27 mm, 24 mm, 23 mm, 22 mm, 20 mm, 19 mm, 18 mm, 17 mm, 16 mm, 15 [&hellip;]<\/p>\n","protected":false},"featured_media":24339,"comment_status":"closed","ping_status":"open","template":"","meta":{"inline_featured_image":false},"product_brand":[],"product_cat":[246],"product_tag":[],"class_list":{"0":"post-24338","1":"product","2":"type-product","3":"status-publish","4":"has-post-thumbnail","6":"product_cat-instrumenty-drugoe","7":"pa_asukoht-mustamae","8":"pa_seisukord-ispolzovano","10":"first","11":"instock","12":"taxable","13":"shipping-taxable","14":"purchasable","15":"product-type-simple"},"_links":{"self":[{"href":"https:\/\/a-pant.ee\/ru\/wp-json\/wp\/v2\/product\/24338","targetHints":{"allow":["GET"]}}],"collection":[{"href":"https:\/\/a-pant.ee\/ru\/wp-json\/wp\/v2\/product"}],"about":[{"href":"https:\/\/a-pant.ee\/ru\/wp-json\/wp\/v2\/types\/product"}],"replies":[{"embeddable":true,"href":"https:\/\/a-pant.ee\/ru\/wp-json\/wp\/v2\/comments?post=24338"}],"wp:featuredmedia":[{"embeddable":true,"href":"https:\/\/a-pant.ee\/ru\/wp-json\/wp\/v2\/media\/24339"}],"wp:attachment":[{"href":"https:\/\/a-pant.ee\/ru\/wp-json\/wp\/v2\/media?parent=24338"}],"wp:term":[{"taxonomy":"product_brand","embeddable":true,"href":"https:\/\/a-pant.ee\/ru\/wp-json\/wp\/v2\/product_brand?post=24338"},{"taxonomy":"product_cat","embeddable":true,"href":"https:\/\/a-pant.ee\/ru\/wp-json\/wp\/v2\/product_cat?post=24338"},{"taxonomy":"product_tag","embeddable":true,"href":"https:\/\/a-pant.ee\/ru\/wp-json\/wp\/v2\/product_tag?post=24338"}],"curies":[{"name":"wp","href":"https:\/\/api.w.org\/{rel}","templated":true}]}}