{"id":24313,"date":"2026-02-04T01:37:13","date_gmt":"2026-02-03T22:37:13","guid":{"rendered":"https:\/\/a-pant.ee\/product\/udarniy-shurupovert-makita-dtd146-2\/"},"modified":"2026-02-22T12:39:29","modified_gmt":"2026-02-22T09:39:29","slug":"udarnyj-shurupovert-makita-dtd146","status":"publish","type":"product","link":"https:\/\/a-pant.ee\/ru\/product\/udarnyj-shurupovert-makita-dtd146\/","title":{"rendered":"\u0423\u0434\u0430\u0440\u043d\u044b\u0439 \u0448\u0443\u0440\u0443\u043f\u043e\u0432\u0435\u0440\u0442 Makita DTD146"},"content":{"rendered":"\n<p> Akutrell Makita DTD146 + 5ah\u00a0, heas seisu- ja t\u00f6\u00f6korras! <\/p><p> T\u00f6\u00f6riista t\u00fc\u00fcpi l\u00f6\u00f6kdraiver <\/p><p> Natuke padrun t\u00fc\u00fcpi <\/p><p> T\u00f6\u00f6kiiruste arv 3 <\/p><p> Akutoitel <\/p><p> Max l\u00f6\u00f6kide arv minutis 3200 l\u00f6\u00f6ki\/min <\/p><p> Max t\u00fchik\u00e4igul 2300 p\/min <\/p><p> Maksimaalne p\u00f6\u00f6rdemoment 160 Nm <\/p><p> Omadused ja funktsioonid <\/p><p> Mootoripidur on olemas <\/p><p> Tagurdamise v\u00f5imalused, elektrooniline kiiruse reguleerimine <\/p><p> Aku <\/p><p> Aku pinge 18 V <\/p><p> Eemaldatav aku jah <\/p><p> Lisaks <\/p><p> M\u00f5\u00f5dud (PxK) 138&#215;238 mm <\/p><p> Kaal 1,4 kg <\/p>\n","protected":false},"excerpt":{"rendered":"<p>Akutrell Makita DTD146 + 5ah\u00a0, heas seisu- ja t\u00f6\u00f6korras! T\u00f6\u00f6riista t\u00fc\u00fcpi l\u00f6\u00f6kdraiver Natuke padrun t\u00fc\u00fcpi T\u00f6\u00f6kiiruste arv 3 Akutoitel Max l\u00f6\u00f6kide arv minutis 3200 l\u00f6\u00f6ki\/min Max t\u00fchik\u00e4igul 2300 p\/min Maksimaalne p\u00f6\u00f6rdemoment 160 Nm Omadused ja funktsioonid Mootoripidur on olemas Tagurdamise v\u00f5imalused, elektrooniline kiiruse reguleerimine Aku Aku pinge 18 V Eemaldatav aku jah Lisaks M\u00f5\u00f5dud (PxK) [&hellip;]<\/p>\n","protected":false},"featured_media":24314,"comment_status":"closed","ping_status":"open","template":"","meta":{"inline_featured_image":false},"product_brand":[],"product_cat":[221],"product_tag":[],"class_list":{"0":"post-24313","1":"product","2":"type-product","3":"status-publish","4":"has-post-thumbnail","6":"product_cat-akkumulyatornye-dreli","7":"pa_asukoht-mustamae","8":"pa_seisukord-ispolzovano","10":"first","11":"instock","12":"taxable","13":"shipping-taxable","14":"purchasable","15":"product-type-simple"},"_links":{"self":[{"href":"https:\/\/a-pant.ee\/ru\/wp-json\/wp\/v2\/product\/24313","targetHints":{"allow":["GET"]}}],"collection":[{"href":"https:\/\/a-pant.ee\/ru\/wp-json\/wp\/v2\/product"}],"about":[{"href":"https:\/\/a-pant.ee\/ru\/wp-json\/wp\/v2\/types\/product"}],"replies":[{"embeddable":true,"href":"https:\/\/a-pant.ee\/ru\/wp-json\/wp\/v2\/comments?post=24313"}],"wp:featuredmedia":[{"embeddable":true,"href":"https:\/\/a-pant.ee\/ru\/wp-json\/wp\/v2\/media\/24314"}],"wp:attachment":[{"href":"https:\/\/a-pant.ee\/ru\/wp-json\/wp\/v2\/media?parent=24313"}],"wp:term":[{"taxonomy":"product_brand","embeddable":true,"href":"https:\/\/a-pant.ee\/ru\/wp-json\/wp\/v2\/product_brand?post=24313"},{"taxonomy":"product_cat","embeddable":true,"href":"https:\/\/a-pant.ee\/ru\/wp-json\/wp\/v2\/product_cat?post=24313"},{"taxonomy":"product_tag","embeddable":true,"href":"https:\/\/a-pant.ee\/ru\/wp-json\/wp\/v2\/product_tag?post=24313"}],"curies":[{"name":"wp","href":"https:\/\/api.w.org\/{rel}","templated":true}]}}