{"id":24279,"date":"2026-02-04T01:34:11","date_gmt":"2026-02-03T22:34:11","guid":{"rendered":"https:\/\/a-pant.ee\/product\/lazer-kapro-872-chehol\/"},"modified":"2026-02-22T12:39:33","modified_gmt":"2026-02-22T09:39:33","slug":"lazer-kapro-872-chehol","status":"publish","type":"product","link":"https:\/\/a-pant.ee\/ru\/product\/lazer-kapro-872-chehol\/","title":{"rendered":"\u041b\u0430\u0437\u0435\u0440 Kapro 872 + \u0427\u0435\u0445\u043e\u043b"},"content":{"rendered":"\n<p> \u00a0Laser Kapro 872 + \u00dcmbrik\u00a0, heas seisu- ja t\u00f6\u00f6korras! <\/p><p> KIRJELDUS <\/p><p> laser <\/p><p> T\u00fc\u00fcp <\/p><p> 0,2 mm\/m <\/p><p> T\u00e4psus <\/p><p> 30 m <\/p><p> Ehitusvahemik ilma vastuv\u00f5tjata <\/p><p> 50 m <\/p><p> Ehitage vahemik koos vastuv\u00f5tjaga <\/p><p> keelake joondamine <\/p><p> Funktsioonid <\/p><p> 20 h <\/p><p> Pidev t\u00f6\u00f6aeg <\/p><p> Lennukite ehitamine <\/p><p> lineaarne <\/p><p> Laseri taseme t\u00fc\u00fcp <\/p><p> punane <\/p><p> Tala v\u00e4rv <\/p><p> 2 <\/p><p> Kiirte arv <\/p><p> 635 nm <\/p><p> Lainepikkus <\/p><p> 1 <\/p><p> Vertikaalsete joonte arv <\/p><p> 1 <\/p><p> Horisontaalsete joonte arv <\/p><p> 1 <\/p><p> Ristide arv (90\u00b0 nurk) <\/p><p> 1 <\/p><p> Prognoositud punktide arv <\/p><p> Seal on <\/p><p> Automaatne nivelleerimine <\/p><p> 5\u00b0 <\/p><p> Isetasanduv nurk <\/p><p> 2 <\/p><p> Laseri klass <\/p><p> Muud omadused <\/p><p> 1\/4&#8243;, 5\/8&#8243; <\/p><p> Statiivi niit <\/p><p> AAA (3 tk.) <\/p><p> Patareid <\/p>\n","protected":false},"excerpt":{"rendered":"<p>\u00a0Laser Kapro 872 + \u00dcmbrik\u00a0, heas seisu- ja t\u00f6\u00f6korras! KIRJELDUS laser T\u00fc\u00fcp 0,2 mm\/m T\u00e4psus 30 m Ehitusvahemik ilma vastuv\u00f5tjata 50 m Ehitage vahemik koos vastuv\u00f5tjaga keelake joondamine Funktsioonid 20 h Pidev t\u00f6\u00f6aeg Lennukite ehitamine lineaarne Laseri taseme t\u00fc\u00fcp punane Tala v\u00e4rv 2 Kiirte arv 635 nm Lainepikkus 1 Vertikaalsete joonte arv 1 Horisontaalsete joonte [&hellip;]<\/p>\n","protected":false},"featured_media":24280,"comment_status":"closed","ping_status":"open","template":"","meta":{"inline_featured_image":false},"product_brand":[],"product_cat":[232],"product_tag":[],"class_list":{"0":"post-24279","1":"product","2":"type-product","3":"status-publish","4":"has-post-thumbnail","6":"product_cat-lazernye-niveliry","7":"pa_asukoht-lasnamae","8":"pa_seisukord-ispolzovano","10":"first","11":"instock","12":"taxable","13":"shipping-taxable","14":"purchasable","15":"product-type-simple"},"_links":{"self":[{"href":"https:\/\/a-pant.ee\/ru\/wp-json\/wp\/v2\/product\/24279","targetHints":{"allow":["GET"]}}],"collection":[{"href":"https:\/\/a-pant.ee\/ru\/wp-json\/wp\/v2\/product"}],"about":[{"href":"https:\/\/a-pant.ee\/ru\/wp-json\/wp\/v2\/types\/product"}],"replies":[{"embeddable":true,"href":"https:\/\/a-pant.ee\/ru\/wp-json\/wp\/v2\/comments?post=24279"}],"wp:featuredmedia":[{"embeddable":true,"href":"https:\/\/a-pant.ee\/ru\/wp-json\/wp\/v2\/media\/24280"}],"wp:attachment":[{"href":"https:\/\/a-pant.ee\/ru\/wp-json\/wp\/v2\/media?parent=24279"}],"wp:term":[{"taxonomy":"product_brand","embeddable":true,"href":"https:\/\/a-pant.ee\/ru\/wp-json\/wp\/v2\/product_brand?post=24279"},{"taxonomy":"product_cat","embeddable":true,"href":"https:\/\/a-pant.ee\/ru\/wp-json\/wp\/v2\/product_cat?post=24279"},{"taxonomy":"product_tag","embeddable":true,"href":"https:\/\/a-pant.ee\/ru\/wp-json\/wp\/v2\/product_tag?post=24279"}],"curies":[{"name":"wp","href":"https:\/\/api.w.org\/{rel}","templated":true}]}}