{"id":24272,"date":"2026-02-04T01:34:11","date_gmt":"2026-02-03T22:34:11","guid":{"rendered":"https:\/\/a-pant.ee\/product\/akkumulyatornaya-drel-power-craft-69292\/"},"modified":"2026-02-22T12:39:33","modified_gmt":"2026-02-22T09:39:33","slug":"akkumulyatornaya-drel-power-craft-69292-zaryadka","status":"publish","type":"product","link":"https:\/\/a-pant.ee\/ru\/product\/akkumulyatornaya-drel-power-craft-69292-zaryadka\/","title":{"rendered":"\u0410\u043a\u043a\u0443\u043c\u0443\u043b\u044f\u0442\u043e\u0440\u043d\u0430\u044f \u0434\u0440\u0435\u043b\u044c Power Craft 69292 + \u0437\u0430\u0440\u044f\u0434\u043a\u0430"},"content":{"rendered":"\n<p> Akutrell Power Craft 69292 + laadija\u00a0, heas seisu- ja t\u00f6\u00f6korras! <\/p><p> KIRJELDUS <\/p><p> Aku pinge 18v 1,3Ah <\/p><p> P\u00f6\u00f6rdeid 0-550 p\/min <\/p><p> Padrun 10mm <\/p><p> Laadija 3-5t <\/p><p> LED valgustus kruvimisel <\/p>\n","protected":false},"excerpt":{"rendered":"<p>Akutrell Power Craft 69292 + laadija\u00a0, heas seisu- ja t\u00f6\u00f6korras! KIRJELDUS Aku pinge 18v 1,3Ah P\u00f6\u00f6rdeid 0-550 p\/min Padrun 10mm Laadija 3-5t LED valgustus kruvimisel<\/p>\n","protected":false},"featured_media":24273,"comment_status":"closed","ping_status":"open","template":"","meta":{"inline_featured_image":false},"product_brand":[],"product_cat":[221],"product_tag":[],"class_list":{"0":"post-24272","1":"product","2":"type-product","3":"status-publish","4":"has-post-thumbnail","6":"product_cat-akkumulyatornye-dreli","7":"pa_asukoht-lasnamae","8":"pa_seisukord-ispolzovano","10":"first","11":"instock","12":"taxable","13":"shipping-taxable","14":"purchasable","15":"product-type-simple"},"_links":{"self":[{"href":"https:\/\/a-pant.ee\/ru\/wp-json\/wp\/v2\/product\/24272","targetHints":{"allow":["GET"]}}],"collection":[{"href":"https:\/\/a-pant.ee\/ru\/wp-json\/wp\/v2\/product"}],"about":[{"href":"https:\/\/a-pant.ee\/ru\/wp-json\/wp\/v2\/types\/product"}],"replies":[{"embeddable":true,"href":"https:\/\/a-pant.ee\/ru\/wp-json\/wp\/v2\/comments?post=24272"}],"wp:featuredmedia":[{"embeddable":true,"href":"https:\/\/a-pant.ee\/ru\/wp-json\/wp\/v2\/media\/24273"}],"wp:attachment":[{"href":"https:\/\/a-pant.ee\/ru\/wp-json\/wp\/v2\/media?parent=24272"}],"wp:term":[{"taxonomy":"product_brand","embeddable":true,"href":"https:\/\/a-pant.ee\/ru\/wp-json\/wp\/v2\/product_brand?post=24272"},{"taxonomy":"product_cat","embeddable":true,"href":"https:\/\/a-pant.ee\/ru\/wp-json\/wp\/v2\/product_cat?post=24272"},{"taxonomy":"product_tag","embeddable":true,"href":"https:\/\/a-pant.ee\/ru\/wp-json\/wp\/v2\/product_tag?post=24272"}],"curies":[{"name":"wp","href":"https:\/\/api.w.org\/{rel}","templated":true}]}}