{"id":24266,"date":"2026-02-04T01:34:11","date_gmt":"2026-02-03T22:34:11","guid":{"rendered":"https:\/\/a-pant.ee\/product\/stabilizator-z-axis-dlya-osmo\/"},"modified":"2026-02-22T12:39:33","modified_gmt":"2026-02-22T09:39:33","slug":"stabilizator-z-axis-for-osmo-korobka","status":"publish","type":"product","link":"https:\/\/a-pant.ee\/ru\/product\/stabilizator-z-axis-for-osmo-korobka\/","title":{"rendered":"\u0421\u0442\u0430\u0431\u0438\u043b\u0438\u0437\u0430\u0442\u043e\u0440 Z-Axis for Osmo + \u043a\u043e\u0440\u043e\u0431\u043a\u0430"},"content":{"rendered":"\n<p> Stabilisaator Z-Axis for Osmo + karp\u00a0, heas seisu- ja t\u00f6\u00f6korras! <\/p><p> KIRJELDUS <\/p><p> DJI Osmo Z-telje stabilisaator on mehaaniline k\u00e4epikendus mis v\u00e4hendab soovimatut vertikaalset liikumist jooksmisest v\u00f5i k\u00f5ndimisest. Stabilisaator koos kaameraga kinnitub k\u00e4epideme otsa kiirelt ja mugavalt vaid \u00fche lihtsa liigutusega. Stabilisaatori asendit saab muuta peal oleva kruvi abil. Olles mehaanilise disainiga ei kuluta stabilisaator DJI Osmo akut. <\/p>\n","protected":false},"excerpt":{"rendered":"<p>Stabilisaator Z-Axis for Osmo + karp\u00a0, heas seisu- ja t\u00f6\u00f6korras! KIRJELDUS DJI Osmo Z-telje stabilisaator on mehaaniline k\u00e4epikendus mis v\u00e4hendab soovimatut vertikaalset liikumist jooksmisest v\u00f5i k\u00f5ndimisest. Stabilisaator koos kaameraga kinnitub k\u00e4epideme otsa kiirelt ja mugavalt vaid \u00fche lihtsa liigutusega. Stabilisaatori asendit saab muuta peal oleva kruvi abil. Olles mehaanilise disainiga ei kuluta stabilisaator DJI Osmo [&hellip;]<\/p>\n","protected":false},"featured_media":24267,"comment_status":"closed","ping_status":"open","template":"","meta":{"inline_featured_image":false},"product_brand":[],"product_cat":[163],"product_tag":[],"class_list":{"0":"post-24266","1":"product","2":"type-product","3":"status-publish","4":"has-post-thumbnail","6":"product_cat-fototehnika","7":"pa_asukoht-lasnamae","8":"pa_seisukord-ispolzovano","10":"first","11":"instock","12":"taxable","13":"shipping-taxable","14":"purchasable","15":"product-type-simple"},"_links":{"self":[{"href":"https:\/\/a-pant.ee\/ru\/wp-json\/wp\/v2\/product\/24266","targetHints":{"allow":["GET"]}}],"collection":[{"href":"https:\/\/a-pant.ee\/ru\/wp-json\/wp\/v2\/product"}],"about":[{"href":"https:\/\/a-pant.ee\/ru\/wp-json\/wp\/v2\/types\/product"}],"replies":[{"embeddable":true,"href":"https:\/\/a-pant.ee\/ru\/wp-json\/wp\/v2\/comments?post=24266"}],"wp:featuredmedia":[{"embeddable":true,"href":"https:\/\/a-pant.ee\/ru\/wp-json\/wp\/v2\/media\/24267"}],"wp:attachment":[{"href":"https:\/\/a-pant.ee\/ru\/wp-json\/wp\/v2\/media?parent=24266"}],"wp:term":[{"taxonomy":"product_brand","embeddable":true,"href":"https:\/\/a-pant.ee\/ru\/wp-json\/wp\/v2\/product_brand?post=24266"},{"taxonomy":"product_cat","embeddable":true,"href":"https:\/\/a-pant.ee\/ru\/wp-json\/wp\/v2\/product_cat?post=24266"},{"taxonomy":"product_tag","embeddable":true,"href":"https:\/\/a-pant.ee\/ru\/wp-json\/wp\/v2\/product_tag?post=24266"}],"curies":[{"name":"wp","href":"https:\/\/api.w.org\/{rel}","templated":true}]}}