{"id":24238,"date":"2026-02-04T01:34:11","date_gmt":"2026-02-03T22:34:11","guid":{"rendered":"https:\/\/a-pant.ee\/product\/rabochaya-led-lampa-brennenstuhl-multi-4000ma\/"},"modified":"2026-02-22T12:39:32","modified_gmt":"2026-02-22T09:39:32","slug":"rabochaya-led-lampa-brennenstuhl-multi-4000ma-aku-40ach","status":"publish","type":"product","link":"https:\/\/a-pant.ee\/ru\/product\/rabochaya-led-lampa-brennenstuhl-multi-4000ma-aku-40ach\/","title":{"rendered":"\u0420\u0430\u0431\u043e\u0447\u0430\u044f LED \u043b\u0430\u043c\u043f\u0430 Brennenstuhl Multi 4000MA + \u0410\u043a\u0443 4,0\u0410\u0447"},"content":{"rendered":"\n<p> T\u00f6\u00f6 LED lamp Brennenstuhl Multi 4000MA + Aku 4,0Ah, heas seisu- ja t\u00f6\u00f6korras! <\/p><p> KIRJELDUS <\/p><p> Korpuse materjal: metall <br \/> K\u00f5rgus: 24,50 cm <br \/> Pikkus: 15,50 cm <br \/> Kaal: 2,20 kg <br \/> Laius: 23,50 cm <br \/> Lambi t\u00fc\u00fcp: Pro\u017eektor <br \/> Valgusvoog: 4500 lm <br \/> Kaitseklass: III <br \/> Sisse\/v\u00e4lja l\u00fclitiga: <br \/> Kaitseaste (IP): IP65 <br \/> L\u00f6\u00f6gitugevus: IK08 <br \/> Pinge: 18 V <br \/> V\u00e4rvitemperatuur: 6500 K <br \/> Sisendpinge nimipinge: 18 V <\/p>\n","protected":false},"excerpt":{"rendered":"<p>T\u00f6\u00f6 LED lamp Brennenstuhl Multi 4000MA + Aku 4,0Ah, heas seisu- ja t\u00f6\u00f6korras! KIRJELDUS Korpuse materjal: metall K\u00f5rgus: 24,50 cm Pikkus: 15,50 cm Kaal: 2,20 kg Laius: 23,50 cm Lambi t\u00fc\u00fcp: Pro\u017eektor Valgusvoog: 4500 lm Kaitseklass: III Sisse\/v\u00e4lja l\u00fclitiga: Kaitseaste (IP): IP65 L\u00f6\u00f6gitugevus: IK08 Pinge: 18 V V\u00e4rvitemperatuur: 6500 K Sisendpinge nimipinge: 18 V<\/p>\n","protected":false},"featured_media":24239,"comment_status":"closed","ping_status":"open","template":"","meta":{"inline_featured_image":false},"product_brand":[],"product_cat":[223],"product_tag":[],"class_list":{"0":"post-24238","1":"product","2":"type-product","3":"status-publish","4":"has-post-thumbnail","6":"product_cat-vsyo-dlya-instrumenta","7":"pa_asukoht-lasnamae","8":"pa_seisukord-ispolzovano","10":"first","11":"instock","12":"taxable","13":"shipping-taxable","14":"purchasable","15":"product-type-simple"},"_links":{"self":[{"href":"https:\/\/a-pant.ee\/ru\/wp-json\/wp\/v2\/product\/24238","targetHints":{"allow":["GET"]}}],"collection":[{"href":"https:\/\/a-pant.ee\/ru\/wp-json\/wp\/v2\/product"}],"about":[{"href":"https:\/\/a-pant.ee\/ru\/wp-json\/wp\/v2\/types\/product"}],"replies":[{"embeddable":true,"href":"https:\/\/a-pant.ee\/ru\/wp-json\/wp\/v2\/comments?post=24238"}],"wp:featuredmedia":[{"embeddable":true,"href":"https:\/\/a-pant.ee\/ru\/wp-json\/wp\/v2\/media\/24239"}],"wp:attachment":[{"href":"https:\/\/a-pant.ee\/ru\/wp-json\/wp\/v2\/media?parent=24238"}],"wp:term":[{"taxonomy":"product_brand","embeddable":true,"href":"https:\/\/a-pant.ee\/ru\/wp-json\/wp\/v2\/product_brand?post=24238"},{"taxonomy":"product_cat","embeddable":true,"href":"https:\/\/a-pant.ee\/ru\/wp-json\/wp\/v2\/product_cat?post=24238"},{"taxonomy":"product_tag","embeddable":true,"href":"https:\/\/a-pant.ee\/ru\/wp-json\/wp\/v2\/product_tag?post=24238"}],"curies":[{"name":"wp","href":"https:\/\/api.w.org\/{rel}","templated":true}]}}