{"id":24228,"date":"2026-02-04T01:34:11","date_gmt":"2026-02-03T22:34:11","guid":{"rendered":"https:\/\/a-pant.ee\/product\/akkumulyatornaya-drel-wurth-bs-10-a\/"},"modified":"2026-02-22T12:39:32","modified_gmt":"2026-02-22T09:39:32","slug":"akkumulyatornaya-drel-wurth-bs-10-a-2-sht-akkumulyator-108-v-zaryadnoe-ustrojstvo-kejs","status":"publish","type":"product","link":"https:\/\/a-pant.ee\/ru\/product\/akkumulyatornaya-drel-wurth-bs-10-a-2-sht-akkumulyator-108-v-zaryadnoe-ustrojstvo-kejs\/","title":{"rendered":"\u0410\u043a\u043a\u0443\u043c\u0443\u043b\u044f\u0442\u043e\u0440\u043d\u0430\u044f \u0434\u0440\u0435\u043b\u044c W\u00fcrth bs 10-A +2 \u0448\u0442 \u0430\u043a\u043a\u0443\u043c\u0443\u043b\u044f\u0442\u043e\u0440 10,8 \u0412 + \u0437\u0430\u0440\u044f\u0434\u043d\u043e\u0435 \u0443\u0441\u0442\u0440\u043e\u0439\u0441\u0442\u0432\u043e + \u043a\u0435\u0439\u0441"},"content":{"rendered":"\n<p> Akutrell W\u00fcrth bs 10-A +2 tk aku10,8V + laadija + kohver\u00a0, heas seisu- ja t\u00f6\u00f6korras! <\/p><p> KIRJELDUS <\/p><p> Maksimaalne p\u00f6\u00f6rdemoment (kergel kasutamisel) 15 Nm. <br \/> Kinnitusulatus (min) 1mm <br \/> Kinnitusulatus (max.) 10mm <br \/> T\u00fchik\u00e4ik (1. k\u00e4ik) 400 p\/min. <br \/> T\u00fchik\u00e4ik (2. k\u00e4ik) 1300 p\/min. <br \/> Kruvi l\u00e4bim\u00f5\u00f5t (max.) 7mm <br \/> Puuri l\u00e4bim\u00f5\u00f5t puidus (max.) 19 mm <br \/> Maksimaalne p\u00f6\u00f6rdemoment (rasketel rakendustel) 30 Nm <\/p>\n","protected":false},"excerpt":{"rendered":"<p>Akutrell W\u00fcrth bs 10-A +2 tk aku10,8V + laadija + kohver\u00a0, heas seisu- ja t\u00f6\u00f6korras! KIRJELDUS Maksimaalne p\u00f6\u00f6rdemoment (kergel kasutamisel) 15 Nm. Kinnitusulatus (min) 1mm Kinnitusulatus (max.) 10mm T\u00fchik\u00e4ik (1. k\u00e4ik) 400 p\/min. T\u00fchik\u00e4ik (2. k\u00e4ik) 1300 p\/min. Kruvi l\u00e4bim\u00f5\u00f5t (max.) 7mm Puuri l\u00e4bim\u00f5\u00f5t puidus (max.) 19 mm Maksimaalne p\u00f6\u00f6rdemoment (rasketel rakendustel) 30 Nm<\/p>\n","protected":false},"featured_media":24229,"comment_status":"closed","ping_status":"open","template":"","meta":{"inline_featured_image":false},"product_brand":[],"product_cat":[221],"product_tag":[],"class_list":{"0":"post-24228","1":"product","2":"type-product","3":"status-publish","4":"has-post-thumbnail","6":"product_cat-akkumulyatornye-dreli","7":"pa_asukoht-lasnamae","8":"pa_seisukord-ispolzovano","10":"first","11":"instock","12":"taxable","13":"shipping-taxable","14":"purchasable","15":"product-type-simple"},"_links":{"self":[{"href":"https:\/\/a-pant.ee\/ru\/wp-json\/wp\/v2\/product\/24228","targetHints":{"allow":["GET"]}}],"collection":[{"href":"https:\/\/a-pant.ee\/ru\/wp-json\/wp\/v2\/product"}],"about":[{"href":"https:\/\/a-pant.ee\/ru\/wp-json\/wp\/v2\/types\/product"}],"replies":[{"embeddable":true,"href":"https:\/\/a-pant.ee\/ru\/wp-json\/wp\/v2\/comments?post=24228"}],"wp:featuredmedia":[{"embeddable":true,"href":"https:\/\/a-pant.ee\/ru\/wp-json\/wp\/v2\/media\/24229"}],"wp:attachment":[{"href":"https:\/\/a-pant.ee\/ru\/wp-json\/wp\/v2\/media?parent=24228"}],"wp:term":[{"taxonomy":"product_brand","embeddable":true,"href":"https:\/\/a-pant.ee\/ru\/wp-json\/wp\/v2\/product_brand?post=24228"},{"taxonomy":"product_cat","embeddable":true,"href":"https:\/\/a-pant.ee\/ru\/wp-json\/wp\/v2\/product_cat?post=24228"},{"taxonomy":"product_tag","embeddable":true,"href":"https:\/\/a-pant.ee\/ru\/wp-json\/wp\/v2\/product_tag?post=24228"}],"curies":[{"name":"wp","href":"https:\/\/api.w.org\/{rel}","templated":true}]}}