{"id":24223,"date":"2026-02-04T01:34:11","date_gmt":"2026-02-03T22:34:11","guid":{"rendered":"https:\/\/a-pant.ee\/product\/gibridnaya-panel-upravleniya-hikvision-ax-pro\/"},"modified":"2026-02-22T12:39:32","modified_gmt":"2026-02-22T09:39:32","slug":"gibridnaya-panel-upravleniya-hikvision-ax-pro-ds-pwa96-m2h-we","status":"publish","type":"product","link":"https:\/\/a-pant.ee\/ru\/product\/gibridnaya-panel-upravleniya-hikvision-ax-pro-ds-pwa96-m2h-we\/","title":{"rendered":"\u0413\u0438\u0431\u0440\u0438\u0434\u043d\u0430\u044f \u043f\u0430\u043d\u0435\u043b\u044c \u0443\u043f\u0440\u0430\u0432\u043b\u0435\u043d\u0438\u044f Hikvision AX PRO DS-PWA96-M2H-WE"},"content":{"rendered":"\n<p> \u00a0Hikvision AX PRO DS-PWA96-M2H-WE H\u00fcbriid Juhtimispaneel\u00a0, heas seisu- ja t\u00f6\u00f6korras! <\/p><p> karp + ostik <\/p><p> TCP\/IP, Wi-Fi ja GPRS\/3G\/4G v\u00f5rk <\/p><p> Uue p\u00f5lvkonna traadita protokoll: Tri-X\/Cam-X <\/p><p> Pikk RF-\u00fclekandekaugus <\/p><p> Kahesuunaline side AES-128 kr\u00fcpteeringuga <\/p><p> \u00dchendab kuni 96 traadita tsooni\/v\u00e4ljundit (sh 48 PIRCAMi), 16 traadiga tsooni, 2 traadiga v\u00e4ljundit, 48 traadita v\u00f5tmeplokki, 4 kordajat, 6 helisignaali, 8 sildilugejat ja klahvistikku. V\u00f5imekus varieerub vastavalt seadme mudelile. <\/p><p> Toetab kuni 48 v\u00f5rgukasutajat, sealhulgas 1 paigaldaja, 1 administraator ja 46 tavakasutajat. <\/p><p> H\u00e4\u00e4ls\u00f5num <\/p><p> Konfigureerimine veebikliendi, mobiilikliendi ja Convergence Cloudi kaudu <\/p><p> Hik-Connecti ja Hik-ProConnecti konfiguratsioon s\u00f5ltub kasutaja juurdep\u00e4\u00e4su tasemest <\/p><p> Vajutab h\u00e4iresignaali teateid s\u00f5numite v\u00f5i telefonik\u00f5nede kaudu <\/p><p> Vaatab Hik-Connecti reaalajas videoid <\/p><p> H\u00e4ire videoklipid e-kirjade ja APP-i kaudu <\/p><p> Laadib h\u00e4irearuanded ARC-i <\/p><p> Toetab LED-indikaatorit s\u00fcsteemi oleku n\u00e4itamiseks <\/p><p> 4520 mAh liitium varuaku v\u00f5i 12v 7Ah aku s\u00f5ltuvalt seadme mudelist <\/p><p> SIA-DC09 protokoll ja toetab nii Contact ID kui ka SIA andmeformaati <\/p><p> Toetab Hik-IP Receiver ja Hik-IP Receiver Pro ARC kommunikatsiooni jaoks <\/p>\n","protected":false},"excerpt":{"rendered":"<p>\u00a0Hikvision AX PRO DS-PWA96-M2H-WE H\u00fcbriid Juhtimispaneel\u00a0, heas seisu- ja t\u00f6\u00f6korras! karp + ostik TCP\/IP, Wi-Fi ja GPRS\/3G\/4G v\u00f5rk Uue p\u00f5lvkonna traadita protokoll: Tri-X\/Cam-X Pikk RF-\u00fclekandekaugus Kahesuunaline side AES-128 kr\u00fcpteeringuga \u00dchendab kuni 96 traadita tsooni\/v\u00e4ljundit (sh 48 PIRCAMi), 16 traadiga tsooni, 2 traadiga v\u00e4ljundit, 48 traadita v\u00f5tmeplokki, 4 kordajat, 6 helisignaali, 8 sildilugejat ja klahvistikku. V\u00f5imekus [&hellip;]<\/p>\n","protected":false},"featured_media":24224,"comment_status":"closed","ping_status":"open","template":"","meta":{"inline_featured_image":false},"product_brand":[],"product_cat":[162],"product_tag":[],"class_list":{"0":"post-24223","1":"product","2":"type-product","3":"status-publish","4":"has-post-thumbnail","6":"product_cat-elektronika-drugoe","7":"pa_asukoht-mustamae","8":"pa_seisukord-ispolzovano","10":"first","11":"instock","12":"taxable","13":"shipping-taxable","14":"purchasable","15":"product-type-simple"},"_links":{"self":[{"href":"https:\/\/a-pant.ee\/ru\/wp-json\/wp\/v2\/product\/24223","targetHints":{"allow":["GET"]}}],"collection":[{"href":"https:\/\/a-pant.ee\/ru\/wp-json\/wp\/v2\/product"}],"about":[{"href":"https:\/\/a-pant.ee\/ru\/wp-json\/wp\/v2\/types\/product"}],"replies":[{"embeddable":true,"href":"https:\/\/a-pant.ee\/ru\/wp-json\/wp\/v2\/comments?post=24223"}],"wp:featuredmedia":[{"embeddable":true,"href":"https:\/\/a-pant.ee\/ru\/wp-json\/wp\/v2\/media\/24224"}],"wp:attachment":[{"href":"https:\/\/a-pant.ee\/ru\/wp-json\/wp\/v2\/media?parent=24223"}],"wp:term":[{"taxonomy":"product_brand","embeddable":true,"href":"https:\/\/a-pant.ee\/ru\/wp-json\/wp\/v2\/product_brand?post=24223"},{"taxonomy":"product_cat","embeddable":true,"href":"https:\/\/a-pant.ee\/ru\/wp-json\/wp\/v2\/product_cat?post=24223"},{"taxonomy":"product_tag","embeddable":true,"href":"https:\/\/a-pant.ee\/ru\/wp-json\/wp\/v2\/product_tag?post=24223"}],"curies":[{"name":"wp","href":"https:\/\/api.w.org\/{rel}","templated":true}]}}