{"id":24217,"date":"2026-02-04T01:34:11","date_gmt":"2026-02-03T22:34:11","guid":{"rendered":"https:\/\/a-pant.ee\/product\/umnye-chasy-polar-ignite-wr-30m-rozovyy\/"},"modified":"2026-02-22T12:39:32","modified_gmt":"2026-02-22T09:39:32","slug":"umnye-chasy-polar-ignite-wr-30m-rozovyj","status":"publish","type":"product","link":"https:\/\/a-pant.ee\/ru\/product\/umnye-chasy-polar-ignite-wr-30m-rozovyj\/","title":{"rendered":"\u0423\u043c\u043d\u044b\u0435 \u0447\u0430\u0441\u044b Polar Ignite wr 30m , \u0440\u043e\u0437\u043e\u0432\u044b\u0439"},"content":{"rendered":"\n<p> \u00a0Nutikell Polar Ignite, wr 30m ROSE\u00a0, heas seisu- ja t\u00f6\u00f6korras! <\/p><p><br \/> B\u00e4ndi suurus <br \/> S <br \/> K\u00e4ev\u00f5ru\/rihma materjal <br \/> silikoon <br \/> Turvalisus <br \/> niiskuse kaitse <br \/> \u00dchilduvus <br \/> Android, OS X, Windows, iOS <br \/> Juhtmeta \u00fchendus <br \/> Bluetooth, GPS, GLONASS <br \/> J\u00e4relevalve <br \/> kiirendusm\u00f5\u00f5tur, kalorid, pulss, uni, f\u00fc\u00fcsiline aktiivsus <br \/> Aku mahutavus <br \/> 165 mAh <\/p>\n","protected":false},"excerpt":{"rendered":"<p>\u00a0Nutikell Polar Ignite, wr 30m ROSE\u00a0, heas seisu- ja t\u00f6\u00f6korras! B\u00e4ndi suurus S K\u00e4ev\u00f5ru\/rihma materjal silikoon Turvalisus niiskuse kaitse \u00dchilduvus Android, OS X, Windows, iOS Juhtmeta \u00fchendus Bluetooth, GPS, GLONASS J\u00e4relevalve kiirendusm\u00f5\u00f5tur, kalorid, pulss, uni, f\u00fc\u00fcsiline aktiivsus Aku mahutavus 165 mAh<\/p>\n","protected":false},"featured_media":24218,"comment_status":"closed","ping_status":"closed","template":"","meta":{"inline_featured_image":false},"product_brand":[],"product_cat":[176],"product_tag":[],"class_list":{"0":"post-24217","1":"product","2":"type-product","3":"status-publish","4":"has-post-thumbnail","6":"product_cat-smart-chasy","7":"pa_asukoht-mustamae","8":"pa_seisukord-ispolzovano","10":"first","11":"outofstock","12":"taxable","13":"shipping-taxable","14":"purchasable","15":"product-type-simple"},"_links":{"self":[{"href":"https:\/\/a-pant.ee\/ru\/wp-json\/wp\/v2\/product\/24217","targetHints":{"allow":["GET"]}}],"collection":[{"href":"https:\/\/a-pant.ee\/ru\/wp-json\/wp\/v2\/product"}],"about":[{"href":"https:\/\/a-pant.ee\/ru\/wp-json\/wp\/v2\/types\/product"}],"replies":[{"embeddable":true,"href":"https:\/\/a-pant.ee\/ru\/wp-json\/wp\/v2\/comments?post=24217"}],"wp:featuredmedia":[{"embeddable":true,"href":"https:\/\/a-pant.ee\/ru\/wp-json\/wp\/v2\/media\/24218"}],"wp:attachment":[{"href":"https:\/\/a-pant.ee\/ru\/wp-json\/wp\/v2\/media?parent=24217"}],"wp:term":[{"taxonomy":"product_brand","embeddable":true,"href":"https:\/\/a-pant.ee\/ru\/wp-json\/wp\/v2\/product_brand?post=24217"},{"taxonomy":"product_cat","embeddable":true,"href":"https:\/\/a-pant.ee\/ru\/wp-json\/wp\/v2\/product_cat?post=24217"},{"taxonomy":"product_tag","embeddable":true,"href":"https:\/\/a-pant.ee\/ru\/wp-json\/wp\/v2\/product_tag?post=24217"}],"curies":[{"name":"wp","href":"https:\/\/api.w.org\/{rel}","templated":true}]}}