{"id":24204,"date":"2026-02-04T01:34:11","date_gmt":"2026-02-03T22:34:11","guid":{"rendered":"https:\/\/a-pant.ee\/product\/mobilnyy-telefon-nokia-3\/"},"modified":"2026-02-22T12:39:32","modified_gmt":"2026-02-22T09:39:32","slug":"mobilnyj-telefon-nokia-3","status":"publish","type":"product","link":"https:\/\/a-pant.ee\/ru\/product\/mobilnyj-telefon-nokia-3\/","title":{"rendered":"\u041c\u043e\u0431\u0438\u043b\u044c\u043d\u044b\u0439 \u0442\u0435\u043b\u0435\u0444\u043e\u043d Nokia 3"},"content":{"rendered":"\n<p> Mobiiltelefon Nokia 3, heas seisu- ja t\u00f6\u00f6korras! <\/p><p> Ekraan katki! <\/p><p> KIRJELDUS <\/p><p> Screen <br \/> 5&#8243; (1280\u00d7720) IPS <br \/> Memory <br \/> built-in 2 GB, RAM 2 GB <br \/> Photo <br \/> one camera, main 8 MP <br \/> Battery <br \/> 2630 mAh <br \/> CPU <br \/> MediaTek MT6737 <br \/> SIM cards <br \/> 2 SIM <br \/> operating system <br \/> Android 7.0 <br \/> Wireless interfaces <br \/> Bluetooth, NFC, Wi-Fi <br \/> Communication standard <br \/> 3G, 4G LTE <\/p>\n","protected":false},"excerpt":{"rendered":"<p>Mobiiltelefon Nokia 3, heas seisu- ja t\u00f6\u00f6korras! Ekraan katki! KIRJELDUS Screen 5&#8243; (1280\u00d7720) IPS Memory built-in 2 GB, RAM 2 GB Photo one camera, main 8 MP Battery 2630 mAh CPU MediaTek MT6737 SIM cards 2 SIM operating system Android 7.0 Wireless interfaces Bluetooth, NFC, Wi-Fi Communication standard 3G, 4G LTE<\/p>\n","protected":false},"featured_media":24205,"comment_status":"closed","ping_status":"closed","template":"","meta":{"inline_featured_image":false},"product_brand":[],"product_cat":[171],"product_tag":[],"class_list":{"0":"post-24204","1":"product","2":"type-product","3":"status-publish","4":"has-post-thumbnail","6":"product_cat-mobilnye-telefony","7":"pa_asukoht-mustamae","8":"pa_seisukord-ispolzovano","10":"first","11":"outofstock","12":"taxable","13":"shipping-taxable","14":"purchasable","15":"product-type-simple"},"_links":{"self":[{"href":"https:\/\/a-pant.ee\/ru\/wp-json\/wp\/v2\/product\/24204","targetHints":{"allow":["GET"]}}],"collection":[{"href":"https:\/\/a-pant.ee\/ru\/wp-json\/wp\/v2\/product"}],"about":[{"href":"https:\/\/a-pant.ee\/ru\/wp-json\/wp\/v2\/types\/product"}],"replies":[{"embeddable":true,"href":"https:\/\/a-pant.ee\/ru\/wp-json\/wp\/v2\/comments?post=24204"}],"wp:featuredmedia":[{"embeddable":true,"href":"https:\/\/a-pant.ee\/ru\/wp-json\/wp\/v2\/media\/24205"}],"wp:attachment":[{"href":"https:\/\/a-pant.ee\/ru\/wp-json\/wp\/v2\/media?parent=24204"}],"wp:term":[{"taxonomy":"product_brand","embeddable":true,"href":"https:\/\/a-pant.ee\/ru\/wp-json\/wp\/v2\/product_brand?post=24204"},{"taxonomy":"product_cat","embeddable":true,"href":"https:\/\/a-pant.ee\/ru\/wp-json\/wp\/v2\/product_cat?post=24204"},{"taxonomy":"product_tag","embeddable":true,"href":"https:\/\/a-pant.ee\/ru\/wp-json\/wp\/v2\/product_tag?post=24204"}],"curies":[{"name":"wp","href":"https:\/\/api.w.org\/{rel}","templated":true}]}}