{"id":24198,"date":"2026-02-04T01:34:11","date_gmt":"2026-02-03T22:34:11","guid":{"rendered":"https:\/\/a-pant.ee\/product\/smart-chasy-polar-unite-zaryadka-remsok\/"},"modified":"2026-02-22T12:39:31","modified_gmt":"2026-02-22T09:39:31","slug":"smart-chasy-polar-unite-zaryadka-remeshok","status":"publish","type":"product","link":"https:\/\/a-pant.ee\/ru\/product\/smart-chasy-polar-unite-zaryadka-remeshok\/","title":{"rendered":"\u0421\u043c\u0430\u0440\u0442-\u0447\u0430\u0441\u044b Polar Unite + \u0417\u0430\u0440\u044f\u0434\u043a\u0430 + \u0420\u0435\u043c\u0435\u0448\u043e\u043a"},"content":{"rendered":"\n<p> Nutikell Polar Unite + Laadija + Rihm, heas seisu- ja t\u00f6\u00f6korras! <\/p><p> KIRJELDUS <\/p><div><table><tbody><tr><td> Toote t\u00fc\u00fcp <\/td><td><a href=\"https:\/\/www.k-rauta.ee\/c\/telefonid-nutikellad-apple-pood\/nutikellad-ja-tarvikud\/nutikellad\/8dd?f=4qx2\" rel=\"nofollow noopener\" target=\"_blank\"> Nutikellad <\/a><\/td><\/tr><tr><td> Kaubam\u00e4rk <\/td><td><a href=\"https:\/\/www.k-rauta.ee\/c\/telefonid-nutikellad-apple-pood\/nutikellad-ja-tarvikud\/nutikellad\/8dd?f=5lug\" rel=\"nofollow noopener\" target=\"_blank\"> Polar <\/a><\/td><\/tr><tr><td> Mudel <\/td><td> Polar Unite S-L <\/td><\/tr><tr><td> M\u00f5eldud <\/td><td> Universaalne <\/td><\/tr><tr><td> Rihma t\u00fc\u00fcp <\/td><td> Spordiv\u00f5ru <\/td><\/tr><tr><td> V\u00e4rv <\/td><td> Must <\/td><\/tr><tr><td> Rihma v\u00e4rv <\/td><td> Must <\/td><\/tr><tr><td> Kaal <\/td><td> 32 g <\/td><\/tr><tr><td> K\u00e4ev\u00f5ru materjal <\/td><td><a href=\"https:\/\/www.k-rauta.ee\/c\/telefonid-nutikellad-apple-pood\/nutikellad-ja-tarvikud\/nutikellad\/8dd?f=6w2c\" rel=\"nofollow noopener\" target=\"_blank\"> Silikoon <\/a><\/td><\/tr><\/tbody><\/table><\/div><div><table><tbody><tr><td colspan=\"2\"><h3> Liides <\/h3><\/td><\/tr><tr><td> Liidesed\u00a0 <div><\/div><\/td><td> Bluetooth <\/td><\/tr><tr><td colspan=\"2\"><h3> Kokkusobivus <\/h3><\/td><\/tr><tr><td> \u00dchildub operatsioonis\u00fcsteemidega <\/td><td><a href=\"https:\/\/www.k-rauta.ee\/c\/telefonid-nutikellad-apple-pood\/nutikellad-ja-tarvikud\/nutikellad\/8dd?f=4qws\" rel=\"nofollow noopener\" target=\"_blank\"> Android <\/a> ,\u00a0 <a href=\"https:\/\/www.k-rauta.ee\/c\/telefonid-nutikellad-apple-pood\/nutikellad-ja-tarvikud\/nutikellad\/8dd?f=4qwt\" rel=\"nofollow noopener\" target=\"_blank\"> iOS <\/a><\/td><\/tr><tr><td> \u00dchilduvad tootjad <\/td><td><a href=\"https:\/\/www.k-rauta.ee\/c\/telefonid-nutikellad-apple-pood\/nutikellad-ja-tarvikud\/nutikellad\/8dd?f=5dl7\" rel=\"nofollow noopener\" target=\"_blank\"> K\u00f5ik <\/a><\/td><\/tr><tr><td colspan=\"2\"><h3> Ekraan <\/h3><\/td><\/tr><tr><td> Ekraan <\/td><td> Jah <\/td><\/tr><tr><td> Resolutsioon <\/td><td><a href=\"https:\/\/www.k-rauta.ee\/c\/telefonid-nutikellad-apple-pood\/nutikellad-ja-tarvikud\/nutikellad\/8dd?f=8ld2\" rel=\"nofollow noopener\" target=\"_blank\"> 240 x 240 <\/a><\/td><\/tr><tr><td colspan=\"2\"><h3> Aku <\/h3><\/td><\/tr><tr><td> Aku maht <\/td><td> 174 mAh <\/td><\/tr><\/tbody><\/table><\/div><div><table><tbody><tr><td> Laadimisviis <\/td><td><a href=\"https:\/\/www.k-rauta.ee\/c\/telefonid-nutikellad-apple-pood\/nutikellad-ja-tarvikud\/nutikellad\/8dd?f=74dm\" rel=\"nofollow noopener\" target=\"_blank\"> Magneetlaadimine <\/a><\/td><\/tr><tr><td> T\u00f6\u00f6aeg t\u00e4islaetud akuga <\/td><td> 4 d <\/td><\/tr><tr><td colspan=\"2\"><h3> Lisaks <\/h3><\/td><\/tr><tr><td> Erikaitse\u00a0 <div><\/div><\/td><td><a href=\"https:\/\/www.k-rauta.ee\/c\/telefonid-nutikellad-apple-pood\/nutikellad-ja-tarvikud\/nutikellad\/8dd?f=4pia\" rel=\"nofollow noopener\" target=\"_blank\"> Niiskuskindel <\/a><\/td><\/tr><tr><td> Funktsioonid\u00a0 <div><\/div><\/td><td><a href=\"https:\/\/www.k-rauta.ee\/c\/telefonid-nutikellad-apple-pood\/nutikellad-ja-tarvikud\/nutikellad\/8dd?f=6fi3\" rel=\"nofollow noopener\" target=\"_blank\"> GPS <\/a> ,\u00a0 <a href=\"https:\/\/www.k-rauta.ee\/c\/telefonid-nutikellad-apple-pood\/nutikellad-ja-tarvikud\/nutikellad\/8dd?f=5dzu\" rel=\"nofollow noopener\" target=\"_blank\"> Kell <\/a> ,\u00a0 <a href=\"https:\/\/www.k-rauta.ee\/c\/telefonid-nutikellad-apple-pood\/nutikellad-ja-tarvikud\/nutikellad\/8dd?f=6jra\" rel=\"nofollow noopener\" target=\"_blank\"> P\u00f5letatud kalorite arvutamine <\/a> ,\u00a0 <a href=\"https:\/\/www.k-rauta.ee\/c\/telefonid-nutikellad-apple-pood\/nutikellad-ja-tarvikud\/nutikellad\/8dd?f=6jrc\" rel=\"nofollow noopener\" target=\"_blank\"> S\u00fcdame l\u00f6\u00f6gisageduse m\u00f5\u00f5tur <\/a><\/td><\/tr><\/tbody><\/table><\/div>\n","protected":false},"excerpt":{"rendered":"<p>Nutikell Polar Unite + Laadija + Rihm, heas seisu- ja t\u00f6\u00f6korras! KIRJELDUS Toote t\u00fc\u00fcp Nutikellad Kaubam\u00e4rk Polar Mudel Polar Unite S-L M\u00f5eldud Universaalne Rihma t\u00fc\u00fcp Spordiv\u00f5ru V\u00e4rv Must Rihma v\u00e4rv Must Kaal 32 g K\u00e4ev\u00f5ru materjal Silikoon Liides Liidesed\u00a0 Bluetooth Kokkusobivus \u00dchildub operatsioonis\u00fcsteemidega Android ,\u00a0 iOS \u00dchilduvad tootjad K\u00f5ik Ekraan Ekraan Jah Resolutsioon 240 x [&hellip;]<\/p>\n","protected":false},"featured_media":24199,"comment_status":"closed","ping_status":"open","template":"","meta":{"inline_featured_image":false},"product_brand":[],"product_cat":[176],"product_tag":[],"class_list":{"0":"post-24198","1":"product","2":"type-product","3":"status-publish","4":"has-post-thumbnail","6":"product_cat-smart-chasy","7":"pa_asukoht-mustamae","8":"pa_seisukord-ispolzovano","10":"first","11":"instock","12":"taxable","13":"shipping-taxable","14":"purchasable","15":"product-type-simple"},"_links":{"self":[{"href":"https:\/\/a-pant.ee\/ru\/wp-json\/wp\/v2\/product\/24198","targetHints":{"allow":["GET"]}}],"collection":[{"href":"https:\/\/a-pant.ee\/ru\/wp-json\/wp\/v2\/product"}],"about":[{"href":"https:\/\/a-pant.ee\/ru\/wp-json\/wp\/v2\/types\/product"}],"replies":[{"embeddable":true,"href":"https:\/\/a-pant.ee\/ru\/wp-json\/wp\/v2\/comments?post=24198"}],"wp:featuredmedia":[{"embeddable":true,"href":"https:\/\/a-pant.ee\/ru\/wp-json\/wp\/v2\/media\/24199"}],"wp:attachment":[{"href":"https:\/\/a-pant.ee\/ru\/wp-json\/wp\/v2\/media?parent=24198"}],"wp:term":[{"taxonomy":"product_brand","embeddable":true,"href":"https:\/\/a-pant.ee\/ru\/wp-json\/wp\/v2\/product_brand?post=24198"},{"taxonomy":"product_cat","embeddable":true,"href":"https:\/\/a-pant.ee\/ru\/wp-json\/wp\/v2\/product_cat?post=24198"},{"taxonomy":"product_tag","embeddable":true,"href":"https:\/\/a-pant.ee\/ru\/wp-json\/wp\/v2\/product_tag?post=24198"}],"curies":[{"name":"wp","href":"https:\/\/api.w.org\/{rel}","templated":true}]}}