{"id":24184,"date":"2026-02-04T01:34:11","date_gmt":"2026-02-03T22:34:11","guid":{"rendered":"https:\/\/a-pant.ee\/product\/akkumulyatornyy-shurupovert-makita-dtd152-3\/"},"modified":"2026-02-22T12:39:31","modified_gmt":"2026-02-22T09:39:31","slug":"akkumulyatornyj-udarnyj-vintovyort-makita-dtd152-aku-30-ach","status":"publish","type":"product","link":"https:\/\/a-pant.ee\/ru\/product\/akkumulyatornyj-udarnyj-vintovyort-makita-dtd152-aku-30-ach\/","title":{"rendered":"\u0410\u043a\u043a\u0443\u043c\u0443\u043b\u044f\u0442\u043e\u0440\u043d\u044b\u0439 \u0443\u0434\u0430\u0440\u043d\u044b\u0439 \u0432\u0438\u043d\u0442\u043e\u0432\u0451\u0440\u0442 Makita DTD152 + \u0410\u043a\u0443 3,0 \u0410\u0447"},"content":{"rendered":"\n<p> Akutrell Makita DTD152 + Aku 3,0 Ah\u00a0, heas seisu- ja t\u00f6\u00f6korras! <\/p><p> KIRJELDUS <\/p><p> Aku pinge <br \/> 18. sajand <br \/> Maksimaalne p\u00f6\u00f6rdemoment <br \/> 165 n \u00b7 m <br \/> Kaal <br \/> 1,12 kg <br \/> Akus\u00fcsteem <br \/> Makita 18V LXT <br \/> Pakk <br \/> kast <br \/> Disainifunktsioonid <br \/> Kasutades natuke ilma kasseti, punktvalgustuslampi <br \/> P\u00f6\u00f6rdfunktsioonid, mootori pidur, \u00fclekoormuse kaitse, p\u00f6\u00f6rlemissageduse reguleerimine <br \/> Padrunit\u00fc\u00fcp <br \/> Natuke <br \/> Max. T\u00fchik\u00e4igu p\u00f6\u00f6rde arv on 2900 p \/ min <\/p>\n","protected":false},"excerpt":{"rendered":"<p>Akutrell Makita DTD152 + Aku 3,0 Ah\u00a0, heas seisu- ja t\u00f6\u00f6korras! KIRJELDUS Aku pinge 18. sajand Maksimaalne p\u00f6\u00f6rdemoment 165 n \u00b7 m Kaal 1,12 kg Akus\u00fcsteem Makita 18V LXT Pakk kast Disainifunktsioonid Kasutades natuke ilma kasseti, punktvalgustuslampi P\u00f6\u00f6rdfunktsioonid, mootori pidur, \u00fclekoormuse kaitse, p\u00f6\u00f6rlemissageduse reguleerimine Padrunit\u00fc\u00fcp Natuke Max. T\u00fchik\u00e4igu p\u00f6\u00f6rde arv on 2900 p \/ min<\/p>\n","protected":false},"featured_media":24185,"comment_status":"closed","ping_status":"open","template":"","meta":{"inline_featured_image":false},"product_brand":[],"product_cat":[221],"product_tag":[],"class_list":{"0":"post-24184","1":"product","2":"type-product","3":"status-publish","4":"has-post-thumbnail","6":"product_cat-akkumulyatornye-dreli","7":"pa_asukoht-lasnamae","8":"pa_seisukord-ispolzovano","10":"first","11":"instock","12":"taxable","13":"shipping-taxable","14":"purchasable","15":"product-type-simple"},"_links":{"self":[{"href":"https:\/\/a-pant.ee\/ru\/wp-json\/wp\/v2\/product\/24184","targetHints":{"allow":["GET"]}}],"collection":[{"href":"https:\/\/a-pant.ee\/ru\/wp-json\/wp\/v2\/product"}],"about":[{"href":"https:\/\/a-pant.ee\/ru\/wp-json\/wp\/v2\/types\/product"}],"replies":[{"embeddable":true,"href":"https:\/\/a-pant.ee\/ru\/wp-json\/wp\/v2\/comments?post=24184"}],"wp:featuredmedia":[{"embeddable":true,"href":"https:\/\/a-pant.ee\/ru\/wp-json\/wp\/v2\/media\/24185"}],"wp:attachment":[{"href":"https:\/\/a-pant.ee\/ru\/wp-json\/wp\/v2\/media?parent=24184"}],"wp:term":[{"taxonomy":"product_brand","embeddable":true,"href":"https:\/\/a-pant.ee\/ru\/wp-json\/wp\/v2\/product_brand?post=24184"},{"taxonomy":"product_cat","embeddable":true,"href":"https:\/\/a-pant.ee\/ru\/wp-json\/wp\/v2\/product_cat?post=24184"},{"taxonomy":"product_tag","embeddable":true,"href":"https:\/\/a-pant.ee\/ru\/wp-json\/wp\/v2\/product_tag?post=24184"}],"curies":[{"name":"wp","href":"https:\/\/api.w.org\/{rel}","templated":true}]}}