{"id":24171,"date":"2026-02-04T01:30:24","date_gmt":"2026-02-03T22:30:24","guid":{"rendered":"https:\/\/a-pant.ee\/product\/akudrel-bosch-gsr-18v-60-c\/"},"modified":"2026-02-22T12:39:36","modified_gmt":"2026-02-22T09:39:36","slug":"aku-drel-bosch-gsr-18v-60-c-aku-zaryadka","status":"publish","type":"product","link":"https:\/\/a-pant.ee\/ru\/product\/aku-drel-bosch-gsr-18v-60-c-aku-zaryadka\/","title":{"rendered":"\u0410\u043a\u0443-\u0434\u0440\u0435\u043b\u044c Bosch GSR 18V-60 C + \u0430\u043a\u0443 + \u0437\u0430\u0440\u044f\u0434\u043a\u0430"},"content":{"rendered":"\n<p> Akutrell-kruvikeeraja Bosch GSR 18V-60 C + aku + laadija\u00a0heas seisu- ja t\u00f6\u00f6korras! <\/p><p> Max p\u00f6\u00f6rdemoment (tugev\/n\u00f5rk re\u017eiim): 60 \/ 31 Nm <br \/> T\u00fchik\u00e4igup\u00f6\u00f6rded (1. k\u00e4ik \/ 2.k\u00e4ik): 0 \u2013 600 \/ 0 \u2013 1.900 min-1 <br \/> Tarviku padrunisse kinnitatava osa l\u00e4bim\u00f5\u00f5t, min\/max: 1,5 \/ 13 mm <br \/> Aku pinge: 18 V <br \/> P\u00f6\u00f6rdemomendi astmed: 20+1 <br \/> Puuri max \u00d8 puidus: 38 mm <br \/> Puuri max \u00d8 terases: 13 mm <br \/> Kruvi max \u00d8: 10 mm <\/p>\n","protected":false},"excerpt":{"rendered":"<p>Akutrell-kruvikeeraja Bosch GSR 18V-60 C + aku + laadija\u00a0heas seisu- ja t\u00f6\u00f6korras! Max p\u00f6\u00f6rdemoment (tugev\/n\u00f5rk re\u017eiim): 60 \/ 31 Nm T\u00fchik\u00e4igup\u00f6\u00f6rded (1. k\u00e4ik \/ 2.k\u00e4ik): 0 \u2013 600 \/ 0 \u2013 1.900 min-1 Tarviku padrunisse kinnitatava osa l\u00e4bim\u00f5\u00f5t, min\/max: 1,5 \/ 13 mm Aku pinge: 18 V P\u00f6\u00f6rdemomendi astmed: 20+1 Puuri max \u00d8 puidus: 38 [&hellip;]<\/p>\n","protected":false},"featured_media":24172,"comment_status":"closed","ping_status":"open","template":"","meta":{"inline_featured_image":false},"product_brand":[],"product_cat":[221],"product_tag":[],"class_list":{"0":"post-24171","1":"product","2":"type-product","3":"status-publish","4":"has-post-thumbnail","6":"product_cat-akkumulyatornye-dreli","7":"pa_asukoht-mustamae","8":"pa_seisukord-ispolzovano","10":"first","11":"instock","12":"taxable","13":"shipping-taxable","14":"purchasable","15":"product-type-simple"},"_links":{"self":[{"href":"https:\/\/a-pant.ee\/ru\/wp-json\/wp\/v2\/product\/24171","targetHints":{"allow":["GET"]}}],"collection":[{"href":"https:\/\/a-pant.ee\/ru\/wp-json\/wp\/v2\/product"}],"about":[{"href":"https:\/\/a-pant.ee\/ru\/wp-json\/wp\/v2\/types\/product"}],"replies":[{"embeddable":true,"href":"https:\/\/a-pant.ee\/ru\/wp-json\/wp\/v2\/comments?post=24171"}],"wp:featuredmedia":[{"embeddable":true,"href":"https:\/\/a-pant.ee\/ru\/wp-json\/wp\/v2\/media\/24172"}],"wp:attachment":[{"href":"https:\/\/a-pant.ee\/ru\/wp-json\/wp\/v2\/media?parent=24171"}],"wp:term":[{"taxonomy":"product_brand","embeddable":true,"href":"https:\/\/a-pant.ee\/ru\/wp-json\/wp\/v2\/product_brand?post=24171"},{"taxonomy":"product_cat","embeddable":true,"href":"https:\/\/a-pant.ee\/ru\/wp-json\/wp\/v2\/product_cat?post=24171"},{"taxonomy":"product_tag","embeddable":true,"href":"https:\/\/a-pant.ee\/ru\/wp-json\/wp\/v2\/product_tag?post=24171"}],"curies":[{"name":"wp","href":"https:\/\/api.w.org\/{rel}","templated":true}]}}