{"id":24165,"date":"2026-02-04T01:30:24","date_gmt":"2026-02-03T22:30:24","guid":{"rendered":"https:\/\/a-pant.ee\/product\/aku-drel-milwaukee-m12-cdd-402c\/"},"modified":"2026-02-22T12:39:35","modified_gmt":"2026-02-22T09:39:35","slug":"aku-drel-milwaukee-m12-cdd-402c-aku-zaryadka","status":"publish","type":"product","link":"https:\/\/a-pant.ee\/ru\/product\/aku-drel-milwaukee-m12-cdd-402c-aku-zaryadka\/","title":{"rendered":"\u0410\u043a\u0443-\u0434\u0440\u0435\u043b\u044c MILWAUKEE M12 CDD-402C + \u0430\u043a\u0443 + \u0437\u0430\u0440\u044f\u0434\u043a\u0430"},"content":{"rendered":"\n<p> Akutrell MILWAUKEE M12 CDD-402C + aku + laadija\u00a0heas seisu- ja t\u00f6\u00f6korras! <\/p><p><br \/> T\u00f6\u00f6re\u017eiimide arv 2 <br \/> Max p\u00f6\u00f6rdemoment, Nm 44 <br \/> Vibratsioonitaseme viga kruvi keeramisel, m\/s\u00b2 1,5 <br \/> Vibratsioonitaseme viga betooni puurimisel, m\/s\u00b2 1,5 <br \/> Vibratsioonitaseme viga metalli puurimisel, m\/s\u00b2 1,5 <br \/> Helir\u00f5hutaseme viga, dBA 3 <br \/> Heliv\u00f5imsuse taseme viga, dBA 3 <br \/> Vibratsioonitase kruvi keeramisel, m\/s\u00b2 1,27 <br \/> Vibratsioonitase metalli puurimisel, m\/s\u00b2 1,27 <br \/> Helir\u00f5hu tase, dBA 91 <br \/> Heliv\u00f5imsuse tase, dBA 102 <br \/> Pinge, V 12 <br \/> Aku t\u00fc\u00fcp Li-Ion (punane liitium) <br \/> Aku mahutavus, Ah 4,0 <br \/> Laadija, min 80 <br \/> Koormuskiirus, rpm 0-1700 <br \/> Kiirus ilma laadimiseta, rpm 0-450\/1700 <br \/> Kassett, mm 13 <br \/> Max puuri l\u00e4bim\u00f5\u00f5t puidus, mm 25 <br \/> Max puuri l\u00e4bim\u00f5\u00f5t terases, mm 13 <br \/> Kaal, kg 1,5 <\/p>\n","protected":false},"excerpt":{"rendered":"<p>Akutrell MILWAUKEE M12 CDD-402C + aku + laadija\u00a0heas seisu- ja t\u00f6\u00f6korras! T\u00f6\u00f6re\u017eiimide arv 2 Max p\u00f6\u00f6rdemoment, Nm 44 Vibratsioonitaseme viga kruvi keeramisel, m\/s\u00b2 1,5 Vibratsioonitaseme viga betooni puurimisel, m\/s\u00b2 1,5 Vibratsioonitaseme viga metalli puurimisel, m\/s\u00b2 1,5 Helir\u00f5hutaseme viga, dBA 3 Heliv\u00f5imsuse taseme viga, dBA 3 Vibratsioonitase kruvi keeramisel, m\/s\u00b2 1,27 Vibratsioonitase metalli puurimisel, m\/s\u00b2 1,27 [&hellip;]<\/p>\n","protected":false},"featured_media":24166,"comment_status":"closed","ping_status":"open","template":"","meta":{"inline_featured_image":false},"product_brand":[],"product_cat":[221],"product_tag":[],"class_list":{"0":"post-24165","1":"product","2":"type-product","3":"status-publish","4":"has-post-thumbnail","6":"product_cat-akkumulyatornye-dreli","7":"pa_asukoht-lasnamae","8":"pa_seisukord-ispolzovano","10":"first","11":"instock","12":"taxable","13":"shipping-taxable","14":"purchasable","15":"product-type-simple"},"_links":{"self":[{"href":"https:\/\/a-pant.ee\/ru\/wp-json\/wp\/v2\/product\/24165","targetHints":{"allow":["GET"]}}],"collection":[{"href":"https:\/\/a-pant.ee\/ru\/wp-json\/wp\/v2\/product"}],"about":[{"href":"https:\/\/a-pant.ee\/ru\/wp-json\/wp\/v2\/types\/product"}],"replies":[{"embeddable":true,"href":"https:\/\/a-pant.ee\/ru\/wp-json\/wp\/v2\/comments?post=24165"}],"wp:featuredmedia":[{"embeddable":true,"href":"https:\/\/a-pant.ee\/ru\/wp-json\/wp\/v2\/media\/24166"}],"wp:attachment":[{"href":"https:\/\/a-pant.ee\/ru\/wp-json\/wp\/v2\/media?parent=24165"}],"wp:term":[{"taxonomy":"product_brand","embeddable":true,"href":"https:\/\/a-pant.ee\/ru\/wp-json\/wp\/v2\/product_brand?post=24165"},{"taxonomy":"product_cat","embeddable":true,"href":"https:\/\/a-pant.ee\/ru\/wp-json\/wp\/v2\/product_cat?post=24165"},{"taxonomy":"product_tag","embeddable":true,"href":"https:\/\/a-pant.ee\/ru\/wp-json\/wp\/v2\/product_tag?post=24165"}],"curies":[{"name":"wp","href":"https:\/\/api.w.org\/{rel}","templated":true}]}}