{"id":24157,"date":"2026-02-04T01:30:24","date_gmt":"2026-02-03T22:30:24","guid":{"rendered":"https:\/\/a-pant.ee\/product\/fitnes-chasy-polar-unite-wr30\/"},"modified":"2026-02-22T12:39:35","modified_gmt":"2026-02-22T09:39:35","slug":"fitnes-chasy-polar-unite-wr30-zaryadka-remeshok","status":"publish","type":"product","link":"https:\/\/a-pant.ee\/ru\/product\/fitnes-chasy-polar-unite-wr30-zaryadka-remeshok\/","title":{"rendered":"\u0424\u0438\u0442\u043d\u0435\u0441-\u0447\u0430\u0441\u044b Polar Unite WR30 + \u0417\u0430\u0440\u044f\u0434\u043a\u0430 + \u0420\u0435\u043c\u0435\u0448\u043e\u043a"},"content":{"rendered":"\n<p> Spordikell Polar Unite WR30 + Laadija + Rihm\u00a0heas seisu- ja t\u00f6\u00f6korras! <\/p><p><br \/><br \/> Ekraan <br \/> 1,22&#8243; (240&#215;204) IPS <br \/> Korpuse materjal <br \/> metall, pol\u00fcmeer <br \/> K\u00e4ev\u00f5ru\/rihma materjal <br \/> silikoon <br \/> turvalisus <br \/> niiskuse kaitse <br \/> \u00dchilduvus <br \/> Android, iOS <br \/> Juhtmeta \u00fchendus <br \/> Bluetooth <br \/> J\u00e4relevalve <br \/> kiirendusm\u00f5\u00f5tur, kalorid, pulss, uni, f\u00fc\u00fcsiline aktiivsus <br \/> Aku mahutavus <br \/> 174 mAh <\/p>\n","protected":false},"excerpt":{"rendered":"<p>Spordikell Polar Unite WR30 + Laadija + Rihm\u00a0heas seisu- ja t\u00f6\u00f6korras! Ekraan 1,22&#8243; (240&#215;204) IPS Korpuse materjal metall, pol\u00fcmeer K\u00e4ev\u00f5ru\/rihma materjal silikoon turvalisus niiskuse kaitse \u00dchilduvus Android, iOS Juhtmeta \u00fchendus Bluetooth J\u00e4relevalve kiirendusm\u00f5\u00f5tur, kalorid, pulss, uni, f\u00fc\u00fcsiline aktiivsus Aku mahutavus 174 mAh<\/p>\n","protected":false},"featured_media":24158,"comment_status":"closed","ping_status":"open","template":"","meta":{"inline_featured_image":false},"product_brand":[],"product_cat":[176],"product_tag":[],"class_list":{"0":"post-24157","1":"product","2":"type-product","3":"status-publish","4":"has-post-thumbnail","6":"product_cat-smart-chasy","7":"pa_asukoht-mustamae","8":"pa_seisukord-ispolzovano","10":"first","11":"instock","12":"taxable","13":"shipping-taxable","14":"purchasable","15":"product-type-simple"},"_links":{"self":[{"href":"https:\/\/a-pant.ee\/ru\/wp-json\/wp\/v2\/product\/24157","targetHints":{"allow":["GET"]}}],"collection":[{"href":"https:\/\/a-pant.ee\/ru\/wp-json\/wp\/v2\/product"}],"about":[{"href":"https:\/\/a-pant.ee\/ru\/wp-json\/wp\/v2\/types\/product"}],"replies":[{"embeddable":true,"href":"https:\/\/a-pant.ee\/ru\/wp-json\/wp\/v2\/comments?post=24157"}],"wp:featuredmedia":[{"embeddable":true,"href":"https:\/\/a-pant.ee\/ru\/wp-json\/wp\/v2\/media\/24158"}],"wp:attachment":[{"href":"https:\/\/a-pant.ee\/ru\/wp-json\/wp\/v2\/media?parent=24157"}],"wp:term":[{"taxonomy":"product_brand","embeddable":true,"href":"https:\/\/a-pant.ee\/ru\/wp-json\/wp\/v2\/product_brand?post=24157"},{"taxonomy":"product_cat","embeddable":true,"href":"https:\/\/a-pant.ee\/ru\/wp-json\/wp\/v2\/product_cat?post=24157"},{"taxonomy":"product_tag","embeddable":true,"href":"https:\/\/a-pant.ee\/ru\/wp-json\/wp\/v2\/product_tag?post=24157"}],"curies":[{"name":"wp","href":"https:\/\/api.w.org\/{rel}","templated":true}]}}