{"id":24151,"date":"2026-02-04T01:30:24","date_gmt":"2026-02-03T22:30:24","guid":{"rendered":"https:\/\/a-pant.ee\/product\/nastolnyy-kompyuter-apple-imac-catalina-21-4-late-2013\/"},"modified":"2026-02-22T12:39:35","modified_gmt":"2026-02-22T09:39:35","slug":"nastolnyj-kompyuter-apple-imac-catalina-214-late-2013","status":"publish","type":"product","link":"https:\/\/a-pant.ee\/ru\/product\/nastolnyj-kompyuter-apple-imac-catalina-214-late-2013\/","title":{"rendered":"\u041d\u0430\u0441\u0442\u043e\u043b\u044c\u043d\u044b\u0439 \u043a\u043e\u043c\u043f\u044c\u044e\u0442\u0435\u0440 Apple iMac Catalina 21,4&#8243; late 2013"},"content":{"rendered":"\n<p> Lauaarvuti Apple iMac Catalina 21,4&#8243; late 2013 + hiir + klaviatuur\u00a0, heas seisu- ja t\u00f6\u00f6korras! <\/p><p> KIRJELDUS <\/p><p> Protsessor: Intel Core i5 CPU@ 2,7GHz(4 CPUs) <\/p><p> Operatiiv m\u00e4lu: 8,0GB (8192 MB) <\/p><p> Videokaart: Intel Iris Pro graphics 1536MB <\/p><p> K\u00f5vakettas: Apple HDD HTS541010A9E662 1Tb <\/p><p> Windows: MacOS Catalina <\/p><p> Ekraan 21,5 <\/p>\n","protected":false},"excerpt":{"rendered":"<p>Lauaarvuti Apple iMac Catalina 21,4&#8243; late 2013 + hiir + klaviatuur\u00a0, heas seisu- ja t\u00f6\u00f6korras! KIRJELDUS Protsessor: Intel Core i5 CPU@ 2,7GHz(4 CPUs) Operatiiv m\u00e4lu: 8,0GB (8192 MB) Videokaart: Intel Iris Pro graphics 1536MB K\u00f5vakettas: Apple HDD HTS541010A9E662 1Tb Windows: MacOS Catalina Ekraan 21,5<\/p>\n","protected":false},"featured_media":24152,"comment_status":"closed","ping_status":"closed","template":"","meta":{"inline_featured_image":false},"product_brand":[],"product_cat":[169],"product_tag":[],"class_list":{"0":"post-24151","1":"product","2":"type-product","3":"status-publish","4":"has-post-thumbnail","6":"product_cat-nastolnye-kompyutery","7":"product_shipping_class-oversize","8":"pa_asukoht-lasnamae","9":"pa_seisukord-ispolzovano","11":"first","12":"instock","13":"taxable","14":"shipping-taxable","15":"purchasable","16":"product-type-simple"},"_links":{"self":[{"href":"https:\/\/a-pant.ee\/ru\/wp-json\/wp\/v2\/product\/24151","targetHints":{"allow":["GET"]}}],"collection":[{"href":"https:\/\/a-pant.ee\/ru\/wp-json\/wp\/v2\/product"}],"about":[{"href":"https:\/\/a-pant.ee\/ru\/wp-json\/wp\/v2\/types\/product"}],"replies":[{"embeddable":true,"href":"https:\/\/a-pant.ee\/ru\/wp-json\/wp\/v2\/comments?post=24151"}],"wp:featuredmedia":[{"embeddable":true,"href":"https:\/\/a-pant.ee\/ru\/wp-json\/wp\/v2\/media\/24152"}],"wp:attachment":[{"href":"https:\/\/a-pant.ee\/ru\/wp-json\/wp\/v2\/media?parent=24151"}],"wp:term":[{"taxonomy":"product_brand","embeddable":true,"href":"https:\/\/a-pant.ee\/ru\/wp-json\/wp\/v2\/product_brand?post=24151"},{"taxonomy":"product_cat","embeddable":true,"href":"https:\/\/a-pant.ee\/ru\/wp-json\/wp\/v2\/product_cat?post=24151"},{"taxonomy":"product_tag","embeddable":true,"href":"https:\/\/a-pant.ee\/ru\/wp-json\/wp\/v2\/product_tag?post=24151"}],"curies":[{"name":"wp","href":"https:\/\/api.w.org\/{rel}","templated":true}]}}