{"id":24145,"date":"2026-02-04T01:30:24","date_gmt":"2026-02-03T22:30:24","guid":{"rendered":"https:\/\/a-pant.ee\/product\/mobilnyy-telefon-samsung-galaxy-a53-5g-chehol\/"},"modified":"2026-02-22T12:39:35","modified_gmt":"2026-02-22T09:39:35","slug":"mobilnyj-telefon-samsung-galaxy-a15-128gb-korobka","status":"publish","type":"product","link":"https:\/\/a-pant.ee\/ru\/product\/mobilnyj-telefon-samsung-galaxy-a15-128gb-korobka\/","title":{"rendered":"\u041c\u043e\u0431\u0438\u043b\u044c\u043d\u044b\u0439 \u0442\u0435\u043b\u0435\u0444\u043e\u043d Samsung Galaxy A15 128GB + \u043a\u043e\u0440\u043e\u0431\u043a\u0430"},"content":{"rendered":"\n<p> Mobiiltelefon Samsung Galaxy A53 5G + \u00fcmbrik\u00a0, heas seisu- ja t\u00f6\u00f6korras! <\/p><p> KIRJELDUS <\/p><p> Kategooria: Mobiiltelefonid <\/p><p> Telefoni t\u00fc\u00fcp: Nutitelefon <\/p><p> Kaubam\u00e4rk: Samsung <\/p><p> V\u00e4rv: Sinine <\/p><p> WiFi: Jah <\/p><p> Bluetooth: Jah <\/p><p> Operatiivm\u00e4lu (RAM): 6000 MB <\/p><p> Sisem\u00e4lu: 128 GB <\/p><p> Operatsioonis\u00fcsteem: Android <\/p><p> Lisafunktsioonid: 3G, 4G, 5G, NFC, Niiskuskindel, S\u00f5rmej\u00e4ljelugeja <\/p><p> Mudel: A53 <\/p><p> Vaade: Samsung, a53 mobiiltelefonid <\/p><p> Toote seisukord: kasutatud <\/p><p> Seenioridele: T\u00e4psustamata <\/p><p> Diagonaal (tollid): 6.5 <\/p><p> P\u00f5hikaamera: 64 Mpx <\/p><p> Eesmine kaamera: 32 Mpx <\/p>\n","protected":false},"excerpt":{"rendered":"<p>Mobiiltelefon Samsung Galaxy A53 5G + \u00fcmbrik\u00a0, heas seisu- ja t\u00f6\u00f6korras! KIRJELDUS Kategooria: Mobiiltelefonid Telefoni t\u00fc\u00fcp: Nutitelefon Kaubam\u00e4rk: Samsung V\u00e4rv: Sinine WiFi: Jah Bluetooth: Jah Operatiivm\u00e4lu (RAM): 6000 MB Sisem\u00e4lu: 128 GB Operatsioonis\u00fcsteem: Android Lisafunktsioonid: 3G, 4G, 5G, NFC, Niiskuskindel, S\u00f5rmej\u00e4ljelugeja Mudel: A53 Vaade: Samsung, a53 mobiiltelefonid Toote seisukord: kasutatud Seenioridele: T\u00e4psustamata Diagonaal (tollid): 6.5 [&hellip;]<\/p>\n","protected":false},"featured_media":24146,"comment_status":"closed","ping_status":"closed","template":"","meta":{"inline_featured_image":false},"product_brand":[],"product_cat":[171],"product_tag":[],"class_list":{"0":"post-24145","1":"product","2":"type-product","3":"status-publish","4":"has-post-thumbnail","6":"product_cat-mobilnye-telefony","7":"pa_asukoht-lasnamae","8":"pa_seisukord-ispolzovano","10":"first","11":"outofstock","12":"taxable","13":"shipping-taxable","14":"purchasable","15":"product-type-simple"},"_links":{"self":[{"href":"https:\/\/a-pant.ee\/ru\/wp-json\/wp\/v2\/product\/24145","targetHints":{"allow":["GET"]}}],"collection":[{"href":"https:\/\/a-pant.ee\/ru\/wp-json\/wp\/v2\/product"}],"about":[{"href":"https:\/\/a-pant.ee\/ru\/wp-json\/wp\/v2\/types\/product"}],"replies":[{"embeddable":true,"href":"https:\/\/a-pant.ee\/ru\/wp-json\/wp\/v2\/comments?post=24145"}],"wp:featuredmedia":[{"embeddable":true,"href":"https:\/\/a-pant.ee\/ru\/wp-json\/wp\/v2\/media\/24146"}],"wp:attachment":[{"href":"https:\/\/a-pant.ee\/ru\/wp-json\/wp\/v2\/media?parent=24145"}],"wp:term":[{"taxonomy":"product_brand","embeddable":true,"href":"https:\/\/a-pant.ee\/ru\/wp-json\/wp\/v2\/product_brand?post=24145"},{"taxonomy":"product_cat","embeddable":true,"href":"https:\/\/a-pant.ee\/ru\/wp-json\/wp\/v2\/product_cat?post=24145"},{"taxonomy":"product_tag","embeddable":true,"href":"https:\/\/a-pant.ee\/ru\/wp-json\/wp\/v2\/product_tag?post=24145"}],"curies":[{"name":"wp","href":"https:\/\/api.w.org\/{rel}","templated":true}]}}