{"id":24138,"date":"2026-02-04T01:30:24","date_gmt":"2026-02-03T22:30:24","guid":{"rendered":"https:\/\/a-pant.ee\/product\/planshet-lenovo-tab-10-tb-x103f\/"},"modified":"2026-02-22T12:39:35","modified_gmt":"2026-02-22T09:39:35","slug":"planshet-lenovo-tab-10-tb-x103f","status":"publish","type":"product","link":"https:\/\/a-pant.ee\/ru\/product\/planshet-lenovo-tab-10-tb-x103f\/","title":{"rendered":"\u041f\u043b\u0430\u043d\u0448\u0435\u0442 Lenovo Tab 10 TB-X103F"},"content":{"rendered":"\n<p> \u00a0Tahvelarvuti Lenovo Tab 10 TB-X103F\u00a0, heas seisu- ja t\u00f6\u00f6korras! <\/p><p> Ekraan <br \/> 10,1&#8243; (1280&#215;800), IPS <br \/> Protsessor <br \/> Qualcomm Snapdragon MSM8909 <br \/> OS-i versioon <br \/> Android 6.0 <br \/> kaamerad <br \/> peamine 5 MP, eesmine 2 MP <br \/> Sisseehitatud m\u00e4lu <br \/> 16 GB <br \/> Ise\u00e4rasused <br \/> m\u00e4lukaardi pesa, kiirendusm\u00f5\u00f5tur, sisseehitatud mikrofon <br \/> Aku mahutavus <br \/> 7000 mAh <br \/> M\u00f5\u00f5tmed <br \/> 247x171x9,6 mm <\/p>\n","protected":false},"excerpt":{"rendered":"<p>\u00a0Tahvelarvuti Lenovo Tab 10 TB-X103F\u00a0, heas seisu- ja t\u00f6\u00f6korras! Ekraan 10,1&#8243; (1280&#215;800), IPS Protsessor Qualcomm Snapdragon MSM8909 OS-i versioon Android 6.0 kaamerad peamine 5 MP, eesmine 2 MP Sisseehitatud m\u00e4lu 16 GB Ise\u00e4rasused m\u00e4lukaardi pesa, kiirendusm\u00f5\u00f5tur, sisseehitatud mikrofon Aku mahutavus 7000 mAh M\u00f5\u00f5tmed 247x171x9,6 mm<\/p>\n","protected":false},"featured_media":24139,"comment_status":"closed","ping_status":"open","template":"","meta":{"inline_featured_image":false},"product_brand":[],"product_cat":[180],"product_tag":[],"class_list":{"0":"post-24138","1":"product","2":"type-product","3":"status-publish","4":"has-post-thumbnail","6":"product_cat-planshety","7":"pa_asukoht-mustamae","8":"pa_seisukord-ispolzovano","10":"first","11":"instock","12":"taxable","13":"shipping-taxable","14":"purchasable","15":"product-type-simple"},"_links":{"self":[{"href":"https:\/\/a-pant.ee\/ru\/wp-json\/wp\/v2\/product\/24138","targetHints":{"allow":["GET"]}}],"collection":[{"href":"https:\/\/a-pant.ee\/ru\/wp-json\/wp\/v2\/product"}],"about":[{"href":"https:\/\/a-pant.ee\/ru\/wp-json\/wp\/v2\/types\/product"}],"replies":[{"embeddable":true,"href":"https:\/\/a-pant.ee\/ru\/wp-json\/wp\/v2\/comments?post=24138"}],"wp:featuredmedia":[{"embeddable":true,"href":"https:\/\/a-pant.ee\/ru\/wp-json\/wp\/v2\/media\/24139"}],"wp:attachment":[{"href":"https:\/\/a-pant.ee\/ru\/wp-json\/wp\/v2\/media?parent=24138"}],"wp:term":[{"taxonomy":"product_brand","embeddable":true,"href":"https:\/\/a-pant.ee\/ru\/wp-json\/wp\/v2\/product_brand?post=24138"},{"taxonomy":"product_cat","embeddable":true,"href":"https:\/\/a-pant.ee\/ru\/wp-json\/wp\/v2\/product_cat?post=24138"},{"taxonomy":"product_tag","embeddable":true,"href":"https:\/\/a-pant.ee\/ru\/wp-json\/wp\/v2\/product_tag?post=24138"}],"curies":[{"name":"wp","href":"https:\/\/api.w.org\/{rel}","templated":true}]}}