{"id":24131,"date":"2026-02-04T01:30:24","date_gmt":"2026-02-03T22:30:24","guid":{"rendered":"https:\/\/a-pant.ee\/product\/drel-powerplus-powc1071-20v-1300mah\/"},"modified":"2026-02-22T12:39:35","modified_gmt":"2026-02-22T09:39:35","slug":"drel-powerplus-powc1071-20-v-1300mah","status":"publish","type":"product","link":"https:\/\/a-pant.ee\/ru\/product\/drel-powerplus-powc1071-20-v-1300mah\/","title":{"rendered":"\u0414\u0440\u0435\u043b\u044c Powerplus POWC1071, 20 \u0412, 1300mah"},"content":{"rendered":"\n<p> Trell Powerplus POWC1071, 20w, 1300mah\u00a0, heas seisu- ja t\u00f6\u00f6korras! <\/p><p> laadijja\u00a0 <\/p><p><br \/> V\u00f5imsus ja j\u00f5udlus <br \/> P\u00f6\u00f6rete arv t\u00fchik\u00e4igul 0-1400, 0-400 <br \/> Maksimaalne p\u00f6\u00f6rdemoment, Nm 35 <br \/> K\u00e4igu l\u00e4bim\u00f5\u00f5t 10 mm <br \/> Max puidupuuri l\u00e4bim\u00f5\u00f5t 20 mm <br \/> Max puuri l\u00e4bim\u00f5\u00f5t terases 10 mm <br \/> Max betooni puurimise l\u00e4bim\u00f5\u00f5t 10 mm <br \/> Toitumine <br \/> Aku\/aku t\u00fc\u00fcp Li-ion <br \/> Aku maht 1300 mAh <br \/> Aku kaasas Jah <br \/> Kaasas olevate patareide arv 1 <br \/> Aku pinge 20 V <\/p>\n","protected":false},"excerpt":{"rendered":"<p>Trell Powerplus POWC1071, 20w, 1300mah\u00a0, heas seisu- ja t\u00f6\u00f6korras! laadijja\u00a0 V\u00f5imsus ja j\u00f5udlus P\u00f6\u00f6rete arv t\u00fchik\u00e4igul 0-1400, 0-400 Maksimaalne p\u00f6\u00f6rdemoment, Nm 35 K\u00e4igu l\u00e4bim\u00f5\u00f5t 10 mm Max puidupuuri l\u00e4bim\u00f5\u00f5t 20 mm Max puuri l\u00e4bim\u00f5\u00f5t terases 10 mm Max betooni puurimise l\u00e4bim\u00f5\u00f5t 10 mm Toitumine Aku\/aku t\u00fc\u00fcp Li-ion Aku maht 1300 mAh Aku kaasas Jah Kaasas [&hellip;]<\/p>\n","protected":false},"featured_media":24132,"comment_status":"closed","ping_status":"open","template":"","meta":{"inline_featured_image":false},"product_brand":[],"product_cat":[221],"product_tag":[],"class_list":{"0":"post-24131","1":"product","2":"type-product","3":"status-publish","4":"has-post-thumbnail","6":"product_cat-akkumulyatornye-dreli","7":"pa_asukoht-mustamae","8":"pa_seisukord-ispolzovano","10":"first","11":"instock","12":"taxable","13":"shipping-taxable","14":"purchasable","15":"product-type-simple"},"_links":{"self":[{"href":"https:\/\/a-pant.ee\/ru\/wp-json\/wp\/v2\/product\/24131","targetHints":{"allow":["GET"]}}],"collection":[{"href":"https:\/\/a-pant.ee\/ru\/wp-json\/wp\/v2\/product"}],"about":[{"href":"https:\/\/a-pant.ee\/ru\/wp-json\/wp\/v2\/types\/product"}],"replies":[{"embeddable":true,"href":"https:\/\/a-pant.ee\/ru\/wp-json\/wp\/v2\/comments?post=24131"}],"wp:featuredmedia":[{"embeddable":true,"href":"https:\/\/a-pant.ee\/ru\/wp-json\/wp\/v2\/media\/24132"}],"wp:attachment":[{"href":"https:\/\/a-pant.ee\/ru\/wp-json\/wp\/v2\/media?parent=24131"}],"wp:term":[{"taxonomy":"product_brand","embeddable":true,"href":"https:\/\/a-pant.ee\/ru\/wp-json\/wp\/v2\/product_brand?post=24131"},{"taxonomy":"product_cat","embeddable":true,"href":"https:\/\/a-pant.ee\/ru\/wp-json\/wp\/v2\/product_cat?post=24131"},{"taxonomy":"product_tag","embeddable":true,"href":"https:\/\/a-pant.ee\/ru\/wp-json\/wp\/v2\/product_tag?post=24131"}],"curies":[{"name":"wp","href":"https:\/\/api.w.org\/{rel}","templated":true}]}}