{"id":24124,"date":"2026-02-04T01:30:24","date_gmt":"2026-02-03T22:30:24","guid":{"rendered":"https:\/\/a-pant.ee\/product\/motokosa-kustorez-stihl-fs-410-c-em\/"},"modified":"2026-02-22T12:39:35","modified_gmt":"2026-02-22T09:39:35","slug":"motokosa-kustorez-stihl-fs-410-c-em","status":"publish","type":"product","link":"https:\/\/a-pant.ee\/ru\/product\/motokosa-kustorez-stihl-fs-410-c-em\/","title":{"rendered":"\u041c\u043e\u0442\u043e\u043a\u043e\u0441\u0430-\u043a\u0443\u0441\u0442\u043e\u0440\u0435\u0437 STIHL FS 410 C-EM"},"content":{"rendered":"\n<p> V\u00f5sal\u00f5ikur Stihl FS 410 C-EM\u00a0, heas seisu- ja t\u00f6\u00f6korras! <\/p><p><br \/> Standardne l\u00f5iket\u00f6\u00f6riist Puksi nuga 300-3 <br \/> HP v\u00f5imsus 2.7 <br \/> Kaal kg 1) 8.4 <br \/> V\u00f5imsus kW\/hj 2,0\/2,7 <br \/> Paagi maht l 0,75 <\/p>\n","protected":false},"excerpt":{"rendered":"<p>V\u00f5sal\u00f5ikur Stihl FS 410 C-EM\u00a0, heas seisu- ja t\u00f6\u00f6korras! Standardne l\u00f5iket\u00f6\u00f6riist Puksi nuga 300-3 HP v\u00f5imsus 2.7 Kaal kg 1) 8.4 V\u00f5imsus kW\/hj 2,0\/2,7 Paagi maht l 0,75<\/p>\n","protected":false},"featured_media":24125,"comment_status":"closed","ping_status":"closed","template":"","meta":{"inline_featured_image":false},"product_brand":[],"product_cat":[220],"product_tag":[],"class_list":{"0":"post-24124","1":"product","2":"type-product","3":"status-publish","4":"has-post-thumbnail","6":"product_cat-sadovye-instrumenty","7":"pa_asukoht-mustamae","8":"pa_seisukord-ispolzovano","10":"first","11":"outofstock","12":"taxable","13":"shipping-taxable","14":"purchasable","15":"product-type-simple"},"_links":{"self":[{"href":"https:\/\/a-pant.ee\/ru\/wp-json\/wp\/v2\/product\/24124","targetHints":{"allow":["GET"]}}],"collection":[{"href":"https:\/\/a-pant.ee\/ru\/wp-json\/wp\/v2\/product"}],"about":[{"href":"https:\/\/a-pant.ee\/ru\/wp-json\/wp\/v2\/types\/product"}],"replies":[{"embeddable":true,"href":"https:\/\/a-pant.ee\/ru\/wp-json\/wp\/v2\/comments?post=24124"}],"wp:featuredmedia":[{"embeddable":true,"href":"https:\/\/a-pant.ee\/ru\/wp-json\/wp\/v2\/media\/24125"}],"wp:attachment":[{"href":"https:\/\/a-pant.ee\/ru\/wp-json\/wp\/v2\/media?parent=24124"}],"wp:term":[{"taxonomy":"product_brand","embeddable":true,"href":"https:\/\/a-pant.ee\/ru\/wp-json\/wp\/v2\/product_brand?post=24124"},{"taxonomy":"product_cat","embeddable":true,"href":"https:\/\/a-pant.ee\/ru\/wp-json\/wp\/v2\/product_cat?post=24124"},{"taxonomy":"product_tag","embeddable":true,"href":"https:\/\/a-pant.ee\/ru\/wp-json\/wp\/v2\/product_tag?post=24124"}],"curies":[{"name":"wp","href":"https:\/\/api.w.org\/{rel}","templated":true}]}}