{"id":24117,"date":"2026-02-04T01:30:24","date_gmt":"2026-02-03T22:30:24","guid":{"rendered":"https:\/\/a-pant.ee\/product\/televizor-samsung-s27d590c-pult\/"},"modified":"2026-02-22T12:39:34","modified_gmt":"2026-02-22T09:39:34","slug":"televizor-samsung-s27d590c-pult","status":"publish","type":"product","link":"https:\/\/a-pant.ee\/ru\/product\/televizor-samsung-s27d590c-pult\/","title":{"rendered":"\u0422\u0435\u043b\u0435\u0432\u0438\u0437\u043e\u0440 Samsung S27D590C + \u043f\u0443\u043b\u044c\u0442"},"content":{"rendered":"\n<p> Teler Samsung S27D590C + pult\u00a0, heas seisu- ja t\u00f6\u00f6korras! <\/p><p> Mudel <br \/> S27D590C <br \/> Disaini omadused <br \/> kumer ekraan <br \/> Ekraan (ekraani suurus) <br \/> 25-30&#187; <br \/> Ekraan (diagonaal) <br \/> 27 <br \/> Ekraan (maksimaalne eraldusv\u00f5ime) <br \/> 1920 x 1080 (t\u00e4is-HD) <br \/> Ekraan (maatriksit\u00fc\u00fcp) <br \/> VA (SVA) <br \/> Ekraan (reageerimisaeg), ms <br \/> 5 <br \/> Ekraan (heledus), cd\/m\u00b2 <br \/> 300 <br \/> Ekraan (kontrastsussuhe) <br \/> 3000: 1 <br \/> Ekraan (vertikaalne vaatenurk), kraad <br \/> 178 <br \/> Ekraan (horisontaalne vaatenurk), kraad <br \/> 178 <\/p>\n","protected":false},"excerpt":{"rendered":"<p>Teler Samsung S27D590C + pult\u00a0, heas seisu- ja t\u00f6\u00f6korras! Mudel S27D590C Disaini omadused kumer ekraan Ekraan (ekraani suurus) 25-30&#187; Ekraan (diagonaal) 27 Ekraan (maksimaalne eraldusv\u00f5ime) 1920 x 1080 (t\u00e4is-HD) Ekraan (maatriksit\u00fc\u00fcp) VA (SVA) Ekraan (reageerimisaeg), ms 5 Ekraan (heledus), cd\/m\u00b2 300 Ekraan (kontrastsussuhe) 3000: 1 Ekraan (vertikaalne vaatenurk), kraad 178 Ekraan (horisontaalne vaatenurk), kraad 178<\/p>\n","protected":false},"featured_media":24118,"comment_status":"closed","ping_status":"open","template":"","meta":{"inline_featured_image":false},"product_brand":[],"product_cat":[181],"product_tag":[],"class_list":{"0":"post-24117","1":"product","2":"type-product","3":"status-publish","4":"has-post-thumbnail","6":"product_cat-televizory","7":"product_shipping_class-oversize","8":"pa_asukoht-mustamae","9":"pa_seisukord-ispolzovano","11":"first","12":"instock","13":"taxable","14":"shipping-taxable","15":"purchasable","16":"product-type-simple"},"_links":{"self":[{"href":"https:\/\/a-pant.ee\/ru\/wp-json\/wp\/v2\/product\/24117","targetHints":{"allow":["GET"]}}],"collection":[{"href":"https:\/\/a-pant.ee\/ru\/wp-json\/wp\/v2\/product"}],"about":[{"href":"https:\/\/a-pant.ee\/ru\/wp-json\/wp\/v2\/types\/product"}],"replies":[{"embeddable":true,"href":"https:\/\/a-pant.ee\/ru\/wp-json\/wp\/v2\/comments?post=24117"}],"wp:featuredmedia":[{"embeddable":true,"href":"https:\/\/a-pant.ee\/ru\/wp-json\/wp\/v2\/media\/24118"}],"wp:attachment":[{"href":"https:\/\/a-pant.ee\/ru\/wp-json\/wp\/v2\/media?parent=24117"}],"wp:term":[{"taxonomy":"product_brand","embeddable":true,"href":"https:\/\/a-pant.ee\/ru\/wp-json\/wp\/v2\/product_brand?post=24117"},{"taxonomy":"product_cat","embeddable":true,"href":"https:\/\/a-pant.ee\/ru\/wp-json\/wp\/v2\/product_cat?post=24117"},{"taxonomy":"product_tag","embeddable":true,"href":"https:\/\/a-pant.ee\/ru\/wp-json\/wp\/v2\/product_tag?post=24117"}],"curies":[{"name":"wp","href":"https:\/\/api.w.org\/{rel}","templated":true}]}}