{"id":24091,"date":"2026-02-04T01:30:24","date_gmt":"2026-02-03T22:30:24","guid":{"rendered":"https:\/\/a-pant.ee\/product\/akkumulyatornaya-drel-shurupovert-makita-ddf456-2\/"},"modified":"2026-02-22T12:39:34","modified_gmt":"2026-02-22T09:39:34","slug":"akkumulyatornaya-drel-shurupovert-makita-ddf456-14-4v-aku","status":"publish","type":"product","link":"https:\/\/a-pant.ee\/ru\/product\/akkumulyatornaya-drel-shurupovert-makita-ddf456-14-4v-aku\/","title":{"rendered":"\u0410\u043a\u043a\u0443\u043c\u0443\u043b\u044f\u0442\u043e\u0440\u043d\u0430\u044f \u0434\u0440\u0435\u043b\u044c-\u0448\u0443\u0440\u0443\u043f\u043e\u0432\u0435\u0440\u0442 Makita DDF456 + 14.4\u0432 \u0430\u043a\u0443"},"content":{"rendered":"\n<p> Aku-trell Makita DDF456 + 14.4v aku\u00a0heas seisu- ja t\u00f6\u00f6korras! <\/p><p><br \/> Aku pinge <br \/> 18 V <br \/> Maksimaalne p\u00f6\u00f6rdemoment <br \/> 50 Nm <br \/> Max puuri l\u00e4bim\u00f5\u00f5t (puit) <br \/> 38 mm <br \/> Max puuri l\u00e4bim\u00f5\u00f5t (metall) <br \/> 13 mm <br \/> Kaal <br \/> 1,7 kg <br \/> Aku s\u00fcsteem <br \/> Makita 18V LXT <br \/> Funktsioonid <br \/> tagurdamine, kiiruse kontroll, mootoripidur <br \/> Kasseti t\u00fc\u00fcp <br \/> kiirkinnitus <br \/> Max t\u00fchik\u00e4igu kiirus <br \/> 1500 p\u00f6\u00f6ret minutis <\/p>\n","protected":false},"excerpt":{"rendered":"<p>Aku-trell Makita DDF456 + 14.4v aku\u00a0heas seisu- ja t\u00f6\u00f6korras! Aku pinge 18 V Maksimaalne p\u00f6\u00f6rdemoment 50 Nm Max puuri l\u00e4bim\u00f5\u00f5t (puit) 38 mm Max puuri l\u00e4bim\u00f5\u00f5t (metall) 13 mm Kaal 1,7 kg Aku s\u00fcsteem Makita 18V LXT Funktsioonid tagurdamine, kiiruse kontroll, mootoripidur Kasseti t\u00fc\u00fcp kiirkinnitus Max t\u00fchik\u00e4igu kiirus 1500 p\u00f6\u00f6ret minutis<\/p>\n","protected":false},"featured_media":24092,"comment_status":"closed","ping_status":"open","template":"","meta":{"inline_featured_image":false},"product_brand":[],"product_cat":[221],"product_tag":[],"class_list":{"0":"post-24091","1":"product","2":"type-product","3":"status-publish","4":"has-post-thumbnail","6":"product_cat-akkumulyatornye-dreli","7":"pa_asukoht-mustamae","8":"pa_seisukord-ispolzovano","10":"first","11":"instock","12":"taxable","13":"shipping-taxable","14":"purchasable","15":"product-type-simple"},"_links":{"self":[{"href":"https:\/\/a-pant.ee\/ru\/wp-json\/wp\/v2\/product\/24091","targetHints":{"allow":["GET"]}}],"collection":[{"href":"https:\/\/a-pant.ee\/ru\/wp-json\/wp\/v2\/product"}],"about":[{"href":"https:\/\/a-pant.ee\/ru\/wp-json\/wp\/v2\/types\/product"}],"replies":[{"embeddable":true,"href":"https:\/\/a-pant.ee\/ru\/wp-json\/wp\/v2\/comments?post=24091"}],"wp:featuredmedia":[{"embeddable":true,"href":"https:\/\/a-pant.ee\/ru\/wp-json\/wp\/v2\/media\/24092"}],"wp:attachment":[{"href":"https:\/\/a-pant.ee\/ru\/wp-json\/wp\/v2\/media?parent=24091"}],"wp:term":[{"taxonomy":"product_brand","embeddable":true,"href":"https:\/\/a-pant.ee\/ru\/wp-json\/wp\/v2\/product_brand?post=24091"},{"taxonomy":"product_cat","embeddable":true,"href":"https:\/\/a-pant.ee\/ru\/wp-json\/wp\/v2\/product_cat?post=24091"},{"taxonomy":"product_tag","embeddable":true,"href":"https:\/\/a-pant.ee\/ru\/wp-json\/wp\/v2\/product_tag?post=24091"}],"curies":[{"name":"wp","href":"https:\/\/api.w.org\/{rel}","templated":true}]}}