{"id":24085,"date":"2026-02-04T01:30:24","date_gmt":"2026-02-03T22:30:24","guid":{"rendered":"https:\/\/a-pant.ee\/product\/aku-drel-makita-dtd146-3ah\/"},"modified":"2026-02-22T12:39:34","modified_gmt":"2026-02-22T09:39:34","slug":"aku-drel-makita-dtd146-3ah","status":"publish","type":"product","link":"https:\/\/a-pant.ee\/ru\/product\/aku-drel-makita-dtd146-3ah\/","title":{"rendered":"\u0410\u043a\u0443-\u0434\u0440\u0435\u043b\u044c Makita DTD146 + 3ah"},"content":{"rendered":"\n<p> Akutrell Makita DTD146 + 3ah\u00a0heas seisu- ja t\u00f6\u00f6korras! <\/p><p><br \/> T\u00f6\u00f6riista t\u00fc\u00fcp <br \/> kruvikeeraja <br \/> Kasseti t\u00fc\u00fcp <br \/> l\u00f6\u00f6kide all <br \/> Max l\u00f6\u00f6kide arv minutis <br \/> 3200 l\u00f6\u00f6ki minutis <br \/> Max t\u00fchik\u00e4igu kiirus <br \/> 2300 p\u00f6\u00f6ret minutis <br \/> Maksimaalne p\u00f6\u00f6rdemoment <br \/> 160 Nm <br \/> Funktsioonid <br \/> tagurdamine, kiiruse kontroll, mootoripidur <br \/> Disaini omadused <br \/> toitenupu lukk, bittide kasutamine ilma padrunita, pro\u017eektori lamp <br \/> Eemaldatav aku <br \/> Jah <br \/> M\u00f5\u00f5dud (LxH) <br \/> 138&#215;238 mm <\/p>\n","protected":false},"excerpt":{"rendered":"<p>Akutrell Makita DTD146 + 3ah\u00a0heas seisu- ja t\u00f6\u00f6korras! T\u00f6\u00f6riista t\u00fc\u00fcp kruvikeeraja Kasseti t\u00fc\u00fcp l\u00f6\u00f6kide all Max l\u00f6\u00f6kide arv minutis 3200 l\u00f6\u00f6ki minutis Max t\u00fchik\u00e4igu kiirus 2300 p\u00f6\u00f6ret minutis Maksimaalne p\u00f6\u00f6rdemoment 160 Nm Funktsioonid tagurdamine, kiiruse kontroll, mootoripidur Disaini omadused toitenupu lukk, bittide kasutamine ilma padrunita, pro\u017eektori lamp Eemaldatav aku Jah M\u00f5\u00f5dud (LxH) 138&#215;238 mm<\/p>\n","protected":false},"featured_media":24086,"comment_status":"closed","ping_status":"open","template":"","meta":{"inline_featured_image":false},"product_brand":[],"product_cat":[221],"product_tag":[],"class_list":{"0":"post-24085","1":"product","2":"type-product","3":"status-publish","4":"has-post-thumbnail","6":"product_cat-akkumulyatornye-dreli","7":"pa_asukoht-mustamae","8":"pa_seisukord-ispolzovano","10":"first","11":"instock","12":"taxable","13":"shipping-taxable","14":"purchasable","15":"product-type-simple"},"_links":{"self":[{"href":"https:\/\/a-pant.ee\/ru\/wp-json\/wp\/v2\/product\/24085","targetHints":{"allow":["GET"]}}],"collection":[{"href":"https:\/\/a-pant.ee\/ru\/wp-json\/wp\/v2\/product"}],"about":[{"href":"https:\/\/a-pant.ee\/ru\/wp-json\/wp\/v2\/types\/product"}],"replies":[{"embeddable":true,"href":"https:\/\/a-pant.ee\/ru\/wp-json\/wp\/v2\/comments?post=24085"}],"wp:featuredmedia":[{"embeddable":true,"href":"https:\/\/a-pant.ee\/ru\/wp-json\/wp\/v2\/media\/24086"}],"wp:attachment":[{"href":"https:\/\/a-pant.ee\/ru\/wp-json\/wp\/v2\/media?parent=24085"}],"wp:term":[{"taxonomy":"product_brand","embeddable":true,"href":"https:\/\/a-pant.ee\/ru\/wp-json\/wp\/v2\/product_brand?post=24085"},{"taxonomy":"product_cat","embeddable":true,"href":"https:\/\/a-pant.ee\/ru\/wp-json\/wp\/v2\/product_cat?post=24085"},{"taxonomy":"product_tag","embeddable":true,"href":"https:\/\/a-pant.ee\/ru\/wp-json\/wp\/v2\/product_tag?post=24085"}],"curies":[{"name":"wp","href":"https:\/\/api.w.org\/{rel}","templated":true}]}}