{"id":24079,"date":"2026-02-04T01:30:24","date_gmt":"2026-02-03T22:30:24","guid":{"rendered":"https:\/\/a-pant.ee\/product\/apple-watch-series-3-42mm\/"},"modified":"2026-02-22T12:39:33","modified_gmt":"2026-02-22T09:39:33","slug":"apple-watch-series-3-42mm","status":"publish","type":"product","link":"https:\/\/a-pant.ee\/ru\/product\/apple-watch-series-3-42mm\/","title":{"rendered":"Apple Watch series 3 42mm"},"content":{"rendered":"\n<div><div><div><div id=\"description\"><div><p> Apple Watch series 3 42mm\u00a0heas seisu- ja t\u00f6\u00f6korras! <\/p><p><br \/> turvalisus <br \/> veekindel, p\u00f5rutuskindel <br \/> \u00dchilduvus <br \/> iOS <br \/> J\u00e4relevalve <br \/> kiirendusm\u00f5\u00f5tur, kalorid, pulss, uni, f\u00fc\u00fcsiline aktiivsus <br \/> operatsioonis\u00fcsteem <br \/> vaata OS-i <br \/> Versioon <br \/> Globaalne, Rostest (EAC), teistele riikidele <\/p><\/div><\/div><\/div><\/div><\/div><div id=\"item-tools\"><div id=\"stats-views\"><\/div><\/div>\n","protected":false},"excerpt":{"rendered":"<p>Apple Watch series 3 42mm\u00a0heas seisu- ja t\u00f6\u00f6korras! turvalisus veekindel, p\u00f5rutuskindel \u00dchilduvus iOS J\u00e4relevalve kiirendusm\u00f5\u00f5tur, kalorid, pulss, uni, f\u00fc\u00fcsiline aktiivsus operatsioonis\u00fcsteem vaata OS-i Versioon Globaalne, Rostest (EAC), teistele riikidele<\/p>\n","protected":false},"featured_media":24080,"comment_status":"closed","ping_status":"closed","template":"","meta":{"inline_featured_image":false},"product_brand":[],"product_cat":[176],"product_tag":[],"class_list":{"0":"post-24079","1":"product","2":"type-product","3":"status-publish","4":"has-post-thumbnail","6":"product_cat-smart-chasy","7":"pa_asukoht-mustamae","8":"pa_seisukord-ispolzovano","10":"first","11":"outofstock","12":"taxable","13":"shipping-taxable","14":"purchasable","15":"product-type-simple"},"_links":{"self":[{"href":"https:\/\/a-pant.ee\/ru\/wp-json\/wp\/v2\/product\/24079","targetHints":{"allow":["GET"]}}],"collection":[{"href":"https:\/\/a-pant.ee\/ru\/wp-json\/wp\/v2\/product"}],"about":[{"href":"https:\/\/a-pant.ee\/ru\/wp-json\/wp\/v2\/types\/product"}],"replies":[{"embeddable":true,"href":"https:\/\/a-pant.ee\/ru\/wp-json\/wp\/v2\/comments?post=24079"}],"wp:featuredmedia":[{"embeddable":true,"href":"https:\/\/a-pant.ee\/ru\/wp-json\/wp\/v2\/media\/24080"}],"wp:attachment":[{"href":"https:\/\/a-pant.ee\/ru\/wp-json\/wp\/v2\/media?parent=24079"}],"wp:term":[{"taxonomy":"product_brand","embeddable":true,"href":"https:\/\/a-pant.ee\/ru\/wp-json\/wp\/v2\/product_brand?post=24079"},{"taxonomy":"product_cat","embeddable":true,"href":"https:\/\/a-pant.ee\/ru\/wp-json\/wp\/v2\/product_cat?post=24079"},{"taxonomy":"product_tag","embeddable":true,"href":"https:\/\/a-pant.ee\/ru\/wp-json\/wp\/v2\/product_tag?post=24079"}],"curies":[{"name":"wp","href":"https:\/\/api.w.org\/{rel}","templated":true}]}}