{"id":24055,"date":"2026-02-04T01:27:06","date_gmt":"2026-02-03T22:27:06","guid":{"rendered":"https:\/\/a-pant.ee\/product\/planshet-samsung-galaxy-tab-s5e-10-5-sm-t725\/"},"modified":"2026-02-22T12:39:38","modified_gmt":"2026-02-22T09:39:38","slug":"planshet-samsung-galaxy-tab-a-32gb-sm-t580","status":"publish","type":"product","link":"https:\/\/a-pant.ee\/ru\/product\/planshet-samsung-galaxy-tab-a-32gb-sm-t580\/","title":{"rendered":"\u041f\u043b\u0430\u043d\u0448\u0435\u0442 Samsung Galaxy Tab A 32GB SM-T580"},"content":{"rendered":"\n<p> Tahvelarvuti Samsung Galaxy Tab S5e 10.5 SM-T725 + klaviatura\u00a0heas seisu- ja t\u00f6\u00f6korras! <\/p><p> KIRJELDUS <\/p><p> Ekraan <br \/> 10,5 tolli (2560 x 1600), Super AMOLED, 60 Hz <br \/> Protsessor <br \/> Qualcomm Snapdragon 670 <br \/> OS-i versioon <br \/> Android 9.0 <br \/> kaamerad <br \/> peamine 13 MP, eesmine 8 MP <br \/> Sisseehitatud m\u00e4lu <br \/> 64 GB <br \/> RAM <br \/> 4GB <br \/> Ise\u00e4rasused <br \/> FM-tuuner, s\u00f5rmej\u00e4ljeskanner, m\u00e4lukaardi pesa, kiirendusm\u00f5\u00f5tur, sisseehitatud mikrofon, g\u00fcroskoop, \u00fcmbritseva valguse andur, l\u00e4hedusandur, kompass <br \/> Aku mahutavus <br \/> 7040 mAh <br \/> M\u00f5\u00f5tmed <br \/> 245x160x5,5 mm, kaal <\/p>\n","protected":false},"excerpt":{"rendered":"<p>Tahvelarvuti Samsung Galaxy Tab S5e 10.5 SM-T725 + klaviatura\u00a0heas seisu- ja t\u00f6\u00f6korras! KIRJELDUS Ekraan 10,5 tolli (2560 x 1600), Super AMOLED, 60 Hz Protsessor Qualcomm Snapdragon 670 OS-i versioon Android 9.0 kaamerad peamine 13 MP, eesmine 8 MP Sisseehitatud m\u00e4lu 64 GB RAM 4GB Ise\u00e4rasused FM-tuuner, s\u00f5rmej\u00e4ljeskanner, m\u00e4lukaardi pesa, kiirendusm\u00f5\u00f5tur, sisseehitatud mikrofon, g\u00fcroskoop, \u00fcmbritseva valguse [&hellip;]<\/p>\n","protected":false},"featured_media":24056,"comment_status":"closed","ping_status":"open","template":"","meta":{"inline_featured_image":false},"product_brand":[],"product_cat":[180],"product_tag":[],"class_list":{"0":"post-24055","1":"product","2":"type-product","3":"status-publish","4":"has-post-thumbnail","6":"product_cat-planshety","7":"pa_asukoht-mustamae","8":"pa_seisukord-ispolzovano","10":"first","11":"instock","12":"taxable","13":"shipping-taxable","14":"purchasable","15":"product-type-simple"},"_links":{"self":[{"href":"https:\/\/a-pant.ee\/ru\/wp-json\/wp\/v2\/product\/24055","targetHints":{"allow":["GET"]}}],"collection":[{"href":"https:\/\/a-pant.ee\/ru\/wp-json\/wp\/v2\/product"}],"about":[{"href":"https:\/\/a-pant.ee\/ru\/wp-json\/wp\/v2\/types\/product"}],"replies":[{"embeddable":true,"href":"https:\/\/a-pant.ee\/ru\/wp-json\/wp\/v2\/comments?post=24055"}],"wp:featuredmedia":[{"embeddable":true,"href":"https:\/\/a-pant.ee\/ru\/wp-json\/wp\/v2\/media\/24056"}],"wp:attachment":[{"href":"https:\/\/a-pant.ee\/ru\/wp-json\/wp\/v2\/media?parent=24055"}],"wp:term":[{"taxonomy":"product_brand","embeddable":true,"href":"https:\/\/a-pant.ee\/ru\/wp-json\/wp\/v2\/product_brand?post=24055"},{"taxonomy":"product_cat","embeddable":true,"href":"https:\/\/a-pant.ee\/ru\/wp-json\/wp\/v2\/product_cat?post=24055"},{"taxonomy":"product_tag","embeddable":true,"href":"https:\/\/a-pant.ee\/ru\/wp-json\/wp\/v2\/product_tag?post=24055"}],"curies":[{"name":"wp","href":"https:\/\/api.w.org\/{rel}","templated":true}]}}