{"id":24042,"date":"2026-02-04T01:27:06","date_gmt":"2026-02-03T22:27:06","guid":{"rendered":"https:\/\/a-pant.ee\/product\/drel-shurupovert-skil-2395-ac-yashchik-zaryadka\/"},"modified":"2026-02-22T12:39:37","modified_gmt":"2026-02-22T09:39:37","slug":"drel-shurupovert-skil-2395-ac-yashhik-zaryadka","status":"publish","type":"product","link":"https:\/\/a-pant.ee\/ru\/product\/drel-shurupovert-skil-2395-ac-yashhik-zaryadka\/","title":{"rendered":"\u0414\u0440\u0435\u043b\u044c-\u0448\u0443\u0440\u0443\u043f\u043e\u0432\u0435\u0440\u0442 Skil 2395 AC + \u044f\u0449\u0438\u043a + \u0437\u0430\u0440\u044f\u0434\u043a\u0430"},"content":{"rendered":"\n<p> Akutrell Skil 2395 AC + kohver +laadija\u00a0, heas seisu- ja t\u00f6\u00f6korras! <\/p><p><br \/> Tootja Skil <br \/> Kaal 0,001 kg <br \/> Kogukaal koos pakendiga 2,9 kg <br \/> Professionaalne \/ amat\u00f6\u00f6r amat\u00f6\u00f6r <br \/> Mootori t\u00fc\u00fcp Aku <br \/> Aku kaasas Jah <br \/> Aku t\u00fc\u00fcp NiCd (nikkelkaadmiumaku) <br \/> Aku pinge 12V <br \/> Aku mahutavus 1,2 Ah <br \/> Aku arv ja maht 1&#215;1,2 Ah <br \/> T\u00fchik\u00e4ik 0-550 min-1 <br \/> Maksimaalne p\u00f6\u00f6rete arv 550 \/min <br \/> Max p\u00f6\u00f6rdemoment 26 Nm <br \/> P\u00f6\u00f6rdemomendi astmete arv 5 <br \/> Padruni l\u00e4bim\u00f5\u00f5t 10 mm <br \/> Max puurimine \u00d8 puit 20 mm <br \/> Max puurimine \u00d8 metall 6 mm <br \/> K\u00e4ikude arv 1 k\u00e4ik <\/p>\n","protected":false},"excerpt":{"rendered":"<p>Akutrell Skil 2395 AC + kohver +laadija\u00a0, heas seisu- ja t\u00f6\u00f6korras! Tootja Skil Kaal 0,001 kg Kogukaal koos pakendiga 2,9 kg Professionaalne \/ amat\u00f6\u00f6r amat\u00f6\u00f6r Mootori t\u00fc\u00fcp Aku Aku kaasas Jah Aku t\u00fc\u00fcp NiCd (nikkelkaadmiumaku) Aku pinge 12V Aku mahutavus 1,2 Ah Aku arv ja maht 1&#215;1,2 Ah T\u00fchik\u00e4ik 0-550 min-1 Maksimaalne p\u00f6\u00f6rete arv 550 [&hellip;]<\/p>\n","protected":false},"featured_media":24043,"comment_status":"closed","ping_status":"open","template":"","meta":{"inline_featured_image":false},"product_brand":[],"product_cat":[221],"product_tag":[],"class_list":{"0":"post-24042","1":"product","2":"type-product","3":"status-publish","4":"has-post-thumbnail","6":"product_cat-akkumulyatornye-dreli","7":"pa_asukoht-mustamae","8":"pa_seisukord-ispolzovano","10":"first","11":"instock","12":"taxable","13":"shipping-taxable","14":"purchasable","15":"product-type-simple"},"_links":{"self":[{"href":"https:\/\/a-pant.ee\/ru\/wp-json\/wp\/v2\/product\/24042","targetHints":{"allow":["GET"]}}],"collection":[{"href":"https:\/\/a-pant.ee\/ru\/wp-json\/wp\/v2\/product"}],"about":[{"href":"https:\/\/a-pant.ee\/ru\/wp-json\/wp\/v2\/types\/product"}],"replies":[{"embeddable":true,"href":"https:\/\/a-pant.ee\/ru\/wp-json\/wp\/v2\/comments?post=24042"}],"wp:featuredmedia":[{"embeddable":true,"href":"https:\/\/a-pant.ee\/ru\/wp-json\/wp\/v2\/media\/24043"}],"wp:attachment":[{"href":"https:\/\/a-pant.ee\/ru\/wp-json\/wp\/v2\/media?parent=24042"}],"wp:term":[{"taxonomy":"product_brand","embeddable":true,"href":"https:\/\/a-pant.ee\/ru\/wp-json\/wp\/v2\/product_brand?post=24042"},{"taxonomy":"product_cat","embeddable":true,"href":"https:\/\/a-pant.ee\/ru\/wp-json\/wp\/v2\/product_cat?post=24042"},{"taxonomy":"product_tag","embeddable":true,"href":"https:\/\/a-pant.ee\/ru\/wp-json\/wp\/v2\/product_tag?post=24042"}],"curies":[{"name":"wp","href":"https:\/\/api.w.org\/{rel}","templated":true}]}}