{"id":24004,"date":"2026-02-04T01:27:06","date_gmt":"2026-02-03T22:27:06","guid":{"rendered":"https:\/\/a-pant.ee\/product\/mashinka-dlya-udaleniya-katishkov-henske-xj-350\/"},"modified":"2026-02-22T12:39:36","modified_gmt":"2026-02-22T09:39:36","slug":"mashinka-po-udaleniyu-katyshkov-henske-xj-350-komplekt","status":"publish","type":"product","link":"https:\/\/a-pant.ee\/ru\/product\/mashinka-po-udaleniyu-katyshkov-henske-xj-350-komplekt\/","title":{"rendered":"\u041c\u0430\u0448\u0438\u043d\u043a\u0430 \u043f\u043e \u0443\u0434\u0430\u043b\u0435\u043d\u0438\u044e \u043a\u0430\u0442\u044b\u0448\u043a\u043e\u0432 Henske XJ-350 (\u043a\u043e\u043c\u043f\u043b\u0435\u043a\u0442)"},"content":{"rendered":"\n<p> Topieemaldaja Henske XJ-350 (komplekt) + karp\u00a0, heas seisu- ja t\u00f6\u00f6korras! <\/p><p> KIRJELDUS <\/p><p> Kategooria: Topieemaldajad <\/p><p> Kaubam\u00e4rk: Henske <\/p><p> Vajalikud esemed: Ei <\/p><p> Elementide t\u00fc\u00fcp: Ei <\/p><p> Toide: V\u00f5rk <\/p><p> Vaade: Pole t\u00e4psustatud, v\u00f5rk topieemaldajad <\/p>\n","protected":false},"excerpt":{"rendered":"<p>Topieemaldaja Henske XJ-350 (komplekt) + karp\u00a0, heas seisu- ja t\u00f6\u00f6korras! KIRJELDUS Kategooria: Topieemaldajad Kaubam\u00e4rk: Henske Vajalikud esemed: Ei Elementide t\u00fc\u00fcp: Ei Toide: V\u00f5rk Vaade: Pole t\u00e4psustatud, v\u00f5rk topieemaldajad<\/p>\n","protected":false},"featured_media":24005,"comment_status":"closed","ping_status":"open","template":"","meta":{"inline_featured_image":false},"product_brand":[],"product_cat":[166],"product_tag":[],"class_list":{"0":"post-24004","1":"product","2":"type-product","3":"status-publish","4":"has-post-thumbnail","6":"product_cat-bytovaya-tehnika","7":"pa_asukoht-lasnamae","8":"pa_seisukord-ispolzovano","10":"first","11":"instock","12":"taxable","13":"shipping-taxable","14":"purchasable","15":"product-type-simple"},"_links":{"self":[{"href":"https:\/\/a-pant.ee\/ru\/wp-json\/wp\/v2\/product\/24004","targetHints":{"allow":["GET"]}}],"collection":[{"href":"https:\/\/a-pant.ee\/ru\/wp-json\/wp\/v2\/product"}],"about":[{"href":"https:\/\/a-pant.ee\/ru\/wp-json\/wp\/v2\/types\/product"}],"replies":[{"embeddable":true,"href":"https:\/\/a-pant.ee\/ru\/wp-json\/wp\/v2\/comments?post=24004"}],"wp:featuredmedia":[{"embeddable":true,"href":"https:\/\/a-pant.ee\/ru\/wp-json\/wp\/v2\/media\/24005"}],"wp:attachment":[{"href":"https:\/\/a-pant.ee\/ru\/wp-json\/wp\/v2\/media?parent=24004"}],"wp:term":[{"taxonomy":"product_brand","embeddable":true,"href":"https:\/\/a-pant.ee\/ru\/wp-json\/wp\/v2\/product_brand?post=24004"},{"taxonomy":"product_cat","embeddable":true,"href":"https:\/\/a-pant.ee\/ru\/wp-json\/wp\/v2\/product_cat?post=24004"},{"taxonomy":"product_tag","embeddable":true,"href":"https:\/\/a-pant.ee\/ru\/wp-json\/wp\/v2\/product_tag?post=24004"}],"curies":[{"name":"wp","href":"https:\/\/api.w.org\/{rel}","templated":true}]}}