{"id":23991,"date":"2026-02-04T01:27:06","date_gmt":"2026-02-03T22:27:06","guid":{"rendered":"https:\/\/a-pant.ee\/product\/akkumulyatornyy-shurupovert-makita-btd140\/"},"modified":"2026-02-22T12:39:36","modified_gmt":"2026-02-22T09:39:36","slug":"akudrel-makita-btd140-akb-4-0ach","status":"publish","type":"product","link":"https:\/\/a-pant.ee\/ru\/product\/akudrel-makita-btd140-akb-4-0ach\/","title":{"rendered":"\u0410\u043a\u0443\u0434\u0440\u0435\u043b\u044c Makita BTD140 + A\u041a\u0411 4.0A\u0427"},"content":{"rendered":"\n<p> Akutrell Makita BTD140 + Aku 4,0Ah, heas seisu- ja t\u00f6\u00f6korras! <\/p><p> KIRJELDUS <\/p><p> Aku pinge <br \/> 18 V <br \/> Maksimaalne p\u00f6\u00f6rdemoment <br \/> 145 Nm <br \/> Kaal <br \/> 1,5 kg <br \/> Aku s\u00fcsteem <br \/> Makita 18V LXT <br \/> Disaini omadused <br \/> toitenupu lukk, bittide kasutamine ilma padrunita, pro\u017eektori lamp <br \/> Funktsioonid <br \/> tagasik\u00e4ik, kiiruse reguleerimine <br \/> Kasseti t\u00fc\u00fcp <br \/> l\u00f6\u00f6kide all <br \/> Max t\u00fchik\u00e4igu kiirus <br \/> 2300 p\u00f6\u00f6ret minutis <\/p>\n","protected":false},"excerpt":{"rendered":"<p>Akutrell Makita BTD140 + Aku 4,0Ah, heas seisu- ja t\u00f6\u00f6korras! KIRJELDUS Aku pinge 18 V Maksimaalne p\u00f6\u00f6rdemoment 145 Nm Kaal 1,5 kg Aku s\u00fcsteem Makita 18V LXT Disaini omadused toitenupu lukk, bittide kasutamine ilma padrunita, pro\u017eektori lamp Funktsioonid tagasik\u00e4ik, kiiruse reguleerimine Kasseti t\u00fc\u00fcp l\u00f6\u00f6kide all Max t\u00fchik\u00e4igu kiirus 2300 p\u00f6\u00f6ret minutis<\/p>\n","protected":false},"featured_media":23992,"comment_status":"closed","ping_status":"open","template":"","meta":{"inline_featured_image":false},"product_brand":[],"product_cat":[221],"product_tag":[],"class_list":{"0":"post-23991","1":"product","2":"type-product","3":"status-publish","4":"has-post-thumbnail","6":"product_cat-akkumulyatornye-dreli","7":"pa_asukoht-mustamae","8":"pa_seisukord-ispolzovano","10":"first","11":"instock","12":"taxable","13":"shipping-taxable","14":"purchasable","15":"product-type-simple"},"_links":{"self":[{"href":"https:\/\/a-pant.ee\/ru\/wp-json\/wp\/v2\/product\/23991","targetHints":{"allow":["GET"]}}],"collection":[{"href":"https:\/\/a-pant.ee\/ru\/wp-json\/wp\/v2\/product"}],"about":[{"href":"https:\/\/a-pant.ee\/ru\/wp-json\/wp\/v2\/types\/product"}],"replies":[{"embeddable":true,"href":"https:\/\/a-pant.ee\/ru\/wp-json\/wp\/v2\/comments?post=23991"}],"wp:featuredmedia":[{"embeddable":true,"href":"https:\/\/a-pant.ee\/ru\/wp-json\/wp\/v2\/media\/23992"}],"wp:attachment":[{"href":"https:\/\/a-pant.ee\/ru\/wp-json\/wp\/v2\/media?parent=23991"}],"wp:term":[{"taxonomy":"product_brand","embeddable":true,"href":"https:\/\/a-pant.ee\/ru\/wp-json\/wp\/v2\/product_brand?post=23991"},{"taxonomy":"product_cat","embeddable":true,"href":"https:\/\/a-pant.ee\/ru\/wp-json\/wp\/v2\/product_cat?post=23991"},{"taxonomy":"product_tag","embeddable":true,"href":"https:\/\/a-pant.ee\/ru\/wp-json\/wp\/v2\/product_tag?post=23991"}],"curies":[{"name":"wp","href":"https:\/\/api.w.org\/{rel}","templated":true}]}}