{"id":23984,"date":"2026-02-04T01:27:06","date_gmt":"2026-02-03T22:27:06","guid":{"rendered":"https:\/\/a-pant.ee\/product\/polirovalnaya-mashina-makita-9237\/"},"modified":"2026-02-22T12:39:36","modified_gmt":"2026-02-22T09:39:36","slug":"polirovalnaya-mashina-makita-9237","status":"publish","type":"product","link":"https:\/\/a-pant.ee\/ru\/product\/polirovalnaya-mashina-makita-9237\/","title":{"rendered":"\u041f\u043e\u043b\u0438\u0440\u043e\u0432\u0430\u043b\u044c\u043d\u0430\u044f \u043c\u0430\u0448\u0438\u043d\u0430 Makita 9237"},"content":{"rendered":"\n<p> Poleerimismasin Makita 9237, heas seisu- ja t\u00f6\u00f6korras! <\/p><p> KIRJELDUS <\/p><p> Maksimaalne ketta l\u00e4bim\u00f5\u00f5t <br \/> 180 mm <br \/> Energiatarve <br \/> 1200 W <br \/> Maksimum kiirus <br \/> 3200 p\u00f6\u00f6ret minutis <br \/> Funktsioonid <br \/> pehme k\u00e4ivitus, kiiruse reguleerimine, kiiruse stabiliseerimiss\u00fcsteem <br \/> Disaini omadused <br \/> toitenupu lukk, lisak\u00e4epide, spindlilukk <br \/> Kaal <br \/> 3,4 kg <\/p>\n","protected":false},"excerpt":{"rendered":"<p>Poleerimismasin Makita 9237, heas seisu- ja t\u00f6\u00f6korras! KIRJELDUS Maksimaalne ketta l\u00e4bim\u00f5\u00f5t 180 mm Energiatarve 1200 W Maksimum kiirus 3200 p\u00f6\u00f6ret minutis Funktsioonid pehme k\u00e4ivitus, kiiruse reguleerimine, kiiruse stabiliseerimiss\u00fcsteem Disaini omadused toitenupu lukk, lisak\u00e4epide, spindlilukk Kaal 3,4 kg<\/p>\n","protected":false},"featured_media":23985,"comment_status":"closed","ping_status":"open","template":"","meta":{"inline_featured_image":false},"product_brand":[],"product_cat":[237],"product_tag":[],"class_list":{"0":"post-23984","1":"product","2":"type-product","3":"status-publish","4":"has-post-thumbnail","6":"product_cat-polirovalnyj-instrument","7":"pa_asukoht-lasnamae","8":"pa_seisukord-ispolzovano","10":"first","11":"instock","12":"taxable","13":"shipping-taxable","14":"purchasable","15":"product-type-simple"},"_links":{"self":[{"href":"https:\/\/a-pant.ee\/ru\/wp-json\/wp\/v2\/product\/23984","targetHints":{"allow":["GET"]}}],"collection":[{"href":"https:\/\/a-pant.ee\/ru\/wp-json\/wp\/v2\/product"}],"about":[{"href":"https:\/\/a-pant.ee\/ru\/wp-json\/wp\/v2\/types\/product"}],"replies":[{"embeddable":true,"href":"https:\/\/a-pant.ee\/ru\/wp-json\/wp\/v2\/comments?post=23984"}],"wp:featuredmedia":[{"embeddable":true,"href":"https:\/\/a-pant.ee\/ru\/wp-json\/wp\/v2\/media\/23985"}],"wp:attachment":[{"href":"https:\/\/a-pant.ee\/ru\/wp-json\/wp\/v2\/media?parent=23984"}],"wp:term":[{"taxonomy":"product_brand","embeddable":true,"href":"https:\/\/a-pant.ee\/ru\/wp-json\/wp\/v2\/product_brand?post=23984"},{"taxonomy":"product_cat","embeddable":true,"href":"https:\/\/a-pant.ee\/ru\/wp-json\/wp\/v2\/product_cat?post=23984"},{"taxonomy":"product_tag","embeddable":true,"href":"https:\/\/a-pant.ee\/ru\/wp-json\/wp\/v2\/product_tag?post=23984"}],"curies":[{"name":"wp","href":"https:\/\/api.w.org\/{rel}","templated":true}]}}