{"id":23977,"date":"2026-02-04T01:27:06","date_gmt":"2026-02-03T22:27:06","guid":{"rendered":"https:\/\/a-pant.ee\/product\/smartchasy-honor-watch-magic-tls-b19-zaryadka\/"},"modified":"2026-02-22T12:39:36","modified_gmt":"2026-02-22T09:39:36","slug":"smartchasy-honor-watch-magic-tls-b19-zaryadka","status":"publish","type":"product","link":"https:\/\/a-pant.ee\/ru\/product\/smartchasy-honor-watch-magic-tls-b19-zaryadka\/","title":{"rendered":"\u0421\u043c\u0430\u0440\u0442\u0447\u0430\u0441\u044b Honor Watch Magic TLS-B19 + \u0437\u0430\u0440\u044f\u0434\u043a\u0430"},"content":{"rendered":"\n<p> \u00a0Nutikell Honor Watch Magic TLS-B19 + laadija, heas seisu- ja t\u00f6\u00f6korras! <\/p><p> KIRJELDUS <\/p><p> Ekraan <br \/> 1,2&#8243; AMOLED <br \/> turvalisus <br \/> niiskuse kaitse <br \/> \u00dchilduvus <br \/> Android, iOS <br \/> Juhtmeta \u00fchendus <br \/> GPS, GLONASS <br \/> J\u00e4relevalve <br \/> kiirendusm\u00f5\u00f5tur, kalorid, pulss, uni, f\u00fc\u00fcsiline aktiivsus <br \/> Aku mahutavus <br \/> 178 mAh <\/p>\n","protected":false},"excerpt":{"rendered":"<p>\u00a0Nutikell Honor Watch Magic TLS-B19 + laadija, heas seisu- ja t\u00f6\u00f6korras! KIRJELDUS Ekraan 1,2&#8243; AMOLED turvalisus niiskuse kaitse \u00dchilduvus Android, iOS Juhtmeta \u00fchendus GPS, GLONASS J\u00e4relevalve kiirendusm\u00f5\u00f5tur, kalorid, pulss, uni, f\u00fc\u00fcsiline aktiivsus Aku mahutavus 178 mAh<\/p>\n","protected":false},"featured_media":23978,"comment_status":"closed","ping_status":"open","template":"","meta":{"inline_featured_image":false},"product_brand":[],"product_cat":[176],"product_tag":[],"class_list":{"0":"post-23977","1":"product","2":"type-product","3":"status-publish","4":"has-post-thumbnail","6":"product_cat-smart-chasy","7":"pa_asukoht-lasnamae","8":"pa_seisukord-ispolzovano","10":"first","11":"instock","12":"taxable","13":"shipping-taxable","14":"purchasable","15":"product-type-simple"},"_links":{"self":[{"href":"https:\/\/a-pant.ee\/ru\/wp-json\/wp\/v2\/product\/23977","targetHints":{"allow":["GET"]}}],"collection":[{"href":"https:\/\/a-pant.ee\/ru\/wp-json\/wp\/v2\/product"}],"about":[{"href":"https:\/\/a-pant.ee\/ru\/wp-json\/wp\/v2\/types\/product"}],"replies":[{"embeddable":true,"href":"https:\/\/a-pant.ee\/ru\/wp-json\/wp\/v2\/comments?post=23977"}],"wp:featuredmedia":[{"embeddable":true,"href":"https:\/\/a-pant.ee\/ru\/wp-json\/wp\/v2\/media\/23978"}],"wp:attachment":[{"href":"https:\/\/a-pant.ee\/ru\/wp-json\/wp\/v2\/media?parent=23977"}],"wp:term":[{"taxonomy":"product_brand","embeddable":true,"href":"https:\/\/a-pant.ee\/ru\/wp-json\/wp\/v2\/product_brand?post=23977"},{"taxonomy":"product_cat","embeddable":true,"href":"https:\/\/a-pant.ee\/ru\/wp-json\/wp\/v2\/product_cat?post=23977"},{"taxonomy":"product_tag","embeddable":true,"href":"https:\/\/a-pant.ee\/ru\/wp-json\/wp\/v2\/product_tag?post=23977"}],"curies":[{"name":"wp","href":"https:\/\/api.w.org\/{rel}","templated":true}]}}