{"id":23964,"date":"2026-02-04T01:19:13","date_gmt":"2026-02-03T22:19:13","guid":{"rendered":"https:\/\/a-pant.ee\/product\/chasy-emporio-armani-ar1410\/"},"modified":"2026-02-22T12:39:41","modified_gmt":"2026-02-22T09:39:41","slug":"chasy-emporio-armani-ar1410","status":"publish","type":"product","link":"https:\/\/a-pant.ee\/ru\/product\/chasy-emporio-armani-ar1410\/","title":{"rendered":"\u0427\u0430\u0441\u044b Emporio Armani AR1410"},"content":{"rendered":"\n<p> \u00a0Meeste k\u00e4ekell Emporio Armani AR1410\u00a0heas seisu- ja t\u00f6\u00f6korras! <\/p><p><br \/> Liikumise t\u00fc\u00fcp <br \/> kvarts <br \/> P\u00f5rand <br \/> meessoost <br \/> Ise\u00e4rasused <br \/> veekindlad, valgustatud nooled <br \/> Veekindel klass <br \/> WR30 (pihustus, vihm) <br \/> Energiaallikas <br \/> akuga t\u00f6\u00f6tav <br \/> Korpuse materjal <br \/> keraamika <br \/> Sisesta t\u00fc\u00fcp <br \/> puudub <br \/> Klaas <br \/> mineraalne <br \/> K\u00e4ev\u00f5ru materjal <br \/> keraamika <\/p>\n","protected":false},"excerpt":{"rendered":"<p>\u00a0Meeste k\u00e4ekell Emporio Armani AR1410\u00a0heas seisu- ja t\u00f6\u00f6korras! Liikumise t\u00fc\u00fcp kvarts P\u00f5rand meessoost Ise\u00e4rasused veekindlad, valgustatud nooled Veekindel klass WR30 (pihustus, vihm) Energiaallikas akuga t\u00f6\u00f6tav Korpuse materjal keraamika Sisesta t\u00fc\u00fcp puudub Klaas mineraalne K\u00e4ev\u00f5ru materjal keraamika<\/p>\n","protected":false},"featured_media":23965,"comment_status":"closed","ping_status":"open","template":"","meta":{"inline_featured_image":false},"product_brand":[],"product_cat":[211],"product_tag":[],"class_list":{"0":"post-23964","1":"product","2":"type-product","3":"status-publish","4":"has-post-thumbnail","6":"product_cat-muzhskie-chasy","7":"pa_asukoht-mustamae","8":"pa_seisukord-ispolzovano","10":"first","11":"instock","12":"taxable","13":"shipping-taxable","14":"purchasable","15":"product-type-simple"},"_links":{"self":[{"href":"https:\/\/a-pant.ee\/ru\/wp-json\/wp\/v2\/product\/23964","targetHints":{"allow":["GET"]}}],"collection":[{"href":"https:\/\/a-pant.ee\/ru\/wp-json\/wp\/v2\/product"}],"about":[{"href":"https:\/\/a-pant.ee\/ru\/wp-json\/wp\/v2\/types\/product"}],"replies":[{"embeddable":true,"href":"https:\/\/a-pant.ee\/ru\/wp-json\/wp\/v2\/comments?post=23964"}],"wp:featuredmedia":[{"embeddable":true,"href":"https:\/\/a-pant.ee\/ru\/wp-json\/wp\/v2\/media\/23965"}],"wp:attachment":[{"href":"https:\/\/a-pant.ee\/ru\/wp-json\/wp\/v2\/media?parent=23964"}],"wp:term":[{"taxonomy":"product_brand","embeddable":true,"href":"https:\/\/a-pant.ee\/ru\/wp-json\/wp\/v2\/product_brand?post=23964"},{"taxonomy":"product_cat","embeddable":true,"href":"https:\/\/a-pant.ee\/ru\/wp-json\/wp\/v2\/product_cat?post=23964"},{"taxonomy":"product_tag","embeddable":true,"href":"https:\/\/a-pant.ee\/ru\/wp-json\/wp\/v2\/product_tag?post=23964"}],"curies":[{"name":"wp","href":"https:\/\/api.w.org\/{rel}","templated":true}]}}