{"id":23957,"date":"2026-02-04T01:19:13","date_gmt":"2026-02-03T22:19:13","guid":{"rendered":"https:\/\/a-pant.ee\/product\/lobzik-hilti-wsj-850-eb\/"},"modified":"2026-02-22T12:39:41","modified_gmt":"2026-02-22T09:39:41","slug":"lobzik-hilti-wsj-850-eb","status":"publish","type":"product","link":"https:\/\/a-pant.ee\/ru\/product\/lobzik-hilti-wsj-850-eb\/","title":{"rendered":"\u041b\u043e\u0431\u0437\u0438\u043a Hilti WSJ 850-EB"},"content":{"rendered":"\n<p> Tikksaag Hilti WSJ 850-EB, heas seisu- ja t\u00f6\u00f6korras! <\/p><p> KIRJELDUS <\/p><p> Max 150mm <\/p><p> V\u00f5im 850w <\/p>\n","protected":false},"excerpt":{"rendered":"<p>Tikksaag Hilti WSJ 850-EB, heas seisu- ja t\u00f6\u00f6korras! KIRJELDUS Max 150mm V\u00f5im 850w<\/p>\n","protected":false},"featured_media":23958,"comment_status":"closed","ping_status":"open","template":"","meta":{"inline_featured_image":false},"product_brand":[],"product_cat":[244],"product_tag":[],"class_list":{"0":"post-23957","1":"product","2":"type-product","3":"status-publish","4":"has-post-thumbnail","6":"product_cat-lobziki","7":"pa_asukoht-mustamae","8":"pa_seisukord-ispolzovano","10":"first","11":"instock","12":"taxable","13":"shipping-taxable","14":"purchasable","15":"product-type-simple"},"_links":{"self":[{"href":"https:\/\/a-pant.ee\/ru\/wp-json\/wp\/v2\/product\/23957","targetHints":{"allow":["GET"]}}],"collection":[{"href":"https:\/\/a-pant.ee\/ru\/wp-json\/wp\/v2\/product"}],"about":[{"href":"https:\/\/a-pant.ee\/ru\/wp-json\/wp\/v2\/types\/product"}],"replies":[{"embeddable":true,"href":"https:\/\/a-pant.ee\/ru\/wp-json\/wp\/v2\/comments?post=23957"}],"wp:featuredmedia":[{"embeddable":true,"href":"https:\/\/a-pant.ee\/ru\/wp-json\/wp\/v2\/media\/23958"}],"wp:attachment":[{"href":"https:\/\/a-pant.ee\/ru\/wp-json\/wp\/v2\/media?parent=23957"}],"wp:term":[{"taxonomy":"product_brand","embeddable":true,"href":"https:\/\/a-pant.ee\/ru\/wp-json\/wp\/v2\/product_brand?post=23957"},{"taxonomy":"product_cat","embeddable":true,"href":"https:\/\/a-pant.ee\/ru\/wp-json\/wp\/v2\/product_cat?post=23957"},{"taxonomy":"product_tag","embeddable":true,"href":"https:\/\/a-pant.ee\/ru\/wp-json\/wp\/v2\/product_tag?post=23957"}],"curies":[{"name":"wp","href":"https:\/\/api.w.org\/{rel}","templated":true}]}}