{"id":23950,"date":"2026-02-04T01:19:13","date_gmt":"2026-02-03T22:19:13","guid":{"rendered":"https:\/\/a-pant.ee\/product\/akkumulyatornyy-sadovyy-pylesos-greenworks-gd40bv\/"},"modified":"2026-02-22T12:39:41","modified_gmt":"2026-02-22T09:39:41","slug":"akkumulyatornyj-sadovyj-pylesos-greenworks-gd40bv-zaryadka","status":"publish","type":"product","link":"https:\/\/a-pant.ee\/ru\/product\/akkumulyatornyj-sadovyj-pylesos-greenworks-gd40bv-zaryadka\/","title":{"rendered":"\u0410\u043a\u043a\u0443\u043c\u0443\u043b\u044f\u0442\u043e\u0440\u043d\u044b\u0439 \u0441\u0430\u0434\u043e\u0432\u044b\u0439 \u043f\u044b\u043b\u0435\u0441\u043e\u0441 Greenworks GD40BV + \u0417\u0430\u0440\u044f\u0434\u043a\u0430"},"content":{"rendered":"\n<p> Aku lehepuhur Greenworks GD40BV + Aku + Laadija, heas seisu- ja t\u00f6\u00f6korras! <\/p><p> KIRJELDUS <\/p><p> Funktsioonid <br \/> imemine, lihvimine, puhumine <br \/> Maksimaalne \u00f5hu kiirus <br \/> 78 m\/s <br \/> Maksimaalne \u00f5huvool <br \/> 578 m\u00b3\/h <br \/> Ise\u00e4rasused <br \/> j\u00e4\u00e4tmekoguja, \u00dclekuumenemiskaitse, \u00dclekoormuskaitse, Kogutud muru mult\u0161imine <br \/> Transpordimeetod <br \/> manuaal <br \/> Aku t\u00fc\u00fcp <br \/> Liitium-ioon <br \/> K\u00fctuse t\u00fc\u00fcp <br \/> elektrit <br \/> mootori t\u00fc\u00fcp <br \/> laetav <br \/> Aku pinge <br \/> 40 V <br \/> Neto kaal <br \/> 4,84 kg <\/p>\n","protected":false},"excerpt":{"rendered":"<p>Aku lehepuhur Greenworks GD40BV + Aku + Laadija, heas seisu- ja t\u00f6\u00f6korras! KIRJELDUS Funktsioonid imemine, lihvimine, puhumine Maksimaalne \u00f5hu kiirus 78 m\/s Maksimaalne \u00f5huvool 578 m\u00b3\/h Ise\u00e4rasused j\u00e4\u00e4tmekoguja, \u00dclekuumenemiskaitse, \u00dclekoormuskaitse, Kogutud muru mult\u0161imine Transpordimeetod manuaal Aku t\u00fc\u00fcp Liitium-ioon K\u00fctuse t\u00fc\u00fcp elektrit mootori t\u00fc\u00fcp laetav Aku pinge 40 V Neto kaal 4,84 kg<\/p>\n","protected":false},"featured_media":23951,"comment_status":"closed","ping_status":"closed","template":"","meta":{"inline_featured_image":false},"product_brand":[],"product_cat":[220],"product_tag":[],"class_list":{"0":"post-23950","1":"product","2":"type-product","3":"status-publish","4":"has-post-thumbnail","6":"product_cat-sadovye-instrumenty","7":"product_shipping_class-oversize","8":"pa_asukoht-mustamae","9":"pa_seisukord-ispolzovano","11":"first","12":"instock","13":"taxable","14":"shipping-taxable","15":"purchasable","16":"product-type-simple"},"_links":{"self":[{"href":"https:\/\/a-pant.ee\/ru\/wp-json\/wp\/v2\/product\/23950","targetHints":{"allow":["GET"]}}],"collection":[{"href":"https:\/\/a-pant.ee\/ru\/wp-json\/wp\/v2\/product"}],"about":[{"href":"https:\/\/a-pant.ee\/ru\/wp-json\/wp\/v2\/types\/product"}],"replies":[{"embeddable":true,"href":"https:\/\/a-pant.ee\/ru\/wp-json\/wp\/v2\/comments?post=23950"}],"wp:featuredmedia":[{"embeddable":true,"href":"https:\/\/a-pant.ee\/ru\/wp-json\/wp\/v2\/media\/23951"}],"wp:attachment":[{"href":"https:\/\/a-pant.ee\/ru\/wp-json\/wp\/v2\/media?parent=23950"}],"wp:term":[{"taxonomy":"product_brand","embeddable":true,"href":"https:\/\/a-pant.ee\/ru\/wp-json\/wp\/v2\/product_brand?post=23950"},{"taxonomy":"product_cat","embeddable":true,"href":"https:\/\/a-pant.ee\/ru\/wp-json\/wp\/v2\/product_cat?post=23950"},{"taxonomy":"product_tag","embeddable":true,"href":"https:\/\/a-pant.ee\/ru\/wp-json\/wp\/v2\/product_tag?post=23950"}],"curies":[{"name":"wp","href":"https:\/\/api.w.org\/{rel}","templated":true}]}}