{"id":23945,"date":"2026-02-04T01:19:13","date_gmt":"2026-02-03T22:19:13","guid":{"rendered":"https:\/\/a-pant.ee\/product\/chasy-raymond-weil-classic-steel-quartz-5577\/"},"modified":"2026-02-22T12:39:40","modified_gmt":"2026-02-22T09:39:40","slug":"chasy-raymond-weil-classic-steel-quartz-5577","status":"publish","type":"product","link":"https:\/\/a-pant.ee\/ru\/product\/chasy-raymond-weil-classic-steel-quartz-5577\/","title":{"rendered":"\u0427\u0430\u0441\u044b Raymond Weil Classic Steel Quartz 5577"},"content":{"rendered":"\n<p> Kaekell Raymond Weil Classic Steel Quartz 5577\u00a0, heas seisu- ja t\u00f6\u00f6korras! <\/p><p> Liikumine: Swiss Quartz Analog ETA (patarei toitega). Funktsioonid: kuup\u00e4evakalender, akna kuvamine. Korpus: k\u00f5rgpoleeritud viimistlus, tugev 316L roostevaba teras. Kristall: safiir. lame profiil. Sihverplaat: valget v\u00e4rvi. Rooma kasutatavad numbrid. K\u00e4ed: sinine v\u00e4rv. Korpuse tagak\u00fclg: tugev roostevaba teras. Snap-on stiil ( press fit ). Tehases graveeritud\/k\u00f5rgendatud logo. Rihm: v\u00e4ga poleeritud viimistlus. Tugev AISI 316L roostevaba teras. Lukk: liblikas (peidetud paigaldaja), keskel avatav. Veekindlus: 30m\/99ft\/3atm. Korpuse suurus: 34,00 mm. 06,00 mm. <\/p>\n","protected":false},"excerpt":{"rendered":"<p>Kaekell Raymond Weil Classic Steel Quartz 5577\u00a0, heas seisu- ja t\u00f6\u00f6korras! Liikumine: Swiss Quartz Analog ETA (patarei toitega). Funktsioonid: kuup\u00e4evakalender, akna kuvamine. Korpus: k\u00f5rgpoleeritud viimistlus, tugev 316L roostevaba teras. Kristall: safiir. lame profiil. Sihverplaat: valget v\u00e4rvi. Rooma kasutatavad numbrid. K\u00e4ed: sinine v\u00e4rv. Korpuse tagak\u00fclg: tugev roostevaba teras. Snap-on stiil ( press fit ). Tehases graveeritud\/k\u00f5rgendatud [&hellip;]<\/p>\n","protected":false},"featured_media":23946,"comment_status":"closed","ping_status":"closed","template":"","meta":{"inline_featured_image":false},"product_brand":[],"product_cat":[211],"product_tag":[],"class_list":{"0":"post-23945","1":"product","2":"type-product","3":"status-publish","4":"has-post-thumbnail","6":"product_cat-muzhskie-chasy","7":"pa_asukoht-mustamae","8":"pa_seisukord-ispolzovano","10":"first","11":"outofstock","12":"taxable","13":"shipping-taxable","14":"purchasable","15":"product-type-simple"},"_links":{"self":[{"href":"https:\/\/a-pant.ee\/ru\/wp-json\/wp\/v2\/product\/23945","targetHints":{"allow":["GET"]}}],"collection":[{"href":"https:\/\/a-pant.ee\/ru\/wp-json\/wp\/v2\/product"}],"about":[{"href":"https:\/\/a-pant.ee\/ru\/wp-json\/wp\/v2\/types\/product"}],"replies":[{"embeddable":true,"href":"https:\/\/a-pant.ee\/ru\/wp-json\/wp\/v2\/comments?post=23945"}],"wp:featuredmedia":[{"embeddable":true,"href":"https:\/\/a-pant.ee\/ru\/wp-json\/wp\/v2\/media\/23946"}],"wp:attachment":[{"href":"https:\/\/a-pant.ee\/ru\/wp-json\/wp\/v2\/media?parent=23945"}],"wp:term":[{"taxonomy":"product_brand","embeddable":true,"href":"https:\/\/a-pant.ee\/ru\/wp-json\/wp\/v2\/product_brand?post=23945"},{"taxonomy":"product_cat","embeddable":true,"href":"https:\/\/a-pant.ee\/ru\/wp-json\/wp\/v2\/product_cat?post=23945"},{"taxonomy":"product_tag","embeddable":true,"href":"https:\/\/a-pant.ee\/ru\/wp-json\/wp\/v2\/product_tag?post=23945"}],"curies":[{"name":"wp","href":"https:\/\/api.w.org\/{rel}","templated":true}]}}