{"id":23916,"date":"2026-02-04T01:19:13","date_gmt":"2026-02-03T22:19:13","guid":{"rendered":"https:\/\/a-pant.ee\/product\/akkumulyatornaya-diskovaya-pila-milwaukee-m12-ccs44-402c\/"},"modified":"2026-02-22T12:39:40","modified_gmt":"2026-02-22T09:39:40","slug":"akkumulyatornaya-diskovaya-pila-milwaukee-m12-ccs44-402c","status":"publish","type":"product","link":"https:\/\/a-pant.ee\/ru\/product\/akkumulyatornaya-diskovaya-pila-milwaukee-m12-ccs44-402c\/","title":{"rendered":"\u0410\u043a\u043a\u0443\u043c\u0443\u043b\u044f\u0442\u043e\u0440\u043d\u0430\u044f \u0434\u0438\u0441\u043a\u043e\u0432\u0430\u044f \u043f\u0438\u043b\u0430 Milwaukee M12 CCS44-402C"},"content":{"rendered":"\n<p> Akuketassaag Milwaukee M12 FUEL CCS44-402C + kohver\u00a0komplekt, heas seisu- ja t\u00f6\u00f6korras! <\/p><p> 2tk aku + laadija <\/p><p><br \/> Plaadi l\u00e4bim\u00f5\u00f5t <br \/> 140 mm <br \/> Maandumise l\u00e4bim\u00f5\u00f5t <br \/> 20 mm <br \/> L\u00f5ikes\u00fcgavus (90\u00b0) <br \/> 44 mm <br \/> Aku <br \/> Liitiumioon, 12 V, 4 Ah <br \/> P\u00f6\u00f6rlemiskiirus <br \/> 3600 p\u00f6\u00f6ret minutis <br \/> Funktsioonid <br \/> taustvalgus, elektrooniline mootorikaitse <br \/> Kaal <br \/> 2,7 kg <\/p>\n","protected":false},"excerpt":{"rendered":"<p>Akuketassaag Milwaukee M12 FUEL CCS44-402C + kohver\u00a0komplekt, heas seisu- ja t\u00f6\u00f6korras! 2tk aku + laadija Plaadi l\u00e4bim\u00f5\u00f5t 140 mm Maandumise l\u00e4bim\u00f5\u00f5t 20 mm L\u00f5ikes\u00fcgavus (90\u00b0) 44 mm Aku Liitiumioon, 12 V, 4 Ah P\u00f6\u00f6rlemiskiirus 3600 p\u00f6\u00f6ret minutis Funktsioonid taustvalgus, elektrooniline mootorikaitse Kaal 2,7 kg<\/p>\n","protected":false},"featured_media":23917,"comment_status":"closed","ping_status":"open","template":"","meta":{"inline_featured_image":false},"product_brand":[],"product_cat":[230],"product_tag":[],"class_list":{"0":"post-23916","1":"product","2":"type-product","3":"status-publish","4":"has-post-thumbnail","6":"product_cat-czirkulyarnye-pily","7":"pa_asukoht-mustamae","8":"pa_seisukord-ispolzovano","10":"first","11":"instock","12":"taxable","13":"shipping-taxable","14":"purchasable","15":"product-type-simple"},"_links":{"self":[{"href":"https:\/\/a-pant.ee\/ru\/wp-json\/wp\/v2\/product\/23916","targetHints":{"allow":["GET"]}}],"collection":[{"href":"https:\/\/a-pant.ee\/ru\/wp-json\/wp\/v2\/product"}],"about":[{"href":"https:\/\/a-pant.ee\/ru\/wp-json\/wp\/v2\/types\/product"}],"replies":[{"embeddable":true,"href":"https:\/\/a-pant.ee\/ru\/wp-json\/wp\/v2\/comments?post=23916"}],"wp:featuredmedia":[{"embeddable":true,"href":"https:\/\/a-pant.ee\/ru\/wp-json\/wp\/v2\/media\/23917"}],"wp:attachment":[{"href":"https:\/\/a-pant.ee\/ru\/wp-json\/wp\/v2\/media?parent=23916"}],"wp:term":[{"taxonomy":"product_brand","embeddable":true,"href":"https:\/\/a-pant.ee\/ru\/wp-json\/wp\/v2\/product_brand?post=23916"},{"taxonomy":"product_cat","embeddable":true,"href":"https:\/\/a-pant.ee\/ru\/wp-json\/wp\/v2\/product_cat?post=23916"},{"taxonomy":"product_tag","embeddable":true,"href":"https:\/\/a-pant.ee\/ru\/wp-json\/wp\/v2\/product_tag?post=23916"}],"curies":[{"name":"wp","href":"https:\/\/api.w.org\/{rel}","templated":true}]}}