{"id":23910,"date":"2026-02-04T01:19:13","date_gmt":"2026-02-03T22:19:13","guid":{"rendered":"https:\/\/a-pant.ee\/product\/smart-chasy-huawei-watch-fit-tia-b09\/"},"modified":"2026-02-22T12:39:40","modified_gmt":"2026-02-22T09:39:40","slug":"smart-chasy-huawei-watch-fit-tia-b09","status":"publish","type":"product","link":"https:\/\/a-pant.ee\/ru\/product\/smart-chasy-huawei-watch-fit-tia-b09\/","title":{"rendered":"\u0421\u043c\u0430\u0440\u0442-\u0447\u0430\u0441\u044b Huawei Watch Fit TIA-B09"},"content":{"rendered":"\n<p> Nutikell HUAWEI Watch Fit Black (TIA-B09)\u00a0heas seisu- ja t\u00f6\u00f6korras! <\/p><p> karp + laadija <\/p><p><br \/><br \/> Ekraani diagonaal 1,64 tolli <br \/> Puuteekraan Jah <br \/> Ekraani t\u00fc\u00fcp V\u00e4rv <br \/> AMOLED ekraanimaatriksi t\u00fc\u00fcp <br \/> Ekraani eraldusv\u00f5ime 456&#215;280 <br \/> Punktide tihedus 326 ppi <br \/> \u00dchend <br \/> Bluetooth juhtmevaba \u00fchendus <br \/> Bluetooth 5.0LE <br \/> M\u00e4lu <br \/> Sisseehitatud m\u00e4lu 4 GB <\/p>\n","protected":false},"excerpt":{"rendered":"<p>Nutikell HUAWEI Watch Fit Black (TIA-B09)\u00a0heas seisu- ja t\u00f6\u00f6korras! karp + laadija Ekraani diagonaal 1,64 tolli Puuteekraan Jah Ekraani t\u00fc\u00fcp V\u00e4rv AMOLED ekraanimaatriksi t\u00fc\u00fcp Ekraani eraldusv\u00f5ime 456&#215;280 Punktide tihedus 326 ppi \u00dchend Bluetooth juhtmevaba \u00fchendus Bluetooth 5.0LE M\u00e4lu Sisseehitatud m\u00e4lu 4 GB<\/p>\n","protected":false},"featured_media":23911,"comment_status":"closed","ping_status":"open","template":"","meta":{"inline_featured_image":false},"product_brand":[],"product_cat":[176],"product_tag":[],"class_list":{"0":"post-23910","1":"product","2":"type-product","3":"status-publish","4":"has-post-thumbnail","6":"product_cat-smart-chasy","7":"pa_asukoht-mustamae","8":"pa_seisukord-ispolzovano","10":"first","11":"instock","12":"taxable","13":"shipping-taxable","14":"purchasable","15":"product-type-simple"},"_links":{"self":[{"href":"https:\/\/a-pant.ee\/ru\/wp-json\/wp\/v2\/product\/23910","targetHints":{"allow":["GET"]}}],"collection":[{"href":"https:\/\/a-pant.ee\/ru\/wp-json\/wp\/v2\/product"}],"about":[{"href":"https:\/\/a-pant.ee\/ru\/wp-json\/wp\/v2\/types\/product"}],"replies":[{"embeddable":true,"href":"https:\/\/a-pant.ee\/ru\/wp-json\/wp\/v2\/comments?post=23910"}],"wp:featuredmedia":[{"embeddable":true,"href":"https:\/\/a-pant.ee\/ru\/wp-json\/wp\/v2\/media\/23911"}],"wp:attachment":[{"href":"https:\/\/a-pant.ee\/ru\/wp-json\/wp\/v2\/media?parent=23910"}],"wp:term":[{"taxonomy":"product_brand","embeddable":true,"href":"https:\/\/a-pant.ee\/ru\/wp-json\/wp\/v2\/product_brand?post=23910"},{"taxonomy":"product_cat","embeddable":true,"href":"https:\/\/a-pant.ee\/ru\/wp-json\/wp\/v2\/product_cat?post=23910"},{"taxonomy":"product_tag","embeddable":true,"href":"https:\/\/a-pant.ee\/ru\/wp-json\/wp\/v2\/product_tag?post=23910"}],"curies":[{"name":"wp","href":"https:\/\/api.w.org\/{rel}","templated":true}]}}