{"id":23903,"date":"2026-02-04T01:19:13","date_gmt":"2026-02-03T22:19:13","guid":{"rendered":"https:\/\/a-pant.ee\/product\/lazernyj-dalnomer-einhell-tc-ld-50-chehol\/"},"modified":"2026-02-22T12:39:40","modified_gmt":"2026-02-22T09:39:40","slug":"lazernyj-dalnomer-einhell-tc-ld-50-chehol","status":"publish","type":"product","link":"https:\/\/a-pant.ee\/ru\/product\/lazernyj-dalnomer-einhell-tc-ld-50-chehol\/","title":{"rendered":"\u041b\u0430\u0437\u0435\u0440\u043d\u044b\u0439 \u0434\u0430\u043b\u044c\u043d\u043e\u043c\u0435\u0440 Einhell TC-LD 50 + \u0427\u0435\u0445\u043e\u043b"},"content":{"rendered":"\n<p> Laserkaugusm\u00f5\u00f5tja Einhell TC-LD 50 + Kott, heas seisu- ja t\u00f6\u00f6korras! <\/p><p> KIRJELDUS <\/p><p> Toide: 2x 1,5V AAA patarei <br \/> M\u00f5\u00f5tevahemik: 0,05 m &#8212; 50 m <br \/> T\u00e4psus: 2 mm\/m <br \/> Laseri klass: II <br \/> Laseri tugevus: 635 nm <\/p>\n","protected":false},"excerpt":{"rendered":"<p>Laserkaugusm\u00f5\u00f5tja Einhell TC-LD 50 + Kott, heas seisu- ja t\u00f6\u00f6korras! KIRJELDUS Toide: 2x 1,5V AAA patarei M\u00f5\u00f5tevahemik: 0,05 m &#8212; 50 m T\u00e4psus: 2 mm\/m Laseri klass: II Laseri tugevus: 635 nm<\/p>\n","protected":false},"featured_media":23904,"comment_status":"closed","ping_status":"open","template":"","meta":{"inline_featured_image":false},"product_brand":[],"product_cat":[234],"product_tag":[],"class_list":{"0":"post-23903","1":"product","2":"type-product","3":"status-publish","4":"has-post-thumbnail","6":"product_cat-izmeritelnye-pribory","7":"pa_asukoht-mustamae","8":"pa_seisukord-ispolzovano","10":"first","11":"instock","12":"taxable","13":"shipping-taxable","14":"purchasable","15":"product-type-simple"},"_links":{"self":[{"href":"https:\/\/a-pant.ee\/ru\/wp-json\/wp\/v2\/product\/23903","targetHints":{"allow":["GET"]}}],"collection":[{"href":"https:\/\/a-pant.ee\/ru\/wp-json\/wp\/v2\/product"}],"about":[{"href":"https:\/\/a-pant.ee\/ru\/wp-json\/wp\/v2\/types\/product"}],"replies":[{"embeddable":true,"href":"https:\/\/a-pant.ee\/ru\/wp-json\/wp\/v2\/comments?post=23903"}],"wp:featuredmedia":[{"embeddable":true,"href":"https:\/\/a-pant.ee\/ru\/wp-json\/wp\/v2\/media\/23904"}],"wp:attachment":[{"href":"https:\/\/a-pant.ee\/ru\/wp-json\/wp\/v2\/media?parent=23903"}],"wp:term":[{"taxonomy":"product_brand","embeddable":true,"href":"https:\/\/a-pant.ee\/ru\/wp-json\/wp\/v2\/product_brand?post=23903"},{"taxonomy":"product_cat","embeddable":true,"href":"https:\/\/a-pant.ee\/ru\/wp-json\/wp\/v2\/product_cat?post=23903"},{"taxonomy":"product_tag","embeddable":true,"href":"https:\/\/a-pant.ee\/ru\/wp-json\/wp\/v2\/product_tag?post=23903"}],"curies":[{"name":"wp","href":"https:\/\/api.w.org\/{rel}","templated":true}]}}