{"id":23899,"date":"2026-02-04T01:19:13","date_gmt":"2026-02-03T22:19:13","guid":{"rendered":"https:\/\/a-pant.ee\/product\/muzhskie-chasy-fred-bennett-korobka\/"},"modified":"2026-02-22T12:39:40","modified_gmt":"2026-02-22T09:39:40","slug":"muzhskie-chasy-fred-bennett-korobka","status":"publish","type":"product","link":"https:\/\/a-pant.ee\/ru\/product\/muzhskie-chasy-fred-bennett-korobka\/","title":{"rendered":"\u041c\u0443\u0436\u0441\u043a\u0438\u0435 \u0447\u0430\u0441\u044b Fred Bennett + \u041a\u043e\u0440\u043e\u0431\u043a\u0430"},"content":{"rendered":"\n<p> Meeste kell Fred Bennett + Karp, heas seisu- ja t\u00f6\u00f6korras! <br \/><\/p><p> Esineb m\u00f5ned v\u00e4ikesed kriimud. <\/p>\n","protected":false},"excerpt":{"rendered":"<p>Meeste kell Fred Bennett + Karp, heas seisu- ja t\u00f6\u00f6korras! Esineb m\u00f5ned v\u00e4ikesed kriimud.<\/p>\n","protected":false},"featured_media":23900,"comment_status":"closed","ping_status":"open","template":"","meta":{"inline_featured_image":false},"product_brand":[],"product_cat":[211],"product_tag":[],"class_list":{"0":"post-23899","1":"product","2":"type-product","3":"status-publish","4":"has-post-thumbnail","6":"product_cat-muzhskie-chasy","7":"pa_asukoht-mustamae","8":"pa_seisukord-ispolzovano","10":"first","11":"instock","12":"taxable","13":"shipping-taxable","14":"purchasable","15":"product-type-simple"},"_links":{"self":[{"href":"https:\/\/a-pant.ee\/ru\/wp-json\/wp\/v2\/product\/23899","targetHints":{"allow":["GET"]}}],"collection":[{"href":"https:\/\/a-pant.ee\/ru\/wp-json\/wp\/v2\/product"}],"about":[{"href":"https:\/\/a-pant.ee\/ru\/wp-json\/wp\/v2\/types\/product"}],"replies":[{"embeddable":true,"href":"https:\/\/a-pant.ee\/ru\/wp-json\/wp\/v2\/comments?post=23899"}],"wp:featuredmedia":[{"embeddable":true,"href":"https:\/\/a-pant.ee\/ru\/wp-json\/wp\/v2\/media\/23900"}],"wp:attachment":[{"href":"https:\/\/a-pant.ee\/ru\/wp-json\/wp\/v2\/media?parent=23899"}],"wp:term":[{"taxonomy":"product_brand","embeddable":true,"href":"https:\/\/a-pant.ee\/ru\/wp-json\/wp\/v2\/product_brand?post=23899"},{"taxonomy":"product_cat","embeddable":true,"href":"https:\/\/a-pant.ee\/ru\/wp-json\/wp\/v2\/product_cat?post=23899"},{"taxonomy":"product_tag","embeddable":true,"href":"https:\/\/a-pant.ee\/ru\/wp-json\/wp\/v2\/product_tag?post=23899"}],"curies":[{"name":"wp","href":"https:\/\/api.w.org\/{rel}","templated":true}]}}