{"id":23882,"date":"2026-02-04T01:19:13","date_gmt":"2026-02-03T22:19:13","guid":{"rendered":"https:\/\/a-pant.ee\/product\/pistolet-dlya-gvozdej-paslode-im65a-f16\/"},"modified":"2026-02-22T12:39:39","modified_gmt":"2026-02-22T09:39:39","slug":"pistolet-dlya-gvozdej-paslode-im65a-f16-aku-2tk-zaryadka","status":"publish","type":"product","link":"https:\/\/a-pant.ee\/ru\/product\/pistolet-dlya-gvozdej-paslode-im65a-f16-aku-2tk-zaryadka\/","title":{"rendered":"\u041f\u0438\u0441\u0442\u043e\u043b\u0435\u0442 \u0434\u043b\u044f \u0433\u0432\u043e\u0437\u0434\u0435\u0439 Paslode IM65A F16 + \u0430\u043a\u0443 2\u0442\u043a + \u0437\u0430\u0440\u044f\u0434\u043a\u0430"},"content":{"rendered":"\n<p> \u00a0Naelap\u00fcstol Paslode IM65A F16 + akud 2tk + laadija + kohver,\u00a0heas seisu- ja t\u00f6\u00f6korras! <\/p><p> KIRJELDUS <\/p><p> TootjaPaslode <\/p><p> Kaal2 kg <\/p><p> Kogukaal koos pakendiga5.02 kg <\/p><p> T\u00f6\u00f6riista m\u00f5\u00f5tmed303x288x90 mm <\/p><p> Professionaalidele \/ AsjaarmastajateleProfessionaalidele <\/p><p> Mootori t\u00fc\u00fcpAkutoitega <\/p><p> Kas komplekt sisaldab akutJah <\/p><p> AkukeemiaLi-Ion (Liitiumioonaku) <\/p><p> Aku pinge7,4 V <\/p><p> Aku maht1,25 Ah <\/p><p> Aku maht ja suurus1x1,25 Ah <\/p><p> Laadimise kestus60 min <\/p><p> Naela diameeter1,4 mm, 1,5 mm, 1,6 mm <\/p><p> Naela pikkus32-63 mm <\/p><p> Maksimum kogus ribal100 <\/p><p> Laskude arv \u00fche laetud akuga6000 <\/p><p> ImpulssJah <\/p>\n","protected":false},"excerpt":{"rendered":"<p>\u00a0Naelap\u00fcstol Paslode IM65A F16 + akud 2tk + laadija + kohver,\u00a0heas seisu- ja t\u00f6\u00f6korras! KIRJELDUS TootjaPaslode Kaal2 kg Kogukaal koos pakendiga5.02 kg T\u00f6\u00f6riista m\u00f5\u00f5tmed303x288x90 mm Professionaalidele \/ AsjaarmastajateleProfessionaalidele Mootori t\u00fc\u00fcpAkutoitega Kas komplekt sisaldab akutJah AkukeemiaLi-Ion (Liitiumioonaku) Aku pinge7,4 V Aku maht1,25 Ah Aku maht ja suurus1x1,25 Ah Laadimise kestus60 min Naela diameeter1,4 mm, 1,5 mm, [&hellip;]<\/p>\n","protected":false},"featured_media":23883,"comment_status":"closed","ping_status":"open","template":"","meta":{"inline_featured_image":false},"product_brand":[],"product_cat":[224],"product_tag":[],"class_list":{"0":"post-23882","1":"product","2":"type-product","3":"status-publish","4":"has-post-thumbnail","6":"product_cat-gazovye-pistolety","7":"pa_asukoht-lasnamae","8":"pa_seisukord-ispolzovano","10":"first","11":"instock","12":"taxable","13":"shipping-taxable","14":"purchasable","15":"product-type-simple"},"_links":{"self":[{"href":"https:\/\/a-pant.ee\/ru\/wp-json\/wp\/v2\/product\/23882","targetHints":{"allow":["GET"]}}],"collection":[{"href":"https:\/\/a-pant.ee\/ru\/wp-json\/wp\/v2\/product"}],"about":[{"href":"https:\/\/a-pant.ee\/ru\/wp-json\/wp\/v2\/types\/product"}],"replies":[{"embeddable":true,"href":"https:\/\/a-pant.ee\/ru\/wp-json\/wp\/v2\/comments?post=23882"}],"wp:featuredmedia":[{"embeddable":true,"href":"https:\/\/a-pant.ee\/ru\/wp-json\/wp\/v2\/media\/23883"}],"wp:attachment":[{"href":"https:\/\/a-pant.ee\/ru\/wp-json\/wp\/v2\/media?parent=23882"}],"wp:term":[{"taxonomy":"product_brand","embeddable":true,"href":"https:\/\/a-pant.ee\/ru\/wp-json\/wp\/v2\/product_brand?post=23882"},{"taxonomy":"product_cat","embeddable":true,"href":"https:\/\/a-pant.ee\/ru\/wp-json\/wp\/v2\/product_cat?post=23882"},{"taxonomy":"product_tag","embeddable":true,"href":"https:\/\/a-pant.ee\/ru\/wp-json\/wp\/v2\/product_tag?post=23882"}],"curies":[{"name":"wp","href":"https:\/\/api.w.org\/{rel}","templated":true}]}}