{"id":23872,"date":"2026-02-04T01:19:13","date_gmt":"2026-02-03T22:19:13","guid":{"rendered":"https:\/\/a-pant.ee\/product\/elektroplitkorez-rubi-du-200-evo\/"},"modified":"2026-02-22T12:39:39","modified_gmt":"2026-02-22T09:39:39","slug":"elektroplitkorez-rubi-du-200-evo-kabel-shurupy-vedro","status":"publish","type":"product","link":"https:\/\/a-pant.ee\/ru\/product\/elektroplitkorez-rubi-du-200-evo-kabel-shurupy-vedro\/","title":{"rendered":"\u042d\u043b\u0435\u043a\u0442\u0440\u043e\u043f\u043b\u0438\u0442\u043a\u043e\u0440\u0435\u0437 Rubi DU-200 EVO +\u043a\u0430\u0431\u0435\u043b\u044c+ \u0448\u0443\u0440\u0443\u043f\u044b + \u0432\u0435\u0434\u0440\u043e"},"content":{"rendered":"\n<p> Plaadil\u00f5ikur Rubi DU-200 EVO + juhend + kruvid + veen\u00f5u\u00a0, heas seisu- ja t\u00f6\u00f6korras! <\/p><p> KIRJELDUS <\/p><p> Ehitust\u00fc\u00fcp <\/p><p> silla masin <\/p><p> ajami t\u00fc\u00fcp <\/p><p> K\u00e4siraamat <\/p><p> Max l\u00f5ikepikkus <\/p><p> 650 mm <\/p><p> Maksimaalne l\u00f5ikes\u00fcgavus 90 kraadi juures <\/p><p> 35 mm <\/p><p> L\u00f5ikeketta maksimaalne v\u00e4lisl\u00e4bim\u00f5\u00f5t <\/p><p> 200 mm <\/p><p> Ketta maandumisl\u00e4bim\u00f5\u00f5t <\/p><p> 25,4 mm <\/p><p> Plaadi nurk <\/p><p> 90 kraadi <\/p><p> Energiatarve <\/p><p> 800 W <\/p><p> V\u00f5rgupinge <\/p><p> 220 V <\/p><p> Maksimaalne plaadi suurus, LxW <\/p><p> 450&#215;450 mm <\/p><p> Suurus (PxLxK) <\/p><p> 1170x390x1020 mm <\/p><p> Kaal <\/p><p> 22,5 kg <\/p>\n","protected":false},"excerpt":{"rendered":"<p>Plaadil\u00f5ikur Rubi DU-200 EVO + juhend + kruvid + veen\u00f5u\u00a0, heas seisu- ja t\u00f6\u00f6korras! KIRJELDUS Ehitust\u00fc\u00fcp silla masin ajami t\u00fc\u00fcp K\u00e4siraamat Max l\u00f5ikepikkus 650 mm Maksimaalne l\u00f5ikes\u00fcgavus 90 kraadi juures 35 mm L\u00f5ikeketta maksimaalne v\u00e4lisl\u00e4bim\u00f5\u00f5t 200 mm Ketta maandumisl\u00e4bim\u00f5\u00f5t 25,4 mm Plaadi nurk 90 kraadi Energiatarve 800 W V\u00f5rgupinge 220 V Maksimaalne plaadi suurus, LxW [&hellip;]<\/p>\n","protected":false},"featured_media":23873,"comment_status":"closed","ping_status":"open","template":"","meta":{"inline_featured_image":false},"product_brand":[],"product_cat":[246],"product_tag":[],"class_list":{"0":"post-23872","1":"product","2":"type-product","3":"status-publish","4":"has-post-thumbnail","6":"product_cat-instrumenty-drugoe","7":"pa_asukoht-lasnamae","8":"pa_seisukord-ispolzovano","10":"first","11":"instock","12":"taxable","13":"shipping-taxable","14":"purchasable","15":"product-type-simple"},"_links":{"self":[{"href":"https:\/\/a-pant.ee\/ru\/wp-json\/wp\/v2\/product\/23872","targetHints":{"allow":["GET"]}}],"collection":[{"href":"https:\/\/a-pant.ee\/ru\/wp-json\/wp\/v2\/product"}],"about":[{"href":"https:\/\/a-pant.ee\/ru\/wp-json\/wp\/v2\/types\/product"}],"replies":[{"embeddable":true,"href":"https:\/\/a-pant.ee\/ru\/wp-json\/wp\/v2\/comments?post=23872"}],"wp:featuredmedia":[{"embeddable":true,"href":"https:\/\/a-pant.ee\/ru\/wp-json\/wp\/v2\/media\/23873"}],"wp:attachment":[{"href":"https:\/\/a-pant.ee\/ru\/wp-json\/wp\/v2\/media?parent=23872"}],"wp:term":[{"taxonomy":"product_brand","embeddable":true,"href":"https:\/\/a-pant.ee\/ru\/wp-json\/wp\/v2\/product_brand?post=23872"},{"taxonomy":"product_cat","embeddable":true,"href":"https:\/\/a-pant.ee\/ru\/wp-json\/wp\/v2\/product_cat?post=23872"},{"taxonomy":"product_tag","embeddable":true,"href":"https:\/\/a-pant.ee\/ru\/wp-json\/wp\/v2\/product_tag?post=23872"}],"curies":[{"name":"wp","href":"https:\/\/api.w.org\/{rel}","templated":true}]}}