{"id":23866,"date":"2026-02-04T01:19:13","date_gmt":"2026-02-03T22:19:13","guid":{"rendered":"https:\/\/a-pant.ee\/product\/noutbuk-dell-latitude-5430-zaryadka\/"},"modified":"2026-02-22T12:39:39","modified_gmt":"2026-02-22T09:39:39","slug":"noutbuk-dell-latitude-5430-zaryadka","status":"publish","type":"product","link":"https:\/\/a-pant.ee\/ru\/product\/noutbuk-dell-latitude-5430-zaryadka\/","title":{"rendered":"\u041d\u043e\u0443\u0442\u0431\u0443\u043a Dell latitude 5430 + \u0437\u0430\u0440\u044f\u0434\u043a\u0430"},"content":{"rendered":"\n<p> Sulearvuti Dell latitude 5430 + laadija\u00a0, heas seisu- ja t\u00f6\u00f6korras! <\/p><p> karp <\/p><p> KIRJELDUS <\/p><p> Protsessor (CPU) : Intel Core i5 &#8212; 1245U 12cpu 1.6ghzz <\/p><p> Operatiiv m\u00e4lu 16 GB DDR4 <\/p><p> K\u00f5vaketas:512GB SSD <\/p><p> videokarta Intel Iris Xe 128mb <\/p><p> Operatsioonis\u00fcsteem:Windows 11 <\/p>\n","protected":false},"excerpt":{"rendered":"<p>Sulearvuti Dell latitude 5430 + laadija\u00a0, heas seisu- ja t\u00f6\u00f6korras! karp KIRJELDUS Protsessor (CPU) : Intel Core i5 &#8212; 1245U 12cpu 1.6ghzz Operatiiv m\u00e4lu 16 GB DDR4 K\u00f5vaketas:512GB SSD videokarta Intel Iris Xe 128mb Operatsioonis\u00fcsteem:Windows 11<\/p>\n","protected":false},"featured_media":23867,"comment_status":"closed","ping_status":"closed","template":"","meta":{"inline_featured_image":false},"product_brand":[],"product_cat":[179],"product_tag":[],"class_list":{"0":"post-23866","1":"product","2":"type-product","3":"status-publish","4":"has-post-thumbnail","6":"product_cat-noutbuki","7":"pa_asukoht-mustamae","8":"pa_seisukord-ispolzovano","10":"first","11":"outofstock","12":"taxable","13":"shipping-taxable","14":"purchasable","15":"product-type-simple"},"_links":{"self":[{"href":"https:\/\/a-pant.ee\/ru\/wp-json\/wp\/v2\/product\/23866","targetHints":{"allow":["GET"]}}],"collection":[{"href":"https:\/\/a-pant.ee\/ru\/wp-json\/wp\/v2\/product"}],"about":[{"href":"https:\/\/a-pant.ee\/ru\/wp-json\/wp\/v2\/types\/product"}],"replies":[{"embeddable":true,"href":"https:\/\/a-pant.ee\/ru\/wp-json\/wp\/v2\/comments?post=23866"}],"wp:featuredmedia":[{"embeddable":true,"href":"https:\/\/a-pant.ee\/ru\/wp-json\/wp\/v2\/media\/23867"}],"wp:attachment":[{"href":"https:\/\/a-pant.ee\/ru\/wp-json\/wp\/v2\/media?parent=23866"}],"wp:term":[{"taxonomy":"product_brand","embeddable":true,"href":"https:\/\/a-pant.ee\/ru\/wp-json\/wp\/v2\/product_brand?post=23866"},{"taxonomy":"product_cat","embeddable":true,"href":"https:\/\/a-pant.ee\/ru\/wp-json\/wp\/v2\/product_cat?post=23866"},{"taxonomy":"product_tag","embeddable":true,"href":"https:\/\/a-pant.ee\/ru\/wp-json\/wp\/v2\/product_tag?post=23866"}],"curies":[{"name":"wp","href":"https:\/\/api.w.org\/{rel}","templated":true}]}}