{"id":23832,"date":"2026-02-04T01:11:36","date_gmt":"2026-02-03T22:11:36","guid":{"rendered":"https:\/\/a-pant.ee\/product\/rotatsionnyy-lazer-leica-roteo-35-komplektuyushchie-yashchik\/"},"modified":"2026-02-22T12:47:03","modified_gmt":"2026-02-22T09:47:03","slug":"rotaczionnyj-lazer-leica-roteo-35-komplektuyushhie-yashhik","status":"publish","type":"product","link":"https:\/\/a-pant.ee\/ru\/product\/rotaczionnyj-lazer-leica-roteo-35-komplektuyushhie-yashhik\/","title":{"rendered":"\u0420\u043e\u0442\u0430\u0446\u0438\u043e\u043d\u043d\u044b\u0439 \u043b\u0430\u0437\u0435\u0440 Leica roteo 35 + \u043a\u043e\u043c\u043f\u043b\u0435\u043a\u0442\u0443\u044e\u0449\u0438\u0435 + \u044f\u0449\u0438\u043a"},"content":{"rendered":"\n<p> P\u00f6\u00f6rdlaser Leica Roteo 35 + komplekt + kohver\u00a0, heas seisu- ja t\u00f6\u00f6korras! <\/p><p> KIRJELDUS <\/p><p> Ip laser 635 nm <\/p><p> Laseri klass 2. <\/p><p> T\u00f6\u00f6vahemik vastuv\u00f5tjaga 150 m <\/p><p> Ehituse t\u00e4psus \u00b1 3 mm 30 m kohta <\/p><p> Joondusvahemik 4,5 \u00b0 \u00b1 0,5 \u00b0 <\/p><p> T\u00f6\u00f6 t \u00b0 -10 +50 <\/p><p> S\u00e4ilitus temperatuur -20 +70 <\/p><p> M\u00f5\u00f5tmed MM 189x136x208 <\/p><p> Kaal kg 1,7 <\/p><p> Kaitse tolmu ja niiskuse eest IP54 <\/p>\n","protected":false},"excerpt":{"rendered":"<p>P\u00f6\u00f6rdlaser Leica Roteo 35 + komplekt + kohver\u00a0, heas seisu- ja t\u00f6\u00f6korras! KIRJELDUS Ip laser 635 nm Laseri klass 2. T\u00f6\u00f6vahemik vastuv\u00f5tjaga 150 m Ehituse t\u00e4psus \u00b1 3 mm 30 m kohta Joondusvahemik 4,5 \u00b0 \u00b1 0,5 \u00b0 T\u00f6\u00f6 t \u00b0 -10 +50 S\u00e4ilitus temperatuur -20 +70 M\u00f5\u00f5tmed MM 189x136x208 Kaal kg 1,7 Kaitse tolmu [&hellip;]<\/p>\n","protected":false},"featured_media":23833,"comment_status":"closed","ping_status":"open","template":"","meta":{"inline_featured_image":false},"product_brand":[],"product_cat":[232],"product_tag":[],"class_list":{"0":"post-23832","1":"product","2":"type-product","3":"status-publish","4":"has-post-thumbnail","6":"product_cat-lazernye-niveliry","7":"pa_asukoht-lasnamae","8":"pa_seisukord-ispolzovano","10":"first","11":"instock","12":"taxable","13":"shipping-taxable","14":"purchasable","15":"product-type-simple"},"_links":{"self":[{"href":"https:\/\/a-pant.ee\/ru\/wp-json\/wp\/v2\/product\/23832","targetHints":{"allow":["GET"]}}],"collection":[{"href":"https:\/\/a-pant.ee\/ru\/wp-json\/wp\/v2\/product"}],"about":[{"href":"https:\/\/a-pant.ee\/ru\/wp-json\/wp\/v2\/types\/product"}],"replies":[{"embeddable":true,"href":"https:\/\/a-pant.ee\/ru\/wp-json\/wp\/v2\/comments?post=23832"}],"wp:featuredmedia":[{"embeddable":true,"href":"https:\/\/a-pant.ee\/ru\/wp-json\/wp\/v2\/media\/23833"}],"wp:attachment":[{"href":"https:\/\/a-pant.ee\/ru\/wp-json\/wp\/v2\/media?parent=23832"}],"wp:term":[{"taxonomy":"product_brand","embeddable":true,"href":"https:\/\/a-pant.ee\/ru\/wp-json\/wp\/v2\/product_brand?post=23832"},{"taxonomy":"product_cat","embeddable":true,"href":"https:\/\/a-pant.ee\/ru\/wp-json\/wp\/v2\/product_cat?post=23832"},{"taxonomy":"product_tag","embeddable":true,"href":"https:\/\/a-pant.ee\/ru\/wp-json\/wp\/v2\/product_tag?post=23832"}],"curies":[{"name":"wp","href":"https:\/\/api.w.org\/{rel}","templated":true}]}}