{"id":23825,"date":"2026-02-04T01:11:36","date_gmt":"2026-02-03T22:11:36","guid":{"rendered":"https:\/\/a-pant.ee\/product\/umnye-chasy-honor-watch-magic-2-46mm\/"},"modified":"2026-02-22T12:47:02","modified_gmt":"2026-02-22T09:47:02","slug":"umnye-chasy-honor-watch-magic-2-46mm-korobka-zaryadka","status":"publish","type":"product","link":"https:\/\/a-pant.ee\/ru\/product\/umnye-chasy-honor-watch-magic-2-46mm-korobka-zaryadka\/","title":{"rendered":"\u0423\u043c\u043d\u044b\u0435 \u0427\u0430\u0441\u044b Honor Watch Magic 2 46mm + \u043a\u043e\u0440\u043e\u0431\u043a\u0430 + \u0437\u0430\u0440\u044f\u0434\u043a\u0430"},"content":{"rendered":"\n<p> Nutikell Honor Watch Magic 2 46mm + karp + laadija\u00a0, heas seisu- ja t\u00f6\u00f6korras! <\/p><p><br \/> Ekraan <br \/> 1,2-tolline (390 x 390) AMOLED <br \/> Korpuse materjal <br \/> roostevaba teras terasest <br \/> K\u00e4ev\u00f5ru\/rihma materjal <br \/> silikoon <br \/> Turvalisus <br \/> veekindel, p\u00f5rutuskindel <br \/> \u00dchilduvus <br \/> Android, iOS <br \/> Juhtmeta \u00fchendus <br \/> Bluetooth, GPS, GLONASS, heliv\u00e4ljund Bluetooth-seadmetele <br \/> J\u00e4relevalve <br \/> kiirendusm\u00f5\u00f5tur, kalorid, uni, vere hapnikusisaldus, f\u00fc\u00fcsiline aktiivsus <br \/> Aku mahutavus <br \/> 215 mAh <\/p>\n","protected":false},"excerpt":{"rendered":"<p>Nutikell Honor Watch Magic 2 46mm + karp + laadija\u00a0, heas seisu- ja t\u00f6\u00f6korras! Ekraan 1,2-tolline (390 x 390) AMOLED Korpuse materjal roostevaba teras terasest K\u00e4ev\u00f5ru\/rihma materjal silikoon Turvalisus veekindel, p\u00f5rutuskindel \u00dchilduvus Android, iOS Juhtmeta \u00fchendus Bluetooth, GPS, GLONASS, heliv\u00e4ljund Bluetooth-seadmetele J\u00e4relevalve kiirendusm\u00f5\u00f5tur, kalorid, uni, vere hapnikusisaldus, f\u00fc\u00fcsiline aktiivsus Aku mahutavus 215 mAh<\/p>\n","protected":false},"featured_media":23826,"comment_status":"closed","ping_status":"open","template":"","meta":{"inline_featured_image":false},"product_brand":[],"product_cat":[176],"product_tag":[],"class_list":{"0":"post-23825","1":"product","2":"type-product","3":"status-publish","4":"has-post-thumbnail","6":"product_cat-smart-chasy","7":"pa_asukoht-mustamae","8":"pa_seisukord-ispolzovano","10":"first","11":"instock","12":"taxable","13":"shipping-taxable","14":"purchasable","15":"product-type-simple"},"_links":{"self":[{"href":"https:\/\/a-pant.ee\/ru\/wp-json\/wp\/v2\/product\/23825","targetHints":{"allow":["GET"]}}],"collection":[{"href":"https:\/\/a-pant.ee\/ru\/wp-json\/wp\/v2\/product"}],"about":[{"href":"https:\/\/a-pant.ee\/ru\/wp-json\/wp\/v2\/types\/product"}],"replies":[{"embeddable":true,"href":"https:\/\/a-pant.ee\/ru\/wp-json\/wp\/v2\/comments?post=23825"}],"wp:featuredmedia":[{"embeddable":true,"href":"https:\/\/a-pant.ee\/ru\/wp-json\/wp\/v2\/media\/23826"}],"wp:attachment":[{"href":"https:\/\/a-pant.ee\/ru\/wp-json\/wp\/v2\/media?parent=23825"}],"wp:term":[{"taxonomy":"product_brand","embeddable":true,"href":"https:\/\/a-pant.ee\/ru\/wp-json\/wp\/v2\/product_brand?post=23825"},{"taxonomy":"product_cat","embeddable":true,"href":"https:\/\/a-pant.ee\/ru\/wp-json\/wp\/v2\/product_cat?post=23825"},{"taxonomy":"product_tag","embeddable":true,"href":"https:\/\/a-pant.ee\/ru\/wp-json\/wp\/v2\/product_tag?post=23825"}],"curies":[{"name":"wp","href":"https:\/\/api.w.org\/{rel}","templated":true}]}}