{"id":23819,"date":"2026-02-04T01:11:36","date_gmt":"2026-02-03T22:11:36","guid":{"rendered":"https:\/\/a-pant.ee\/product\/bluetooth-kolonka-hopestar-a6\/"},"modified":"2026-02-22T12:47:02","modified_gmt":"2026-02-22T09:47:02","slug":"bluetooth-kolonka-hopestar-a6","status":"publish","type":"product","link":"https:\/\/a-pant.ee\/ru\/product\/bluetooth-kolonka-hopestar-a6\/","title":{"rendered":"Bluetooth-\u041a\u043e\u043b\u043e\u043d\u043a\u0430 Hopestar A6"},"content":{"rendered":"\n<p> \u00a0Bluetooth-k\u00f5larid Hopestar A6\u00a0, , heas seisu- ja t\u00f6\u00f6korras! <\/p><p> Joonlaud <br \/> A <br \/> T\u00fc\u00fcp <br \/> mono <br \/> Toitumine <br \/> autonoomne, vooluv\u00f5rgust <br \/> Kontroll <br \/> surunupp <br \/> Minimaalne korratav sagedus <br \/> 100 Hz <br \/> Maksimaalne taasesituse sagedus <br \/> 20000 Hz <br \/> Korpuse materjal <br \/> ABS plastik, plastik <br \/> Juhtmeta \u00fchendus <br \/> Bluetooth <br \/> Bluetoothi \u200b\u200bversioon <br \/> 5.0 <\/p>\n","protected":false},"excerpt":{"rendered":"<p>\u00a0Bluetooth-k\u00f5larid Hopestar A6\u00a0, , heas seisu- ja t\u00f6\u00f6korras! Joonlaud A T\u00fc\u00fcp mono Toitumine autonoomne, vooluv\u00f5rgust Kontroll surunupp Minimaalne korratav sagedus 100 Hz Maksimaalne taasesituse sagedus 20000 Hz Korpuse materjal ABS plastik, plastik Juhtmeta \u00fchendus Bluetooth Bluetoothi \u200b\u200bversioon 5.0<\/p>\n","protected":false},"featured_media":23820,"comment_status":"closed","ping_status":"closed","template":"","meta":{"inline_featured_image":false},"product_brand":[],"product_cat":[167],"product_tag":[],"class_list":{"0":"post-23819","1":"product","2":"type-product","3":"status-publish","4":"has-post-thumbnail","6":"product_cat-kolonki","7":"pa_asukoht-mustamae","8":"pa_seisukord-ispolzovano","10":"first","11":"outofstock","12":"taxable","13":"shipping-taxable","14":"purchasable","15":"product-type-simple"},"_links":{"self":[{"href":"https:\/\/a-pant.ee\/ru\/wp-json\/wp\/v2\/product\/23819","targetHints":{"allow":["GET"]}}],"collection":[{"href":"https:\/\/a-pant.ee\/ru\/wp-json\/wp\/v2\/product"}],"about":[{"href":"https:\/\/a-pant.ee\/ru\/wp-json\/wp\/v2\/types\/product"}],"replies":[{"embeddable":true,"href":"https:\/\/a-pant.ee\/ru\/wp-json\/wp\/v2\/comments?post=23819"}],"wp:featuredmedia":[{"embeddable":true,"href":"https:\/\/a-pant.ee\/ru\/wp-json\/wp\/v2\/media\/23820"}],"wp:attachment":[{"href":"https:\/\/a-pant.ee\/ru\/wp-json\/wp\/v2\/media?parent=23819"}],"wp:term":[{"taxonomy":"product_brand","embeddable":true,"href":"https:\/\/a-pant.ee\/ru\/wp-json\/wp\/v2\/product_brand?post=23819"},{"taxonomy":"product_cat","embeddable":true,"href":"https:\/\/a-pant.ee\/ru\/wp-json\/wp\/v2\/product_cat?post=23819"},{"taxonomy":"product_tag","embeddable":true,"href":"https:\/\/a-pant.ee\/ru\/wp-json\/wp\/v2\/product_tag?post=23819"}],"curies":[{"name":"wp","href":"https:\/\/api.w.org\/{rel}","templated":true}]}}