{"id":23807,"date":"2026-02-04T01:11:36","date_gmt":"2026-02-03T22:11:36","guid":{"rendered":"https:\/\/a-pant.ee\/product\/noutbuk-dell-latitude-7400-zaryadka\/"},"modified":"2026-02-22T12:47:02","modified_gmt":"2026-02-22T09:47:02","slug":"noutbuk-dell-latitude-7400-zaryadka","status":"publish","type":"product","link":"https:\/\/a-pant.ee\/ru\/product\/noutbuk-dell-latitude-7400-zaryadka\/","title":{"rendered":"\u041d\u043e\u0443\u0442\u0431\u0443\u043a Dell Latitude 7400 + \u0417\u0430\u0440\u044f\u0434\u043a\u0430"},"content":{"rendered":"\n<p> S\u00fclearvuti Dell Latitude 7400 + laadija\u00a0, heas seisu- ja t\u00f6\u00f6korras! <\/p><p> KIRJELDUS <\/p><p> Protsessor: Intel (R) Core (TM) i5-8365U CPU@ 1,60GHz(8 CPUs) 1.90Ghz <\/p><p> Operatiiv m\u00e4lu: 16,0GB (16384 MB) <\/p><p> Videokaart: Microsoft Basic Display Adapter <\/p><p> K\u00f5vakettas: NVMe SSDPEKKF256G8 NV 256Gb <\/p><p> Windows: 10 Pro 64 bit <\/p><p> Ekraan 15,6 <\/p>\n","protected":false},"excerpt":{"rendered":"<p>S\u00fclearvuti Dell Latitude 7400 + laadija\u00a0, heas seisu- ja t\u00f6\u00f6korras! KIRJELDUS Protsessor: Intel (R) Core (TM) i5-8365U CPU@ 1,60GHz(8 CPUs) 1.90Ghz Operatiiv m\u00e4lu: 16,0GB (16384 MB) Videokaart: Microsoft Basic Display Adapter K\u00f5vakettas: NVMe SSDPEKKF256G8 NV 256Gb Windows: 10 Pro 64 bit Ekraan 15,6<\/p>\n","protected":false},"featured_media":23808,"comment_status":"closed","ping_status":"open","template":"","meta":{"inline_featured_image":false},"product_brand":[],"product_cat":[179],"product_tag":[],"class_list":{"0":"post-23807","1":"product","2":"type-product","3":"status-publish","4":"has-post-thumbnail","6":"product_cat-noutbuki","7":"pa_asukoht-lasnamae","8":"pa_seisukord-ispolzovano","10":"first","11":"instock","12":"taxable","13":"shipping-taxable","14":"purchasable","15":"product-type-simple"},"_links":{"self":[{"href":"https:\/\/a-pant.ee\/ru\/wp-json\/wp\/v2\/product\/23807","targetHints":{"allow":["GET"]}}],"collection":[{"href":"https:\/\/a-pant.ee\/ru\/wp-json\/wp\/v2\/product"}],"about":[{"href":"https:\/\/a-pant.ee\/ru\/wp-json\/wp\/v2\/types\/product"}],"replies":[{"embeddable":true,"href":"https:\/\/a-pant.ee\/ru\/wp-json\/wp\/v2\/comments?post=23807"}],"wp:featuredmedia":[{"embeddable":true,"href":"https:\/\/a-pant.ee\/ru\/wp-json\/wp\/v2\/media\/23808"}],"wp:attachment":[{"href":"https:\/\/a-pant.ee\/ru\/wp-json\/wp\/v2\/media?parent=23807"}],"wp:term":[{"taxonomy":"product_brand","embeddable":true,"href":"https:\/\/a-pant.ee\/ru\/wp-json\/wp\/v2\/product_brand?post=23807"},{"taxonomy":"product_cat","embeddable":true,"href":"https:\/\/a-pant.ee\/ru\/wp-json\/wp\/v2\/product_cat?post=23807"},{"taxonomy":"product_tag","embeddable":true,"href":"https:\/\/a-pant.ee\/ru\/wp-json\/wp\/v2\/product_tag?post=23807"}],"curies":[{"name":"wp","href":"https:\/\/api.w.org\/{rel}","templated":true}]}}